{"id":25996,"date":"2025-05-15T00:37:48","date_gmt":"2025-05-14T23:37:48","guid":{"rendered":"https:\/\/gopinkish.com\/?post_type=product&#038;p=25996"},"modified":"2026-04-23T20:08:07","modified_gmt":"2026-04-23T19:08:07","slug":"8714789763347","status":"publish","type":"product","link":"https:\/\/gopinkish.com\/fr\/produit\/8714789763347\/","title":{"rendered":"Spray anti-transpirant 24 heures pour peau sensible"},"content":{"rendered":"<p style=\"text-align: justify;\">Ce spray anti-transpirant aide \u00e0 garder la peau d\u00e9licate de vos aisselles fra\u00eeche et s\u00e8che pour votre confort. Test\u00e9 dermatologiquement, il \u00e9limine efficacement les odeurs tout en respectant les bact\u00e9ries naturelles de votre peau.<\/p>\n<p style=\"text-align: justify;\">Con\u00e7u pour \u00eatre doux pour les peaux sensibles, il ne contient ni alcool ni additifs agressifs. Dites adieu aux d\u00e9mangeaisons et aux irritations. Votre peau restera saine, fra\u00eeche et s\u00e8che plus longtemps.<\/p>\n<p>&#8211; \u062d\u0645\u0627\u064a\u0629 \u0644\u0627 \u0645\u062b\u064a\u0644 \u0644\u0647\u0627 \u0648\u0639\u0646\u0627\u064a\u0629 \u0641\u0627\u0626\u0642\u0629 \u0644\u0628\u0634\u0631\u062a\u0643\u0650 \u0627\u0644\u062d\u0633\u0627\u0633\u0629<\/p>\n<p>&#8211; \u064a\u0633\u062a\u0639\u064a\u062f \u062f\u0631\u062c\u0629 \u0627\u0644\u062d\u0645\u0648\u0636\u0629 \u0627\u0644\u0637\u0628\u064a\u0639\u064a\u0629 \u0644\u0644\u0628\u0634\u0631\u0629<\/p>\n<p>- Test\u00e9 par des dermatologues<\/p>\n<p>&#8211; \u064a\u062d\u0627\u0641\u0638 \u0639\u0644\u0649 \u0635\u062d\u0629 \u0627\u0644\u0628\u0634\u0631\u0629<\/p>\n<p dir=\"ltr\" style=\"text-align: center;\">Sanex spray d\u00e9odorant Dermo sensitive<\/p>","protected":false},"excerpt":{"rendered":"<p>\u064a\u0633\u0627\u0639\u062f \u0647\u0630\u0627 \u0627\u0644\u0628\u062e\u0627\u062e \u0627\u0644\u0645\u0636\u0627\u062f \u0644\u0644\u062a\u0639\u0631\u0642 \u0639\u0644\u0649 \u0627\u0644\u062d\u0641\u0627\u0638 \u0639\u0644\u0649 \u0628\u0634\u0631\u0629 \u0625\u0628\u0637\u0643\u0650 \u0627\u0644\u0631\u0642\u064a\u0642\u0629 \u0645\u0646\u062a\u0639\u0634\u0629 \u0648\u062c\u0627\u0641\u0629 \u0644\u0631\u0627\u062d\u062a\u0643\u0650. \u062e\u0636\u0639 \u0644\u0627\u062e\u062a\u0628\u0627\u0631\u0627\u062a \u062c\u0644\u062f\u064a\u0629\u060c \u0648\u0647\u0648 \u064a\u0632\u064a\u0644 \u0627\u0644\u0631\u0648\u0627\u0626\u062d \u0628\u0641\u0639\u0627\u0644\u064a\u0629 \u0645\u0639 \u0645\u0631\u0627\u0639\u0627\u0629 \u0627\u0644\u0628\u0643\u062a\u064a\u0631\u064a\u0627 \u0627\u0644\u0637\u0628\u064a\u0639\u064a\u0629 \u0644\u0628\u0634\u0631\u062a\u0643\u0650. \u0635\u064f\u0645\u0645 \u0644\u064a\u0643\u0648\u0646 \u0644\u0637\u064a\u0641\u064b\u0627 \u0639\u0644\u0649 \u0627\u0644\u0628\u0634\u0631\u0629 \u0627\u0644\u062d\u0633\u0627\u0633\u0629\u060c \u0648\u0644\u0627 \u064a\u062d\u062a\u0648\u064a \u0639\u0644\u0649 \u0643\u062d\u0648\u0644 \u0623\u0648 \u0625\u0636\u0627\u0641\u0627\u062a \u0642\u0627\u0633\u064a\u0629. \u0648\u062f\u0627\u0639\u064b\u0627 \u0644\u0644\u062d\u0643\u0629 \u0648\u0627\u0644\u062a\u0647\u064a\u062c. \u0633\u062a\u0628\u0642\u0649 \u0628\u0634\u0631\u062a\u0643\u0650 \u0635\u062d\u064a\u0629\u060c \u0645\u0639 \u0634\u0639\u0648\u0631 \u0628\u0627\u0644\u0627\u0646\u062a\u0639\u0627\u0634 \u0648\u0627\u0644\u062c\u0641\u0627\u0641 \u0644\u0641\u062a\u0631\u0629 \u0623\u0637\u0648\u0644. &#8211; \u062d\u0645\u0627\u064a\u0629 \u0644\u0627 \u0645\u062b\u064a\u0644 [&hellip;]<\/p>\n","protected":false},"featured_media":25999,"template":"","meta":[],"pwb-brand":[1432],"product_brand":[],"product_cat":[1228],"product_tag":[686],"class_list":{"0":"post-25996","1":"product","2":"type-product","3":"status-publish","4":"has-post-thumbnail","6":"pwb-brand-sanex","7":"product_cat-deodorants","8":"product_tag-deodorant","10":"first","11":"instock","12":"shipping-taxable","13":"purchasable","14":"product-type-variable","15":"has-default-attributes","16":"wvs-archive-product-wrapper"},"brands":[{"id":1432,"name":"Sanex","slug":"sanex"}],"_links":{"self":[{"href":"https:\/\/gopinkish.com\/fr\/wp-json\/wp\/v2\/product\/25996","targetHints":{"allow":["GET"]}}],"collection":[{"href":"https:\/\/gopinkish.com\/fr\/wp-json\/wp\/v2\/product"}],"about":[{"href":"https:\/\/gopinkish.com\/fr\/wp-json\/wp\/v2\/types\/product"}],"wp:featuredmedia":[{"embeddable":true,"href":"https:\/\/gopinkish.com\/fr\/wp-json\/wp\/v2\/media\/25999"}],"wp:attachment":[{"href":"https:\/\/gopinkish.com\/fr\/wp-json\/wp\/v2\/media?parent=25996"}],"wp:term":[{"taxonomy":"pwb-brand","embeddable":true,"href":"https:\/\/gopinkish.com\/fr\/wp-json\/wp\/v2\/pwb-brand?post=25996"},{"taxonomy":"product_brand","embeddable":true,"href":"https:\/\/gopinkish.com\/fr\/wp-json\/wp\/v2\/product_brand?post=25996"},{"taxonomy":"product_cat","embeddable":true,"href":"https:\/\/gopinkish.com\/fr\/wp-json\/wp\/v2\/product_cat?post=25996"},{"taxonomy":"product_tag","embeddable":true,"href":"https:\/\/gopinkish.com\/fr\/wp-json\/wp\/v2\/product_tag?post=25996"}],"curies":[{"name":"wp","href":"https:\/\/api.w.org\/{rel}","templated":true}]}}