{"id":25982,"date":"2025-05-14T22:57:02","date_gmt":"2025-05-14T21:57:02","guid":{"rendered":"https:\/\/gopinkish.com\/?post_type=product&#038;p=25982"},"modified":"2025-12-23T15:56:14","modified_gmt":"2025-12-23T14:56:14","slug":"3337875794114","status":"publish","type":"product","link":"https:\/\/gopinkish.com\/fr\/produit\/3337875794114\/","title":{"rendered":"Cr\u00e8me BB hydratante et raffermissante \u00e0 l'acide hyaluronique + SPF15"},"content":{"rendered":"<p style=\"text-align: justify;\"><!--StartFragment --><\/p>\n<p style=\"text-align: justify;\">Cr\u00e8me <strong>La Roche-Posay Hydraphase HA BB Cr\u00e8me SPF15<\/strong> Elle allie soin et hydratation en profondeur \u00e0 une touche unifiante naturelle. Enrichi en <strong>Acide hyaluronique pur<\/strong> (extrait de la biotechnologie verte) hydrate la peau en profondeur, m\u00eame en cas d'irritation. <strong>48 heures<\/strong>tout en lui redonnant de l'ampleur et en lui donnant une apparence plus lisse et plus vivante.<\/p>\n<p style=\"text-align: justify;\">Il contient <strong>Eau thermale de La Roche-Posay<\/strong> Connue pour ses propri\u00e9t\u00e9s calmantes et antioxydantes, elle aide \u00e0 apaiser et \u00e0 prot\u00e9ger les peaux sensibles des agressions ext\u00e9rieures. Il comprend \u00e9galement <strong>Pigments min\u00e9raux naturels<\/strong> Se fond dans la peau pour unifier le teint et lui donner un \u00e9clat naturel et sain. Gr\u00e2ce \u00e0 son facteur de protection <strong>SPF15<\/strong>Elle offre une protection quotidienne contre les rayons nocifs du soleil, ce qui la rend id\u00e9ale pour une utilisation quotidienne en tant que cr\u00e8me de soin ou comme base de maquillage l\u00e9g\u00e8re.<\/p>\n<p style=\"text-align: justify;\"><strong>Principales caract\u00e9ristiques et avantages :<\/strong><br \/>\n- Hydrate intens\u00e9ment jusqu'\u00e0 48 heures gr\u00e2ce \u00e0 l'acide hyaluronique.<br \/>\n- Il unifie le teint et donne un \u00e9clat naturel.<br \/>\n- Enrichi en eau thermale apaisante de La Roche-Posay.<br \/>\n- Contient des pigments min\u00e9raux qui s'adaptent \u00e0 la couleur de la peau.<br \/>\n- Offre une protection solaire SPF15.<br \/>\n- Une formule l\u00e9g\u00e8re et non grasse, id\u00e9ale pour les peaux sensibles.<br \/>\n- Elle peut \u00eatre utilis\u00e9e comme cr\u00e8me de soin quotidienne ou comme base de maquillage l\u00e9g\u00e8re.<br \/>\n- Donne \u00e0 la peau un aspect rebondi et sain.<\/p>\n<p dir=\"ltr\" style=\"text-align: justify;\">\ud83c\uddec\ud83c\udde7 La Roche-Posay Hydraphase HA BB Cream SPF15<br \/>\n\ud83c\uddeb\ud83c\uddf7 La Roche-Posay Hydraphase HA BB Cr\u00e8me SPF15<\/p>\n<p style=\"text-align: justify;\"><!--EndFragment --><\/p>","protected":false},"excerpt":{"rendered":"<p><span style=\"color: #ff0000;\"><strong>Date d'expiration : Janvier 2026<\/strong><\/span><\/p>","protected":false},"featured_media":25983,"template":"","meta":[],"pwb-brand":[225],"product_brand":[],"product_cat":[1231,1225],"product_tag":[696,697,680],"class_list":{"0":"post-25982","1":"product","2":"type-product","3":"status-publish","4":"has-post-thumbnail","6":"pwb-brand-la-roche-posay","7":"product_cat-daily-face-care","8":"product_cat-sale","9":"product_tag-dryskin","10":"product_tag-moisturizing","11":"product_tag-dryness","13":"first","14":"outofstock","15":"shipping-taxable","16":"product-type-variable","17":"has-default-attributes","18":"wvs-archive-product-wrapper"},"brands":[{"id":225,"name":"La Roche Posay","slug":"la-roche-posay"}],"_links":{"self":[{"href":"https:\/\/gopinkish.com\/fr\/wp-json\/wp\/v2\/product\/25982","targetHints":{"allow":["GET"]}}],"collection":[{"href":"https:\/\/gopinkish.com\/fr\/wp-json\/wp\/v2\/product"}],"about":[{"href":"https:\/\/gopinkish.com\/fr\/wp-json\/wp\/v2\/types\/product"}],"wp:featuredmedia":[{"embeddable":true,"href":"https:\/\/gopinkish.com\/fr\/wp-json\/wp\/v2\/media\/25983"}],"wp:attachment":[{"href":"https:\/\/gopinkish.com\/fr\/wp-json\/wp\/v2\/media?parent=25982"}],"wp:term":[{"taxonomy":"pwb-brand","embeddable":true,"href":"https:\/\/gopinkish.com\/fr\/wp-json\/wp\/v2\/pwb-brand?post=25982"},{"taxonomy":"product_brand","embeddable":true,"href":"https:\/\/gopinkish.com\/fr\/wp-json\/wp\/v2\/product_brand?post=25982"},{"taxonomy":"product_cat","embeddable":true,"href":"https:\/\/gopinkish.com\/fr\/wp-json\/wp\/v2\/product_cat?post=25982"},{"taxonomy":"product_tag","embeddable":true,"href":"https:\/\/gopinkish.com\/fr\/wp-json\/wp\/v2\/product_tag?post=25982"}],"curies":[{"name":"wp","href":"https:\/\/api.w.org\/{rel}","templated":true}]}}