{"id":25959,"date":"2025-05-13T22:32:22","date_gmt":"2025-05-13T21:32:22","guid":{"rendered":"https:\/\/gopinkish.com\/?post_type=product&#038;p=25959"},"modified":"2026-01-14T22:36:20","modified_gmt":"2026-01-14T21:36:20","slug":"4005800180880","status":"publish","type":"product","link":"https:\/\/gopinkish.com\/fr\/produit\/4005800180880\/","title":{"rendered":"Cr\u00e8me pour matifier et att\u00e9nuer les imperfections des peaux \u00e0 tendance acn\u00e9ique"},"content":{"rendered":"<p style=\"text-align: justify;\">R\u00e9duit la brillance de 8 heures, les taches et apaise les irritations. Pour les peaux sujettes aux taches, \u00e0 l'acn\u00e9 et \u00e0 l'exc\u00e8s de s\u00e9bum.<\/p>\n<p dir=\"ltr\" style=\"text-align: center;\">EUCERIN DermoPure Fluide matifiant<\/p>","protected":false},"excerpt":{"rendered":"<p>\u064a\u0642\u0644\u0644 \u0645\u0646 \u0627\u0644\u0644\u0645\u0639\u0627\u0646 \u0644\u0645\u062f\u0629 8 \u0633\u0627\u0639\u0627\u062a \u0648\u0627\u0644\u0628\u0642\u0639 \u0648\u064a\u0647\u062f\u0626 \u0627\u0644\u062a\u0647\u064a\u062c. \u0644\u0644\u0628\u0634\u0631\u0629 \u0627\u0644\u0645\u0639\u0631\u0636\u0629 \u0644\u0644\u0628\u0642\u0639 \u0648 \u062d\u0628 \u0627\u0644\u0634\u0628\u0627\u0628 \u0648 \u0627\u0644\u062f\u0647\u0648\u0646 \u0627\u0644\u0632\u0627\u0626\u062f\u0629. EUCERIN DermoPure Fluide matifiant<\/p>","protected":false},"featured_media":25961,"template":"","meta":[],"pwb-brand":[439],"product_brand":[],"product_cat":[1231],"product_tag":[689,683],"class_list":{"0":"post-25959","1":"product","2":"type-product","3":"status-publish","4":"has-post-thumbnail","6":"pwb-brand-eucerin","7":"product_cat-daily-face-care","8":"product_tag-oily","9":"product_tag-acne","11":"first","12":"instock","13":"shipping-taxable","14":"purchasable","15":"product-type-variable","16":"has-default-attributes","17":"wvs-archive-product-wrapper"},"brands":[{"id":439,"name":"Eucerin","slug":"eucerin"}],"_links":{"self":[{"href":"https:\/\/gopinkish.com\/fr\/wp-json\/wp\/v2\/product\/25959","targetHints":{"allow":["GET"]}}],"collection":[{"href":"https:\/\/gopinkish.com\/fr\/wp-json\/wp\/v2\/product"}],"about":[{"href":"https:\/\/gopinkish.com\/fr\/wp-json\/wp\/v2\/types\/product"}],"wp:featuredmedia":[{"embeddable":true,"href":"https:\/\/gopinkish.com\/fr\/wp-json\/wp\/v2\/media\/25961"}],"wp:attachment":[{"href":"https:\/\/gopinkish.com\/fr\/wp-json\/wp\/v2\/media?parent=25959"}],"wp:term":[{"taxonomy":"pwb-brand","embeddable":true,"href":"https:\/\/gopinkish.com\/fr\/wp-json\/wp\/v2\/pwb-brand?post=25959"},{"taxonomy":"product_brand","embeddable":true,"href":"https:\/\/gopinkish.com\/fr\/wp-json\/wp\/v2\/product_brand?post=25959"},{"taxonomy":"product_cat","embeddable":true,"href":"https:\/\/gopinkish.com\/fr\/wp-json\/wp\/v2\/product_cat?post=25959"},{"taxonomy":"product_tag","embeddable":true,"href":"https:\/\/gopinkish.com\/fr\/wp-json\/wp\/v2\/product_tag?post=25959"}],"curies":[{"name":"wp","href":"https:\/\/api.w.org\/{rel}","templated":true}]}}