{"id":25934,"date":"2025-05-13T21:13:02","date_gmt":"2025-05-13T20:13:02","guid":{"rendered":"https:\/\/gopinkish.com\/?post_type=product&#038;p=25934"},"modified":"2026-05-06T00:30:49","modified_gmt":"2026-05-05T23:30:49","slug":"3661434009648","status":"publish","type":"product","link":"https:\/\/gopinkish.com\/fr\/produit\/3661434009648\/","title":{"rendered":"Un traitement anti-imperfections complet (boutons, points noirs, brillance, pores et rougeurs)"},"content":{"rendered":"<p style=\"text-align: justify;\">Avec 4 brevets dermatologiques et ses actifs reconnus, les AHA, le zinc et l'acide salicylique, Hys\u00e9ac 3-regul+ est un soin complet qui r\u00e9\u00e9quilibre le microbiome de l'acn\u00e9 et corrige tous les types d'imperfections des peaux \u00e0 tendance acn\u00e9ique : Taches, points noirs, brillance, pores, rougeurs et marques.<\/p>\n<p style=\"text-align: justify;\">Il agit en 4 heures seulement, minimisant l'apparence des imperfections persistantes et r\u00e9currentes. Ce traitement non com\u00e9dog\u00e8ne, test\u00e9 dermatologiquement, peut \u00eatre utilis\u00e9 matin et\/ou soir, en \u00e9vitant le contact avec les yeux, et doit \u00eatre utilis\u00e9 avec un \u00e9cran solaire en cas d'exposition au soleil.<\/p>\n<p dir=\"ltr\" style=\"text-align: center;\">URIAGE Soin Hys\u00e9ac 3-Regul+ Anti-Imperfections<\/p>","protected":false},"excerpt":{"rendered":"<p><span style=\"color: #ff0000;\"><strong>Date de p\u00e9remption du produit : octobre 2026<\/strong><\/span><\/p>","protected":false},"featured_media":25941,"template":"","meta":[],"pwb-brand":[256],"product_brand":[],"product_cat":[1231,1225],"product_tag":[1050,698,673,675,683],"class_list":{"0":"post-25934","1":"product","2":"type-product","3":"status-publish","4":"has-post-thumbnail","6":"pwb-brand-uriage","7":"product_cat-daily-face-care","8":"product_cat-sale","9":"product_tag-1050","10":"product_tag-blackheads","11":"product_tag-pores","12":"product_tag-spots","13":"product_tag-acne","15":"first","16":"outofstock","17":"shipping-taxable","18":"product-type-variable","19":"has-default-attributes","20":"wvs-archive-product-wrapper"},"brands":[{"id":256,"name":"Uriage","slug":"uriage"}],"_links":{"self":[{"href":"https:\/\/gopinkish.com\/fr\/wp-json\/wp\/v2\/product\/25934","targetHints":{"allow":["GET"]}}],"collection":[{"href":"https:\/\/gopinkish.com\/fr\/wp-json\/wp\/v2\/product"}],"about":[{"href":"https:\/\/gopinkish.com\/fr\/wp-json\/wp\/v2\/types\/product"}],"wp:featuredmedia":[{"embeddable":true,"href":"https:\/\/gopinkish.com\/fr\/wp-json\/wp\/v2\/media\/25941"}],"wp:attachment":[{"href":"https:\/\/gopinkish.com\/fr\/wp-json\/wp\/v2\/media?parent=25934"}],"wp:term":[{"taxonomy":"pwb-brand","embeddable":true,"href":"https:\/\/gopinkish.com\/fr\/wp-json\/wp\/v2\/pwb-brand?post=25934"},{"taxonomy":"product_brand","embeddable":true,"href":"https:\/\/gopinkish.com\/fr\/wp-json\/wp\/v2\/product_brand?post=25934"},{"taxonomy":"product_cat","embeddable":true,"href":"https:\/\/gopinkish.com\/fr\/wp-json\/wp\/v2\/product_cat?post=25934"},{"taxonomy":"product_tag","embeddable":true,"href":"https:\/\/gopinkish.com\/fr\/wp-json\/wp\/v2\/product_tag?post=25934"}],"curies":[{"name":"wp","href":"https:\/\/api.w.org\/{rel}","templated":true}]}}