{"id":25894,"date":"2025-05-13T02:58:19","date_gmt":"2025-05-13T01:58:19","guid":{"rendered":"https:\/\/gopinkish.com\/?post_type=product&#038;p=25894"},"modified":"2025-11-25T23:56:22","modified_gmt":"2025-11-25T22:56:22","slug":"03378872125587","status":"publish","type":"product","link":"https:\/\/gopinkish.com\/fr\/produit\/03378872125587\/","title":{"rendered":"Rouge \u00e0 l\u00e8vres liquide cr\u00e9meux"},"content":{"rendered":"<p style=\"text-align: justify;\">\u00a0Le rouge \u00e0 l\u00e8vres liquide embl\u00e9matique a \u00e9t\u00e9 r\u00e9invent\u00e9 ! La formule ultra-brillante, riche en couleurs et r\u00e9sistante aux taches est d\u00e9sormais disponible en version v\u00e9g\u00e9talienne et dure dix heures.<\/p>\n<p style=\"text-align: justify;\">- Type de produit : Rouge \u00e0 l\u00e8vres r\u00e9sistant aux taches.<br \/>\n- La touche finale : Mat.<br \/>\n- Caract\u00e9ristiques : Couvrance \u00e9lev\u00e9e, mat intense, longue dur\u00e9e, r\u00e9sistant aux taches.<br \/>\n- Ingr\u00e9dients actifs : Huile d'avocat.<\/p>\n<p style=\"text-align: justify;\">Un rouge \u00e0 l\u00e8vres mat qui enveloppe les l\u00e8vres d'une couche ultra-fine, ultra-mate et riche en couleurs. Le r\u00e9sultat maquillage qui fait son succ\u00e8s depuis plus de dix ans reste le m\u00eame. Une combinaison sp\u00e9ciale : La puissance d'un fini mat, une pigmentation intense et l'efficacit\u00e9 d'une formule anti-taches. Rien ne change !<\/p>\n<p style=\"text-align: justify;\">Formul\u00e9e \u00e0 base d'huile d'avocat, sa texture cr\u00e9meuse se transforme en un film velout\u00e9 et confortable, ne laissant aucune sensation de dess\u00e8chement sur les l\u00e8vres.<\/p>\n<p dir=\"ltr\" style=\"text-align: center;\">SEPHORA Cr\u00e8me \u00e0 l\u00e8vres Satin<\/p>","protected":false},"excerpt":{"rendered":"<p>\u00a0\u0623\u062d\u0645\u0631 \u0627\u0644\u0634\u0641\u0627\u0647 \u0627\u0644\u0633\u0627\u0626\u0644 \u0627\u0644\u0634\u0647\u064a\u0631 \u0623\u0639\u064a\u062f \u0627\u0628\u062a\u0643\u0627\u0631\u0647! \u064a\u062a\u0645\u064a\u0632 \u0628\u062a\u0631\u0643\u064a\u0628\u0629 \u0641\u0627\u0626\u0642\u0629 \u0627\u0644\u0644\u0645\u0639\u0627\u0646\u060c \u063a\u0646\u064a\u0629 \u0628\u0627\u0644\u0623\u0644\u0648\u0627\u0646\u060c \u0648\u0645\u0642\u0627\u0648\u0645\u0629 \u0644\u0644\u0628\u0642\u0639\u060c \u0648\u0647\u0648 \u0645\u062a\u0648\u0641\u0631 \u0627\u0644\u0622\u0646 \u0628\u062a\u0631\u0643\u064a\u0628\u0629 \u0646\u0628\u0627\u062a\u064a\u0629 \u0648\u064a\u062f\u0648\u0645 \u0644\u0639\u0634\u0631 \u0633\u0627\u0639\u0627\u062a. &#8211; \u0646\u0648\u0639 \u0627\u0644\u0645\u0646\u062a\u062c: \u0623\u062d\u0645\u0631 \u0634\u0641\u0627\u0647 \u0645\u0642\u0627\u0648\u0645 \u0644\u0644\u0628\u0642\u0639. &#8211; \u0627\u0644\u0644\u0645\u0633\u0629 \u0627\u0644\u0646\u0647\u0627\u0626\u064a\u0629: \u0645\u0637\u0641\u064a. &#8211; \u0627\u0644\u0645\u0632\u0627\u064a\u0627: \u062a\u063a\u0637\u064a\u0629 \u0639\u0627\u0644\u064a\u0629\u060c \u0645\u0637\u0641\u064a \u0645\u0643\u062b\u0641\u060c \u064a\u062f\u0648\u0645 \u0637\u0648\u064a\u0644\u064b\u0627\u060c \u0648\u0645\u0642\u0627\u0648\u0645\u0629 \u0644\u0644\u0628\u0642\u0639. &#8211; \u0627\u0644\u0645\u0643\u0648\u0646\u0627\u062a \u0627\u0644\u0641\u0639\u0627\u0644\u0629: \u0632\u064a\u062a \u0627\u0644\u0623\u0641\u0648\u0643\u0627\u062f\u0648. \u0623\u062d\u0645\u0631 \u0634\u0641\u0627\u0647 \u0645\u0637\u0641\u064a \u064a\u063a\u0644\u0641 \u0627\u0644\u0634\u0641\u0627\u0647 \u0628\u0637\u0628\u0642\u0629 \u0631\u0642\u064a\u0642\u0629 [&hellip;]<\/p>\n","protected":false},"featured_media":25895,"template":"","meta":[],"pwb-brand":[221],"product_brand":[],"product_cat":[1181],"product_tag":[],"class_list":{"0":"post-25894","1":"product","2":"type-product","3":"status-publish","4":"has-post-thumbnail","6":"pwb-brand-sephora","7":"product_cat-liquid-lipstick-makeup","9":"first","10":"instock","11":"shipping-taxable","12":"purchasable","13":"product-type-variable","14":"has-default-attributes","15":"wvs-archive-product-wrapper"},"brands":[{"id":221,"name":"Sephora","slug":"sephora"}],"_links":{"self":[{"href":"https:\/\/gopinkish.com\/fr\/wp-json\/wp\/v2\/product\/25894","targetHints":{"allow":["GET"]}}],"collection":[{"href":"https:\/\/gopinkish.com\/fr\/wp-json\/wp\/v2\/product"}],"about":[{"href":"https:\/\/gopinkish.com\/fr\/wp-json\/wp\/v2\/types\/product"}],"wp:featuredmedia":[{"embeddable":true,"href":"https:\/\/gopinkish.com\/fr\/wp-json\/wp\/v2\/media\/25895"}],"wp:attachment":[{"href":"https:\/\/gopinkish.com\/fr\/wp-json\/wp\/v2\/media?parent=25894"}],"wp:term":[{"taxonomy":"pwb-brand","embeddable":true,"href":"https:\/\/gopinkish.com\/fr\/wp-json\/wp\/v2\/pwb-brand?post=25894"},{"taxonomy":"product_brand","embeddable":true,"href":"https:\/\/gopinkish.com\/fr\/wp-json\/wp\/v2\/product_brand?post=25894"},{"taxonomy":"product_cat","embeddable":true,"href":"https:\/\/gopinkish.com\/fr\/wp-json\/wp\/v2\/product_cat?post=25894"},{"taxonomy":"product_tag","embeddable":true,"href":"https:\/\/gopinkish.com\/fr\/wp-json\/wp\/v2\/product_tag?post=25894"}],"curies":[{"name":"wp","href":"https:\/\/api.w.org\/{rel}","templated":true}]}}