{"id":25871,"date":"2025-05-12T22:38:56","date_gmt":"2025-05-12T21:38:56","guid":{"rendered":"https:\/\/gopinkish.com\/?post_type=product&#038;p=25871"},"modified":"2026-03-01T14:22:59","modified_gmt":"2026-03-01T13:22:59","slug":"3600542513265","status":"publish","type":"product","link":"https:\/\/gopinkish.com\/fr\/produit\/3600542513265\/","title":{"rendered":"S\u00e9rum anti-imperfections et anti-boutons"},"content":{"rendered":"<p style=\"text-align: justify;\">D\u00e9couvrez le nouveau s\u00e9rum anti-taches, concentr\u00e9 de niacinamide 4%, d'acides alpha-hydroxy et b\u00eata-hydroxy, qui att\u00e9nue les taches et les imperfections, pour une peau plus lisse et plus uniforme.<\/p>\n<p style=\"text-align: justify;\">Cliniquement prouv\u00e9 : -44% des imperfections et -41% des cicatrices r\u00e9siduelles d'acn\u00e9 (test clinique, 37 volontaires, application deux fois par jour pendant 21 jours). Formule test\u00e9e dermatologiquement, adapt\u00e9e aux peaux sensibles. Absorption rapide et l\u00e9g\u00e8re, ne laisse pas de traces noires visibles, ne colle pas. Une peau plus lisse et plus uniforme !<\/p>\n<p dir=\"ltr\" style=\"text-align: center;\">\ud83c\uddec\ud83c\udde7 Garnier PureActive Charcoal Anti-Imperfections Serum<br \/>\n\ud83c\uddeb\ud83c\uddf7 Garnier PureActive Charbon S\u00e9rum Anti-Imperfections<\/p>\n<p>&nbsp;<\/p>","protected":false},"excerpt":{"rendered":"<p>\u0627\u0643\u062a\u0634\u0641\u064a \u0627\u0644\u0633\u064a\u0631\u0648\u0645 \u0627\u0644\u062c\u062f\u064a\u062f \u0627\u0644\u0645\u0636\u0627\u062f \u0644\u0644\u0628\u0642\u0639\u060c \u0627\u0644\u0645\u064f\u0631\u0643\u0651\u0632 \u0628\u0646\u0633\u0628\u0629 4% \u0645\u0646 \u0627\u0644\u0646\u064a\u0627\u0633\u064a\u0646\u0627\u0645\u064a\u062f\u060c \u0648\u0623\u062d\u0645\u0627\u0636 \u0623\u0644\u0641\u0627 \u0647\u064a\u062f\u0631\u0648\u0643\u0633\u064a\u060c \u0648\u0628\u064a\u062a\u0627 \u0647\u064a\u062f\u0631\u0648\u0643\u0633\u064a\u060c \u0627\u0644\u0630\u064a \u064a\u064f\u0642\u0644\u0644 \u0645\u0646 \u0627\u0644\u0628\u0642\u0639 \u0648\u0627\u0644\u0634\u0648\u0627\u0626\u0628\u060c \u0644\u0628\u0634\u0631\u0629 \u0623\u0643\u062b\u0631 \u0646\u0639\u0648\u0645\u0629\u064b \u0648\u062a\u062c\u0627\u0646\u0633\u064b\u0627. \u0645\u064f\u062b\u0628\u064e\u062a \u0633\u0631\u064a\u0631\u064a\u064b\u0627: -44% \u0645\u0646 \u0627\u0644\u0634\u0648\u0627\u0626\u0628 \u0648-41% \u0645\u0646 \u0622\u062b\u0627\u0631 \u062d\u0628 \u0627\u0644\u0634\u0628\u0627\u0628 \u0627\u0644\u0645\u062a\u0628\u0642\u064a\u0629 (\u0627\u062e\u062a\u0628\u0627\u0631 \u0633\u0631\u064a\u0631\u064a\u060c 37 \u0645\u062a\u0637\u0648\u0639\u064b\u0627\u060c \u0637\u064f\u0628\u0651\u0642 \u0645\u0631\u062a\u064a\u0646 \u064a\u0648\u0645\u064a\u064b\u0627 \u0644\u0645\u062f\u0629 21 \u064a\u0648\u0645\u064b\u0627). \u062a\u0631\u0643\u064a\u0628\u0629 \u0645\u064f\u062e\u062a\u064e\u0628\u064e\u0631\u0629 \u0645\u0646 \u0642\u0650\u0628\u064e\u0644 \u0623\u0637\u0628\u0627\u0621 \u0627\u0644\u062c\u0644\u062f\u064a\u0629\u060c \u0645\u064f\u0646\u0627\u0633\u0628\u0629 \u0644\u0644\u0628\u0634\u0631\u0629 \u0627\u0644\u062d\u0633\u0627\u0633\u0629. \u0627\u0645\u062a\u0635\u0627\u0635 [&hellip;]<\/p>\n","protected":false},"featured_media":25872,"template":"","meta":[],"pwb-brand":[218],"product_brand":[],"product_cat":[1231,1123],"product_tag":[675,674],"class_list":{"0":"post-25871","1":"product","2":"type-product","3":"status-publish","4":"has-post-thumbnail","6":"pwb-brand-garnier","7":"product_cat-daily-face-care","8":"product_cat-face-bright","9":"product_tag-spots","10":"product_tag-scars","12":"first","13":"instock","14":"shipping-taxable","15":"purchasable","16":"product-type-variable","17":"has-default-attributes","18":"wvs-archive-product-wrapper"},"brands":[{"id":218,"name":"Garnier","slug":"garnier"}],"_links":{"self":[{"href":"https:\/\/gopinkish.com\/fr\/wp-json\/wp\/v2\/product\/25871","targetHints":{"allow":["GET"]}}],"collection":[{"href":"https:\/\/gopinkish.com\/fr\/wp-json\/wp\/v2\/product"}],"about":[{"href":"https:\/\/gopinkish.com\/fr\/wp-json\/wp\/v2\/types\/product"}],"wp:featuredmedia":[{"embeddable":true,"href":"https:\/\/gopinkish.com\/fr\/wp-json\/wp\/v2\/media\/25872"}],"wp:attachment":[{"href":"https:\/\/gopinkish.com\/fr\/wp-json\/wp\/v2\/media?parent=25871"}],"wp:term":[{"taxonomy":"pwb-brand","embeddable":true,"href":"https:\/\/gopinkish.com\/fr\/wp-json\/wp\/v2\/pwb-brand?post=25871"},{"taxonomy":"product_brand","embeddable":true,"href":"https:\/\/gopinkish.com\/fr\/wp-json\/wp\/v2\/product_brand?post=25871"},{"taxonomy":"product_cat","embeddable":true,"href":"https:\/\/gopinkish.com\/fr\/wp-json\/wp\/v2\/product_cat?post=25871"},{"taxonomy":"product_tag","embeddable":true,"href":"https:\/\/gopinkish.com\/fr\/wp-json\/wp\/v2\/product_tag?post=25871"}],"curies":[{"name":"wp","href":"https:\/\/api.w.org\/{rel}","templated":true}]}}