{"id":25867,"date":"2025-05-12T22:32:28","date_gmt":"2025-05-12T21:32:28","guid":{"rendered":"https:\/\/gopinkish.com\/?post_type=product&#038;p=25867"},"modified":"2025-06-30T12:02:26","modified_gmt":"2025-06-30T11:02:26","slug":"4006000043203","status":"publish","type":"product","link":"https:\/\/gopinkish.com\/fr\/produit\/4006000043203\/","title":{"rendered":"S\u00e9rum anti-\u00e2ge et anti-rides \u00e0 l'extrait de soja"},"content":{"rendered":"<p style=\"text-align: justify;\">NIVEA Vital Soja Anti-Aging Serum est un produit de soin avanc\u00e9, sp\u00e9cialement con\u00e7u pour combattre les signes du vieillissement. Ce s\u00e9rum offre une solution efficace et durable pour une apparence jeune.<\/p>\n<p style=\"text-align: justify;\">Ce s\u00e9rum est puissamment formul\u00e9 avec de l'extrait de soja, connu pour ses propri\u00e9t\u00e9s anti-\u00e2ge. Il aide \u00e0 raffermir et \u00e0 hydrater la peau, r\u00e9duisant ainsi les rides et ridules. En outre, il stimule la production de collag\u00e8ne naturel dans la peau, la rendant plus ferme et plus \u00e9lastique.<\/p>\n<p style=\"text-align: justify;\">Nivea Vital Soja Anti-Aging Serum convient \u00e0 tous les types de peau et peut \u00eatre utilis\u00e9 quotidiennement. Sa texture l\u00e9g\u00e8re et non grasse est facile \u00e0 absorber. Apr\u00e8s utilisation, votre peau est instantan\u00e9ment douce et lisse.<\/p>\n<p style=\"text-align: justify;\">Vous pouvez utiliser ce s\u00e9rum dans le cadre de votre routine quotidienne de soins de la peau. Appliquer sur un visage nettoy\u00e9 et masser d\u00e9licatement en effectuant des mouvements ascendants. Utilisez le s\u00e9rum seul ou en combinaison avec votre cr\u00e8me de jour ou de nuit pr\u00e9f\u00e9r\u00e9e pour de meilleurs r\u00e9sultats.<\/p>\n<p style=\"text-align: justify;\">Avec le s\u00e9rum anti-\u00e2ge NIVEA Vital Soja, profitez d'un teint jeune et radieux. Il minimise visiblement les signes de l'\u00e2ge, laissant votre peau saine et soign\u00e9e. Ajoutez ce s\u00e9rum \u00e0 votre routine quotidienne de soins de la peau et profitez d'une peau d'apparence plus jeune.<\/p>","protected":false},"excerpt":{"rendered":"<p>\u0633\u064a\u0631\u0648\u0645 \u0646\u064a\u0641\u064a\u0627 \u0641\u064a\u062a\u0627\u0644 \u0633\u0648\u062c\u0627 \u0627\u0644\u0645\u0636\u0627\u062f \u0644\u0644\u0634\u064a\u062e\u0648\u062e\u0629 \u0647\u0648 \u0645\u0646\u062a\u062c \u0645\u062a\u0637\u0648\u0631 \u0644\u0644\u0639\u0646\u0627\u064a\u0629 \u0628\u0627\u0644\u0628\u0634\u0631\u0629\u060c \u0645\u064f\u0635\u0645\u0645 \u062e\u0635\u064a\u0635\u064b\u0627 \u0644\u0645\u0643\u0627\u0641\u062d\u0629 \u0639\u0644\u0627\u0645\u0627\u062a \u0627\u0644\u062a\u0642\u062f\u0645 \u0641\u064a \u0627\u0644\u0633\u0646. \u064a\u064f\u0642\u062f\u0645 \u0647\u0630\u0627 \u0627\u0644\u0633\u064a\u0631\u0648\u0645 \u062d\u0644\u0627\u064b \u0641\u0639\u0627\u0644\u0627\u064b \u0648\u0637\u0648\u064a\u0644 \u0627\u0644\u0623\u0645\u062f \u0644\u0645\u0638\u0647\u0631 \u0634\u0628\u0627\u0628\u064a. \u064a\u062d\u062a\u0648\u064a \u0647\u0630\u0627 \u0627\u0644\u0633\u064a\u0631\u0648\u0645 \u0639\u0644\u0649 \u062a\u0631\u0643\u064a\u0628\u0629 \u0642\u0648\u064a\u0629 \u0645\u0639 \u062e\u0644\u0627\u0635\u0629 \u0627\u0644\u0635\u0648\u064a\u0627\u060c \u0627\u0644\u0645\u0639\u0631\u0648\u0641\u0629 \u0628\u062e\u0635\u0627\u0626\u0635\u0647\u0627 \u0627\u0644\u0645\u0636\u0627\u062f\u0629 \u0644\u0644\u0634\u064a\u062e\u0648\u062e\u0629. \u064a\u0633\u0627\u0639\u062f \u0639\u0644\u0649 \u0634\u062f \u0627\u0644\u0628\u0634\u0631\u0629 \u0648\u062a\u0631\u0637\u064a\u0628\u0647\u0627\u060c \u0648\u062a\u0642\u0644\u064a\u0644 \u0627\u0644\u062e\u0637\u0648\u0637 \u0627\u0644\u062f\u0642\u064a\u0642\u0629 \u0648\u0627\u0644\u062a\u062c\u0627\u0639\u064a\u062f. \u0628\u0627\u0644\u0625\u0636\u0627\u0641\u0629 \u0625\u0644\u0649 \u0630\u0644\u0643\u060c \u064a\u064f\u062d\u0641\u0632 \u0625\u0646\u062a\u0627\u062c \u0627\u0644\u0643\u0648\u0644\u0627\u062c\u064a\u0646 [&hellip;]<\/p>\n","protected":false},"featured_media":25868,"template":"","meta":[],"pwb-brand":[236],"product_brand":[],"product_cat":[1231,1227],"product_tag":[672,1013],"class_list":{"0":"post-25867","1":"product","2":"type-product","3":"status-publish","4":"has-post-thumbnail","6":"pwb-brand-nivea","7":"product_cat-daily-face-care","8":"product_cat-face-renew","9":"product_tag-wrinkles","10":"product_tag-1013","12":"first","13":"outofstock","14":"shipping-taxable","15":"product-type-variable","16":"has-default-attributes","17":"wvs-archive-product-wrapper"},"brands":[{"id":236,"name":"Nivea","slug":"nivea"}],"_links":{"self":[{"href":"https:\/\/gopinkish.com\/fr\/wp-json\/wp\/v2\/product\/25867","targetHints":{"allow":["GET"]}}],"collection":[{"href":"https:\/\/gopinkish.com\/fr\/wp-json\/wp\/v2\/product"}],"about":[{"href":"https:\/\/gopinkish.com\/fr\/wp-json\/wp\/v2\/types\/product"}],"wp:featuredmedia":[{"embeddable":true,"href":"https:\/\/gopinkish.com\/fr\/wp-json\/wp\/v2\/media\/25868"}],"wp:attachment":[{"href":"https:\/\/gopinkish.com\/fr\/wp-json\/wp\/v2\/media?parent=25867"}],"wp:term":[{"taxonomy":"pwb-brand","embeddable":true,"href":"https:\/\/gopinkish.com\/fr\/wp-json\/wp\/v2\/pwb-brand?post=25867"},{"taxonomy":"product_brand","embeddable":true,"href":"https:\/\/gopinkish.com\/fr\/wp-json\/wp\/v2\/product_brand?post=25867"},{"taxonomy":"product_cat","embeddable":true,"href":"https:\/\/gopinkish.com\/fr\/wp-json\/wp\/v2\/product_cat?post=25867"},{"taxonomy":"product_tag","embeddable":true,"href":"https:\/\/gopinkish.com\/fr\/wp-json\/wp\/v2\/product_tag?post=25867"}],"curies":[{"name":"wp","href":"https:\/\/api.w.org\/{rel}","templated":true}]}}