{"id":25863,"date":"2025-05-12T22:19:04","date_gmt":"2025-05-12T21:19:04","guid":{"rendered":"https:\/\/gopinkish.com\/?post_type=product&#038;p=25863"},"modified":"2025-09-29T00:06:18","modified_gmt":"2025-09-28T23:06:18","slug":"3337875545891","status":"publish","type":"product","link":"https:\/\/gopinkish.com\/fr\/produit\/3337875545891\/","title":{"rendered":"Gel solaire pour les peaux grasses avec une protection maximale - Teint\u00e9"},"content":{"rendered":"<p style=\"text-align: justify;\">Texture s\u00e8che avec de la couleur : Absorption instantan\u00e9e et r\u00e9sultat ultra sec. Couleur qui donne \u00e0 la peau un aspect naturel. Protection UV optimale (SPF 50+) et indice de protection UVA 22 PPD sup\u00e9rieur aux recommandations de la Commission, gr\u00e2ce au syst\u00e8me de filtration r\u00e9sistant \u00e0 la lumi\u00e8re Mexoplex\u00ae, un syst\u00e8me de filtration r\u00e9sistant \u00e0 la lumi\u00e8re qui prot\u00e8ge la peau du soleil. Avec des antioxydants naturels et l'eau thermale apaisante de La Roche-Posay pour une protection encore plus efficace.<\/p>\n<p style=\"text-align: justify;\">Recharge avec pompe. Parfum. Sans paraben. Ne provoque pas d'imperfections. Test\u00e9 dermatologiquement.<\/p>\n<p style=\"text-align: justify;\">Convient aux peaux sensibles ou sensibles au soleil. Id\u00e9al pour les peaux mixtes et grasses. Pr\u00e9vient la d\u00e9coloration de la peau due au soleil (taches, m\u00e9lasma...).<\/p>\n<p style=\"text-align: justify;\">Nouvelle texture s\u00e8che avec couleur. Fini mat et couleur. Avec des micro-pigments qui s'adaptent \u00e0 toutes les carnations, pour un look frais et naturel.<br \/>\nLa peau est prot\u00e9g\u00e9e du soleil et des dommages caus\u00e9s par les UV.<br \/>\nNon gras. Ne laisse aucun r\u00e9sidu.<\/p>\n<p dir=\"ltr\" style=\"text-align: center;\">\ud83c\uddec\ud83c\udde7 La Roche-Posay Anthelios XL Gel-cr\u00e8me sec teint\u00e9 SPF50+ - 50ml<br \/>\n\ud83c\uddeb\ud83c\uddf7 La Roche-Posay Anthelios XL Gel-Cr\u00e8me Teint\u00e9 Toucher Sec SPF50+ - 50ml<\/p>\n<p>&nbsp;<\/p>","protected":false},"excerpt":{"rendered":"<p>\u0645\u0644\u0645\u0633 \u062c\u0627\u0641 \u0645\u0639 \u0644\u0648\u0646: \u0627\u0645\u062a\u0635\u0627\u0635 \u0641\u0648\u0631\u064a \u0648\u0646\u062a\u064a\u062c\u0629 \u062c\u0641\u0627\u0641 \u0641\u0627\u0626\u0642\u0629. \u0644\u0648\u0646 \u064a\u0645\u0646\u062d \u0627\u0644\u0628\u0634\u0631\u0629 \u0645\u0638\u0647\u0631\u064b\u0627 \u0637\u0628\u064a\u0639\u064a\u064b\u0627. \u062d\u0645\u0627\u064a\u0629 \u0645\u062b\u0627\u0644\u064a\u0629 \u0645\u0646 \u0627\u0644\u0623\u0634\u0639\u0629 \u0641\u0648\u0642 \u0627\u0644\u0628\u0646\u0641\u0633\u062c\u064a\u0629 (SPF 50+) \u0648\u0645\u0624\u0634\u0631 \u062d\u0645\u0627\u064a\u0629 \u0645\u0646 \u0627\u0644\u0623\u0634\u0639\u0629 \u0641\u0648\u0642 \u0627\u0644\u0628\u0646\u0641\u0633\u062c\u064a\u0629 (UVA) \u0623\u0639\u0644\u0649 \u0628\u0645\u0642\u062f\u0627\u0631 22 PPD \u0645\u0642\u0627\u0631\u0646\u0629\u064b \u0628\u062a\u0648\u0635\u064a\u0627\u062a \u0627\u0644\u0644\u062c\u0646\u0629\u060c \u0628\u0641\u0636\u0644 \u0646\u0638\u0627\u0645 \u062a\u0631\u0634\u064a\u062d Mexoplex\u00ae \u0627\u0644\u0645\u0642\u0627\u0648\u0645 \u0644\u0644\u0636\u0648\u0621\u060c \u0648\u0647\u0648 \u0646\u0638\u0627\u0645 \u062a\u0631\u0634\u064a\u062d \u0645\u0642\u0627\u0648\u0645 \u0644\u0644\u0636\u0648\u0621 \u064a\u062d\u0645\u064a \u0627\u0644\u0628\u0634\u0631\u0629 \u0645\u0646 \u0627\u0644\u0634\u0645\u0633. \u0645\u0639 \u0645\u0636\u0627\u062f\u0627\u062a \u0623\u0643\u0633\u062f\u0629 \u0637\u0628\u064a\u0639\u064a\u0629 [&hellip;]<\/p>\n","protected":false},"featured_media":25864,"template":"","meta":[],"pwb-brand":[225],"product_brand":[],"product_cat":[1144],"product_tag":[717],"class_list":{"0":"post-25863","1":"product","2":"type-product","3":"status-publish","4":"has-post-thumbnail","6":"pwb-brand-la-roche-posay","7":"product_cat-face-sunscreen","8":"product_tag-717","10":"first","11":"outofstock","12":"shipping-taxable","13":"product-type-variable","14":"has-default-attributes","15":"wvs-archive-product-wrapper"},"brands":[{"id":225,"name":"La Roche Posay","slug":"la-roche-posay"}],"_links":{"self":[{"href":"https:\/\/gopinkish.com\/fr\/wp-json\/wp\/v2\/product\/25863","targetHints":{"allow":["GET"]}}],"collection":[{"href":"https:\/\/gopinkish.com\/fr\/wp-json\/wp\/v2\/product"}],"about":[{"href":"https:\/\/gopinkish.com\/fr\/wp-json\/wp\/v2\/types\/product"}],"wp:featuredmedia":[{"embeddable":true,"href":"https:\/\/gopinkish.com\/fr\/wp-json\/wp\/v2\/media\/25864"}],"wp:attachment":[{"href":"https:\/\/gopinkish.com\/fr\/wp-json\/wp\/v2\/media?parent=25863"}],"wp:term":[{"taxonomy":"pwb-brand","embeddable":true,"href":"https:\/\/gopinkish.com\/fr\/wp-json\/wp\/v2\/pwb-brand?post=25863"},{"taxonomy":"product_brand","embeddable":true,"href":"https:\/\/gopinkish.com\/fr\/wp-json\/wp\/v2\/product_brand?post=25863"},{"taxonomy":"product_cat","embeddable":true,"href":"https:\/\/gopinkish.com\/fr\/wp-json\/wp\/v2\/product_cat?post=25863"},{"taxonomy":"product_tag","embeddable":true,"href":"https:\/\/gopinkish.com\/fr\/wp-json\/wp\/v2\/product_tag?post=25863"}],"curies":[{"name":"wp","href":"https:\/\/api.w.org\/{rel}","templated":true}]}}