{"id":25855,"date":"2025-05-12T21:51:40","date_gmt":"2025-05-12T20:51:40","guid":{"rendered":"https:\/\/gopinkish.com\/?post_type=product&#038;p=25855"},"modified":"2026-04-01T18:46:57","modified_gmt":"2026-04-01T17:46:57","slug":"3282770390469","status":"publish","type":"product","link":"https:\/\/gopinkish.com\/fr\/produit\/3282770390469\/","title":{"rendered":"S\u00e9rum exfoliant \u00e0 base d'acides naturels pour adoucir et lisser les peaux grasses et sensibles"},"content":{"rendered":"<p style=\"text-align: justify;\">Minimise les pores - R\u00e9duit les imperfections - R\u00e9duit les marques tenaces.<\/p>\n<p style=\"text-align: justify;\">Un s\u00e9rum exfoliant brevet\u00e9 \u00e0 base d'acide naturel qui est 1,5 fois plus puissant que l'acide salicylique, vous laissant une peau plus lisse et plus fra\u00eeche en 10 jours.<\/p>\n<p style=\"text-align: justify;\">Le duo exclusif d'acides lactique et succinique aide \u00e0 minimiser les imperfections, les pores et les marques. L'acide glutamique r\u00e9gule les peaux grasses pour minimiser la production de s\u00e9bum. Sa formule est enrichie en Eau Thermale d'Av\u00e8ne pour apaiser, renforcer et r\u00e9\u00e9quilibrer la peau.<\/p>\n<p style=\"text-align: justify;\">Destin\u00e9 aux peaux sensibles et test\u00e9 sur des peaux \u00e0 tendance acn\u00e9ique, le s\u00e9rum exfoliant AHA ne contient que 10 ingr\u00e9dients, dont 99% sont naturels.<\/p>\n<p dir=\"ltr\" style=\"text-align: center;\">\ud83c\uddec\ud83c\udde7 Av\u00e8ne Cleanance A.H.A S\u00e9rum Exfoliant<br \/>\n\ud83c\uddeb\ud83c\uddf7 Av\u00e8ne Cleanance S\u00e9rum Exfoliant A.H.A.<\/p>","protected":false},"excerpt":{"rendered":"<p>\u064a\u0635\u063a\u0631 \u0627\u0644\u0645\u0633\u0627\u0645\u0627\u062a &#8211; \u064a\u0642\u0644\u0644 \u0645\u0646 \u0627\u0644\u0639\u064a\u0648\u0628 &#8211; \u064a\u0642\u0644\u0644 \u0645\u0646 \u0627\u0644\u0639\u0644\u0627\u0645\u0627\u062a \u0627\u0644\u0639\u0646\u064a\u062f\u0629. \u0633\u064a\u0631\u0648\u0645 \u0627\u0644\u062a\u0642\u0634\u064a\u0631 \u0628\u0623\u062d\u0645\u0627\u0636 \u0637\u0628\u064a\u0639\u064a\u0629 \u0627\u0644\u062d\u0627\u0635\u0644 \u0639\u0644\u0649 \u0628\u0631\u0627\u0621\u0629 \u0627\u062e\u062a\u0631\u0627\u0639 \u0648 \u0627\u0644\u0623\u0643\u062b\u0631 \u0641\u0639\u0627\u0644\u064a\u0629 \u0628\u0640 1.5 \u0645\u0631\u0629 \u0645\u0646 \u062d\u0645\u0636 \u0627\u0644\u0633\u0627\u0644\u064a\u0633\u064a\u0644\u064a\u0643\u060c \u0644\u064a\u0645\u0646\u062d\u0643\u0650 \u0628\u0634\u0631\u0629\u064b \u0623\u0643\u062b\u0631 \u0646\u0639\u0648\u0645\u0629\u064b \u0648\u0646\u0636\u0627\u0631\u0629\u064b \u0641\u064a \u063a\u0636\u0648\u0646 10 \u0623\u064a\u0627\u0645. \u064a\u0633\u0627\u0639\u062f \u062b\u0646\u0627\u0626\u064a \u062d\u0645\u0636 \u0627\u0644\u0644\u0627\u0643\u062a\u064a\u0643 \u0648\u0627\u0644\u0633\u0643\u0633\u064a\u0646\u064a\u0643 \u0627\u0644\u062d\u0635\u0631\u064a \u0639\u0644\u0649 \u062a\u0642\u0644\u064a\u0644 \u0627\u0644\u0634\u0648\u0627\u0626\u0628 \u0648\u0627\u0644\u0645\u0633\u0627\u0645 \u0648\u0627\u0644\u0639\u0644\u0627\u0645\u0627\u062a. \u064a\u064f\u0646\u0638\u0651\u0645 \u062d\u0645\u0636 \u0627\u0644\u062c\u0644\u0648\u062a\u0627\u0645\u064a\u0643 \u0625\u0641\u0631\u0627\u0632\u0627\u062a \u0627\u0644\u0628\u0634\u0631\u0629 \u0627\u0644\u062f\u0647\u0646\u064a\u0629 \u0644\u062a\u0642\u0644\u064a\u0644\u0647\u0627. [&hellip;]<\/p>\n","protected":false},"featured_media":25861,"template":"","meta":[],"pwb-brand":[253],"product_brand":[],"product_cat":[1120,1231],"product_tag":[673,688,689,699,683],"class_list":{"0":"post-25855","1":"product","2":"type-product","3":"status-publish","4":"has-post-thumbnail","6":"pwb-brand-avene","7":"product_cat-face-exfo","8":"product_cat-daily-face-care","9":"product_tag-pores","10":"product_tag-sensitive","11":"product_tag-oily","12":"product_tag-exfoliator","13":"product_tag-acne","15":"first","16":"instock","17":"shipping-taxable","18":"purchasable","19":"product-type-variable","20":"has-default-attributes","21":"wvs-archive-product-wrapper"},"brands":[{"id":253,"name":"Av\u00e8ne","slug":"avene"}],"_links":{"self":[{"href":"https:\/\/gopinkish.com\/fr\/wp-json\/wp\/v2\/product\/25855","targetHints":{"allow":["GET"]}}],"collection":[{"href":"https:\/\/gopinkish.com\/fr\/wp-json\/wp\/v2\/product"}],"about":[{"href":"https:\/\/gopinkish.com\/fr\/wp-json\/wp\/v2\/types\/product"}],"wp:featuredmedia":[{"embeddable":true,"href":"https:\/\/gopinkish.com\/fr\/wp-json\/wp\/v2\/media\/25861"}],"wp:attachment":[{"href":"https:\/\/gopinkish.com\/fr\/wp-json\/wp\/v2\/media?parent=25855"}],"wp:term":[{"taxonomy":"pwb-brand","embeddable":true,"href":"https:\/\/gopinkish.com\/fr\/wp-json\/wp\/v2\/pwb-brand?post=25855"},{"taxonomy":"product_brand","embeddable":true,"href":"https:\/\/gopinkish.com\/fr\/wp-json\/wp\/v2\/product_brand?post=25855"},{"taxonomy":"product_cat","embeddable":true,"href":"https:\/\/gopinkish.com\/fr\/wp-json\/wp\/v2\/product_cat?post=25855"},{"taxonomy":"product_tag","embeddable":true,"href":"https:\/\/gopinkish.com\/fr\/wp-json\/wp\/v2\/product_tag?post=25855"}],"curies":[{"name":"wp","href":"https:\/\/api.w.org\/{rel}","templated":true}]}}