{"id":2585,"date":"2023-02-03T20:43:34","date_gmt":"2023-02-03T19:43:34","guid":{"rendered":"https:\/\/gopinkish.com\/?post_type=product&#038;p=2585"},"modified":"2025-04-12T13:00:54","modified_gmt":"2025-04-12T12:00:54","slug":"3337875684118","status":"publish","type":"product","link":"https:\/\/gopinkish.com\/fr\/produit\/3337875684118\/","title":{"rendered":"Huile de douche moussante (peau et corps)"},"content":{"rendered":"<p style=\"text-align: justify;\">Un nettoyant avec des tensioactifs et de l'acide salicylique qui nettoie en douceur la peau s\u00e8che et rugueuse. Enrichi de 3 c\u00e9ramides essentiels naturellement pr\u00e9sents dans la peau et d'acide hyaluronique.<\/p>\n<p style=\"text-align: justify;\">Ce gel nettoyant restaure la barri\u00e8re cutan\u00e9e. Sans parfum. Hypoallerg\u00e9nique.<\/p>\n<p style=\"text-align: justify;\"><strong>Avantages de l'utilisation :<\/strong><br \/>\nNettoie instantan\u00e9ment la peau<br \/>\nElimine instantan\u00e9ment les r\u00e9sidus, la pollution et le maquillage<br \/>\nNettoie en douceur et est agr\u00e9able \u00e0 utiliser<br \/>\nEnrichie en 3 c\u00e9ramides essentiels et en acide hyaluronique, sa formule restaure la barri\u00e8re cutan\u00e9e et hydrate sous la douche.<br \/>\nSa texture huileuse, moussante et encapsul\u00e9e ne laisse pas de film gras et apaise instantan\u00e9ment.<br \/>\nFormule hautement durable pour les peaux les plus fragiles.<br \/>\nSans parfum.<\/p>\n<p style=\"text-align: justify;\">La formule de CeraVe a \u00e9t\u00e9 mise au point par des dermatologues.<\/p>","protected":false},"excerpt":{"rendered":"<p>\u0645\u0646\u0638\u0641 \u064a\u062d\u062a\u0648\u064a \u0639\u0644\u0649 \u0645\u0648\u0627\u062f \u062e\u0627\u0641\u0636\u0629 \u0644\u0644\u062a\u0648\u062a\u0631 \u0627\u0644\u0633\u0637\u062d\u064a \u0648\u062d\u0645\u0636 \u0627\u0644\u0633\u0627\u0644\u064a\u0633\u064a\u0644\u064a\u0643\u060c \u0648 \u0627\u0644\u062a\u064a \u062a\u0646\u0638\u0641 \u0627\u0644\u0628\u0634\u0631\u0629 \u0627\u0644\u062c\u0627\u0641\u0629 \u0648\u0627\u0644\u062e\u0634\u0646\u0629 \u0628\u0634\u0643\u0644 \u063a\u0627\u064a\u0629 \u0641\u064a \u0627\u0644\u0644\u0637\u0641. \u063a\u0646\u064a \u0628\u0640 3 \u0633\u064a\u0631\u0627\u0645\u064a\u062f\u0627\u062a \u0623\u0633\u0627\u0633\u064a\u0629 \u0645\u0648\u062c\u0648\u062f\u0629 \u0628\u0634\u0643\u0644 \u0637\u0628\u064a\u0639\u064a \u0641\u064a \u0627\u0644\u062c\u0644\u062f \u0648\u062d\u0645\u0636 \u0627\u0644\u0647\u064a\u0627\u0644\u0648\u0631\u0648\u0646\u064a\u0643. \u0647\u0630\u0627 \u0627\u0644\u062c\u0644 \u0627\u0644\u0645\u0646\u0638\u0641 \u064a\u0639\u064a\u062f \u062d\u0627\u062c\u0632 \u0627\u0644\u0628\u0634\u0631\u0629. \u0628\u062f\u0648\u0646 \u0639\u0637\u0631. \u0647\u064a\u0628\u0648\u0627\u0644\u0631\u062c\u064a\u0646\u064a\u0643. \u0641\u0648\u0627\u0626\u062f \u0627\u0644\u0625\u0633\u062a\u062e\u062f\u0627\u0645: \u062a\u0646\u0638\u0641 \u0627\u0644\u0628\u0634\u0631\u0629 \u0641\u0648\u0631\u064b\u0627 \u062a\u0632\u064a\u0644 \u0627\u0644\u0628\u0642\u0627\u064a\u0627 \u0648\u0627\u0644\u062a\u0644\u0648\u062b \u0648\u0627\u0644\u0645\u0643\u064a\u0627\u062c \u0639\u0644\u0649 \u0627\u0644\u0641\u0648\u0631 \u062a\u0646\u0638\u0641 \u0628\u0644\u0637\u0641 \u0648\u0647\u064a \u0645\u0645\u062a\u0639\u0629 [&hellip;]<\/p>\n","protected":false},"featured_media":3557,"template":"","meta":[],"pwb-brand":[222],"product_brand":[],"product_cat":[1137,1121,1119],"product_tag":[696,697,693,680],"class_list":{"0":"post-2585","1":"product","2":"type-product","3":"status-publish","4":"has-post-thumbnail","6":"pwb-brand-cerave","7":"product_cat-body-moist","8":"product_cat-face-moist","9":"product_cat-face-wash","10":"product_tag-dryskin","11":"product_tag-moisturizing","12":"product_tag-cleansing","13":"product_tag-dryness","15":"first","16":"outofstock","17":"shipping-taxable","18":"product-type-variable","19":"has-default-attributes","20":"wvs-archive-product-wrapper"},"brands":[{"id":222,"name":"CeraVe","slug":"cerave"}],"_links":{"self":[{"href":"https:\/\/gopinkish.com\/fr\/wp-json\/wp\/v2\/product\/2585","targetHints":{"allow":["GET"]}}],"collection":[{"href":"https:\/\/gopinkish.com\/fr\/wp-json\/wp\/v2\/product"}],"about":[{"href":"https:\/\/gopinkish.com\/fr\/wp-json\/wp\/v2\/types\/product"}],"wp:featuredmedia":[{"embeddable":true,"href":"https:\/\/gopinkish.com\/fr\/wp-json\/wp\/v2\/media\/3557"}],"wp:attachment":[{"href":"https:\/\/gopinkish.com\/fr\/wp-json\/wp\/v2\/media?parent=2585"}],"wp:term":[{"taxonomy":"pwb-brand","embeddable":true,"href":"https:\/\/gopinkish.com\/fr\/wp-json\/wp\/v2\/pwb-brand?post=2585"},{"taxonomy":"product_brand","embeddable":true,"href":"https:\/\/gopinkish.com\/fr\/wp-json\/wp\/v2\/product_brand?post=2585"},{"taxonomy":"product_cat","embeddable":true,"href":"https:\/\/gopinkish.com\/fr\/wp-json\/wp\/v2\/product_cat?post=2585"},{"taxonomy":"product_tag","embeddable":true,"href":"https:\/\/gopinkish.com\/fr\/wp-json\/wp\/v2\/product_tag?post=2585"}],"curies":[{"name":"wp","href":"https:\/\/api.w.org\/{rel}","templated":true}]}}