{"id":25845,"date":"2026-04-24T21:34:12","date_gmt":"2026-04-24T20:34:12","guid":{"rendered":"https:\/\/gopinkish.com\/?post_type=product&#038;p=25845"},"modified":"2026-04-25T20:59:47","modified_gmt":"2026-04-25T19:59:47","slug":"3337875890021","status":"publish","type":"product","link":"https:\/\/gopinkish.com\/fr\/produit\/3337875890021\/","title":{"rendered":"S\u00e9rum contre le ternissement, les taches sombres et l'hyperpigmentation avec du m\u00e9lasyl et du niacinamide"},"content":{"rendered":"<p style=\"text-align: justify;\">De l'aspect terne aux taches sombres : MilaP3 Serum est un nouveau s\u00e9rum anti-taches, \u00e0 base de Milasil\u2122 multibrevet\u00e9 et de concentr\u00e9 de niacinamide 10%, pour corriger les taches brunes m\u00eame tenaces. Efficacit\u00e9 anti-rel\u00e2chement. Innovation dans le traitement de l'hyperpigmentation. Multibrevet\u00e9 Melasil\u2122 : Le nouveau principe actif pour un contr\u00f4le sans pr\u00e9c\u00e9dent de l'hyperpigmentation.<\/p>\n<p style=\"text-align: justify;\">Melacell poss\u00e8de un m\u00e9canisme d'action nouveau et unique : Il intercepte l'exc\u00e8s de m\u00e9lanine avant qu'elle ne laisse des traces sur la peau.<\/p>\n<p style=\"text-align: justify;\"><strong>Avantages :<\/strong><\/p>\n<p style=\"text-align: justify;\">L'efficacit\u00e9 de ce s\u00e9rum a \u00e9t\u00e9 cliniquement prouv\u00e9e : R\u00e9sultats visibles d\u00e8s une semaine<\/p>\n<p style=\"text-align: justify;\">4 femmes sur 5 se d\u00e9barrassent des taches brunes persistantes<\/p>\n<p style=\"text-align: justify;\">98% des femmes remarquent une r\u00e9duction du nombre de taches brunes apr\u00e8s une semaine<\/p>\n<p style=\"text-align: justify;\">98% des femmes remarquent que leurs taches s'\u00e9claircissent apr\u00e8s une semaine<\/p>\n<p style=\"text-align: justify;\">96% des femmes remarquent une r\u00e9duction de la taille de leurs boutons apr\u00e8s une semaine<\/p>\n<p style=\"text-align: justify;\"><strong>Probl\u00e8mes cibl\u00e9s : <\/strong>Taches sombres, taches de vieillesse, taches de soleil, hyperpigmentation, marques post-acn\u00e9iques, peau terne et irr\u00e9guli\u00e8re.<\/p>\n<p style=\"text-align: justify;\"><strong>Type de peau : <\/strong>Convient \u00e0 tous les types et couleurs de peau. Pour le visage, le cou, le d\u00e9collet\u00e9 et les mains.<\/p>\n<p dir=\"ltr\" style=\"text-align: center;\">\ud83c\uddec\ud83c\udde7 La Roche-Posay Mela B3 Dark Spot Serum avec Melasyl\u2122 + Niacinamide<br \/>\n\ud83c\uddeb\ud83c\uddf7 S\u00e9rum Anti-Taches Mela B3 La Roche-Posay avec Melasyl\u2122 + Niacinamide<\/p>","protected":false},"excerpt":{"rendered":"<p>\u0645\u0646 \u0627\u0644\u0628\u0647\u062a\u0627\u0646 \u0625\u0644\u0649 \u0627\u0644\u0628\u0642\u0639 \u0627\u0644\u062f\u0627\u0643\u0646\u0629: \u0633\u064a\u0631\u0648\u0645 \u0645\u064a\u0644\u0627 \u0628\u064a 3 \u0647\u0648 \u0633\u064a\u0631\u0648\u0645 \u062c\u062f\u064a\u062f \u0645\u0636\u0627\u062f \u0644\u0644\u0628\u0642\u0639\u060c \u0645\u0635\u0646\u0648\u0639 \u0645\u0646 \u0645\u064a\u0644\u0627\u0633\u064a\u0644\u2122 \u0627\u0644\u062d\u0627\u0635\u0644 \u0639\u0644\u0649 \u0628\u0631\u0627\u0621\u0627\u062a \u0627\u062e\u062a\u0631\u0627\u0639 \u0645\u062a\u0639\u062f\u062f\u0629 \u0648\u0646\u064a\u0627\u0633\u064a\u0646\u0627\u0645\u064a\u062f \u0645\u0631\u0643\u0632 \u0628\u0646\u0633\u0628\u0629 10%\u060c \u0644\u062a\u0635\u062d\u064a\u062d \u062d\u062a\u0649 \u0627\u0644\u0628\u0642\u0639 \u0627\u0644\u062f\u0627\u0643\u0646\u0629 \u0627\u0644\u0639\u0646\u064a\u062f\u0629. \u0641\u0639\u0627\u0644\u064a\u0629 \u0645\u0636\u0627\u062f\u0629 \u0644\u0644\u0627\u0646\u062a\u0643\u0627\u0633. \u0627\u0628\u062a\u0643\u0627\u0631 \u0641\u064a \u0639\u0644\u0627\u062c \u0641\u0631\u0637 \u0627\u0644\u062a\u0635\u0628\u063a. \u0645\u064a\u0644\u0627\u0633\u064a\u0644\u2122 \u0627\u0644\u062d\u0627\u0635\u0644 \u0639\u0644\u0649 \u0628\u0631\u0627\u0621\u0627\u062a \u0627\u062e\u062a\u0631\u0627\u0639 \u0645\u062a\u0639\u062f\u062f\u0629: \u0627\u0644\u0645\u0643\u0648\u0646 \u0627\u0644\u0646\u0634\u0637 \u0627\u0644\u062c\u062f\u064a\u062f \u0644\u0645\u0643\u0627\u0641\u062d\u0629 \u0641\u0631\u0637 \u0627\u0644\u062a\u0635\u0628\u063a \u0628\u0634\u0643\u0644 \u063a\u064a\u0631 \u0645\u0633\u0628\u0648\u0642. \u064a\u062a\u0645\u064a\u0632 [&hellip;]<\/p>\n","protected":false},"featured_media":25853,"template":"","meta":[],"pwb-brand":[225],"product_brand":[],"product_cat":[1231,1123],"product_tag":[675,683,671],"class_list":{"0":"post-25845","1":"product","2":"type-product","3":"status-publish","4":"has-post-thumbnail","6":"pwb-brand-la-roche-posay","7":"product_cat-daily-face-care","8":"product_cat-face-bright","9":"product_tag-spots","10":"product_tag-acne","11":"product_tag-pigmentation","13":"first","14":"instock","15":"shipping-taxable","16":"purchasable","17":"product-type-variable","18":"has-default-attributes","19":"wvs-archive-product-wrapper"},"brands":[{"id":225,"name":"La Roche Posay","slug":"la-roche-posay"}],"_links":{"self":[{"href":"https:\/\/gopinkish.com\/fr\/wp-json\/wp\/v2\/product\/25845","targetHints":{"allow":["GET"]}}],"collection":[{"href":"https:\/\/gopinkish.com\/fr\/wp-json\/wp\/v2\/product"}],"about":[{"href":"https:\/\/gopinkish.com\/fr\/wp-json\/wp\/v2\/types\/product"}],"wp:featuredmedia":[{"embeddable":true,"href":"https:\/\/gopinkish.com\/fr\/wp-json\/wp\/v2\/media\/25853"}],"wp:attachment":[{"href":"https:\/\/gopinkish.com\/fr\/wp-json\/wp\/v2\/media?parent=25845"}],"wp:term":[{"taxonomy":"pwb-brand","embeddable":true,"href":"https:\/\/gopinkish.com\/fr\/wp-json\/wp\/v2\/pwb-brand?post=25845"},{"taxonomy":"product_brand","embeddable":true,"href":"https:\/\/gopinkish.com\/fr\/wp-json\/wp\/v2\/product_brand?post=25845"},{"taxonomy":"product_cat","embeddable":true,"href":"https:\/\/gopinkish.com\/fr\/wp-json\/wp\/v2\/product_cat?post=25845"},{"taxonomy":"product_tag","embeddable":true,"href":"https:\/\/gopinkish.com\/fr\/wp-json\/wp\/v2\/product_tag?post=25845"}],"curies":[{"name":"wp","href":"https:\/\/api.w.org\/{rel}","templated":true}]}}