{"id":2584,"date":"2023-02-03T20:43:34","date_gmt":"2023-02-03T19:43:34","guid":{"rendered":"https:\/\/gopinkish.com\/?post_type=product&#038;p=2584"},"modified":"2026-05-10T13:41:54","modified_gmt":"2026-05-10T12:41:54","slug":"3337875597210","status":"publish","type":"product","link":"https:\/\/gopinkish.com\/fr\/produit\/3337875597210\/","title":{"rendered":"Cr\u00e8me hydratante sans huile \u00e0 base d'acide hyaluronique"},"content":{"rendered":"<p style=\"text-align: justify;\">La lotion hydratante quotidienne de CeraVe est un hydratant l\u00e9ger, sans huile, qui aide \u00e0 hydrater et \u00e0 restaurer les protections naturelles de la peau. Elle est formul\u00e9e avec 3 c\u00e9ramides essentielles qui agissent ensemble pour retenir l'humidit\u00e9 et aider \u00e0 restaurer la barri\u00e8re protectrice de votre peau. La technologie MVE encapsule les c\u00e9ramides pour garantir une diffusion efficace au sein de la barri\u00e8re cutan\u00e9e et une distribution lente au fil du temps. Elle soutient la barri\u00e8re protectrice de votre peau longtemps apr\u00e8s l'application. Notre cr\u00e8me hydratante quotidienne laisse une sensation de confort et est douce pour la peau tout en lui procurant une hydratation de 24 heures.<\/p>\n<p style=\"text-align: justify;\"><strong>Caract\u00e9ristiques du produit :<\/strong><br \/>\nConvient aux peaux s\u00e8ches \u00e0 tr\u00e8s s\u00e8ches<br \/>\nNon gras et l\u00e9ger<br \/>\nHypoallerg\u00e9nique, sans parfum ni huile<\/p>\n<p dir=\"ltr\" style=\"text-align: center;\">\ud83c\uddec\ud83c\udde7 CeraVe Lotion hydratante pour peaux s\u00e8ches \u00e0 tr\u00e8s s\u00e8ches<br \/>\n\ud83c\uddeb\ud83c\uddf7 Lait Hydratant CeraVe Peaux S\u00e8ches \u00e0 Tr\u00e8s S\u00e8ches<\/p>","protected":false},"excerpt":{"rendered":"<p>\u0644\u0648\u0634\u0646 CeraVe Daily Moisturizing \u0647\u0648 \u0645\u0631\u0637\u0628 \u062e\u0641\u064a\u0641 \u0627\u0644\u0648\u0632\u0646 \u0648\u062e\u0627\u0644\u064a \u0645\u0646 \u0627\u0644\u0632\u064a\u0648\u062a \u064a\u0633\u0627\u0639\u062f \u0639\u0644\u0649 \u062a\u0631\u0637\u064a\u0628 \u0627\u0644\u0628\u0634\u0631\u0629 \u0648\u0627\u0633\u062a\u0639\u0627\u062f\u0629 \u062d\u0645\u0627\u064a\u0627\u062a\u0647\u0627 \u0627\u0644\u0637\u0628\u064a\u0639\u064a\u0629. \u064a\u062a\u0643\u0648\u0646 \u0645\u0646 3 \u0633\u064a\u0631\u0627\u0645\u064a\u062f\u0627\u062a \u0623\u0633\u0627\u0633\u064a\u0629 \u062a\u0639\u0645\u0644 \u0645\u0639\u064b\u0627 \u0644\u062d\u0628\u0633 \u0631\u0637\u0648\u0628\u0629 \u0627\u0644\u0628\u0634\u0631\u0629 \u0648\u0627\u0644\u0645\u0633\u0627\u0639\u062f\u0629 \u0641\u064a \u0627\u0633\u062a\u0639\u0627\u062f\u0629 \u062d\u0627\u062c\u0632 \u0627\u0644\u062d\u0645\u0627\u064a\u0629 \u0644\u0628\u0634\u0631\u062a\u0643. \u062a\u0642\u0648\u0645 \u062a\u0642\u0646\u064a\u0629 MVE \u0628\u062a\u063a\u0644\u064a\u0641 \u0627\u0644\u0633\u064a\u0631\u0627\u0645\u064a\u062f \u0644\u0636\u0645\u0627\u0646 \u0627\u0644\u062a\u0648\u0635\u064a\u0644 \u0627\u0644\u0641\u0639\u0627\u0644 \u062f\u0627\u062e\u0644 \u062d\u0627\u062c\u0632 \u0627\u0644\u062c\u0644\u062f \u0648\u062a\u0648\u0632\u064a\u0639\u0647 \u0627\u0644\u0628\u0637\u064a\u0621 \u0628\u0645\u0631\u0648\u0631 \u0627\u0644\u0648\u0642\u062a. \u064a\u062f\u0639\u0645 \u062d\u0627\u062c\u0632 \u0628\u0634\u0631\u062a\u0643 \u0627\u0644\u0648\u0627\u0642\u064a \u0644\u0641\u062a\u0631\u0629 \u0637\u0648\u064a\u0644\u0629 [&hellip;]<\/p>\n","protected":false},"featured_media":34424,"template":"","meta":[],"pwb-brand":[222],"product_brand":[],"product_cat":[1137,1121],"product_tag":[696,697,680],"class_list":{"0":"post-2584","1":"product","2":"type-product","3":"status-publish","4":"has-post-thumbnail","6":"pwb-brand-cerave","7":"product_cat-body-moist","8":"product_cat-face-moist","9":"product_tag-dryskin","10":"product_tag-moisturizing","11":"product_tag-dryness","13":"first","14":"instock","15":"shipping-taxable","16":"purchasable","17":"product-type-variable","18":"has-default-attributes","19":"wvs-archive-product-wrapper"},"brands":[{"id":222,"name":"CeraVe","slug":"cerave"}],"_links":{"self":[{"href":"https:\/\/gopinkish.com\/fr\/wp-json\/wp\/v2\/product\/2584","targetHints":{"allow":["GET"]}}],"collection":[{"href":"https:\/\/gopinkish.com\/fr\/wp-json\/wp\/v2\/product"}],"about":[{"href":"https:\/\/gopinkish.com\/fr\/wp-json\/wp\/v2\/types\/product"}],"wp:featuredmedia":[{"embeddable":true,"href":"https:\/\/gopinkish.com\/fr\/wp-json\/wp\/v2\/media\/34424"}],"wp:attachment":[{"href":"https:\/\/gopinkish.com\/fr\/wp-json\/wp\/v2\/media?parent=2584"}],"wp:term":[{"taxonomy":"pwb-brand","embeddable":true,"href":"https:\/\/gopinkish.com\/fr\/wp-json\/wp\/v2\/pwb-brand?post=2584"},{"taxonomy":"product_brand","embeddable":true,"href":"https:\/\/gopinkish.com\/fr\/wp-json\/wp\/v2\/product_brand?post=2584"},{"taxonomy":"product_cat","embeddable":true,"href":"https:\/\/gopinkish.com\/fr\/wp-json\/wp\/v2\/product_cat?post=2584"},{"taxonomy":"product_tag","embeddable":true,"href":"https:\/\/gopinkish.com\/fr\/wp-json\/wp\/v2\/product_tag?post=2584"}],"curies":[{"name":"wp","href":"https:\/\/api.w.org\/{rel}","templated":true}]}}