{"id":25832,"date":"2025-05-12T20:56:32","date_gmt":"2025-05-12T19:56:32","guid":{"rendered":"https:\/\/gopinkish.com\/?post_type=product&#038;p=25832"},"modified":"2026-01-14T23:26:22","modified_gmt":"2026-01-14T22:26:22","slug":"3661434010095","status":"publish","type":"product","link":"https:\/\/gopinkish.com\/fr\/produit\/3661434010095\/","title":{"rendered":"Une cr\u00e8me teint\u00e9e pour \u00e9liminer les imperfections (boutons et points noirs) avec une protection solaire."},"content":{"rendered":"<p style=\"text-align: justify;\">Hysiak Tinted Global Care SPF 30 est un produit tout-en-un qui aide \u00e0 \u00e9liminer les imperfections (boutons, points noirs) et \u00e0 minimiser l'apparence des marques de soleil. Il prot\u00e8ge la peau des rayons UVA et UVB et des radicaux libres et unifie le teint. Formul\u00e9 avec des ingr\u00e9dients actifs approuv\u00e9s par les dermatologues, l'AHA et l'acide salicylique, ce traitement am\u00e9liore la texture de la peau et aide \u00e0 minimiser l'apparence des imperfections sur les peaux grasses et sujettes \u00e0 l'acn\u00e9. La texture est l\u00e9g\u00e8re et lisse, avec un fini doux et non gras. Test\u00e9 dermatologiquement sur les peaux \u00e0 tendance acn\u00e9ique. N'obstrue pas les pores.<\/p>\n<p style=\"text-align: justify;\">Sympt\u00f4mes : Taches, points noirs, rougeurs<br \/>\nPrincipes actifs : Alpha Hydroxy Acide (AHA) + Acide Salicylique + Filtres UVA et UVB + Eau Thermale d'Uriage<\/p>\n<p style=\"text-align: justify;\">Aide \u00e0 r\u00e9duire les taches et les points noirs. Elle unifie le teint, nettoie et am\u00e9liore la texture de la peau. Prot\u00e8ge contre les rayons UVA et UVB du soleil, minimisant ainsi l'apparence de l'acn\u00e9 et des marques de soleil.<\/p>\n<p style=\"text-align: justify;\">Hysiak - 3 - Soin global teint\u00e9 r\u00e9gul\u00e9 SPF 30<br \/>\nTaches, points noirs, rougeurs<br \/>\n(Pour les peaux mixtes et acn\u00e9iques)<\/p>\n<p>&nbsp;<\/p>\n<p dir=\"ltr\" style=\"text-align: center;\">\ud83c\uddec\ud83c\udde7 Uriage Hys\u00e9ac 3-Regul Global Skin-Care teint\u00e9 SPF30<br \/>\n\ud83c\uddeb\ud83c\uddf7 Uriage Hys\u00e9ac 3-Regul Soin Global Teint\u00e9 SPF30<\/p>\n<p><!--StartFragment --><\/p>\n<p dir=\"ltr\" style=\"text-align: center;\"><!--EndFragment --><\/p>","protected":false},"excerpt":{"rendered":"<p>\u0647\u064a\u0633\u064a\u0627\u0643 \u062a\u064a\u0646\u062a\u062f \u062c\u0644\u0648\u0628\u0627\u0644 \u0643\u064a\u0631 \u0628\u0639\u0627\u0645\u0644 \u062d\u0645\u0627\u064a\u0629 \u0645\u0646 \u0627\u0644\u0634\u0645\u0633 30 \u0647\u0648 \u0645\u0646\u062a\u062c \u0645\u062a\u0643\u0627\u0645\u0644 \u064a\u0633\u0627\u0639\u062f \u0639\u0644\u0649 \u0627\u0644\u062a\u062e\u0644\u0635 \u0645\u0646 \u0627\u0644\u0634\u0648\u0627\u0626\u0628 (\u0627\u0644\u0628\u0642\u0639\u060c \u0627\u0644\u0631\u0624\u0648\u0633 \u0627\u0644\u0633\u0648\u062f\u0627\u0621) \u0648\u064a\u062d\u062f \u0645\u0646 \u0638\u0647\u0648\u0631 \u0639\u0644\u0627\u0645\u0627\u062a \u0627\u0644\u0634\u0645\u0633. \u064a\u062d\u0645\u064a \u0627\u0644\u0628\u0634\u0631\u0629 \u0645\u0646 \u0623\u0634\u0639\u0629 \u0627\u0644\u0634\u0645\u0633 \u0641\u0648\u0642 \u0627\u0644\u0628\u0646\u0641\u0633\u062c\u064a\u0629 \u0627\u0644\u0637\u0648\u064a\u0644\u0629 \u0648\u0627\u0644\u0645\u062a\u0648\u0633\u0637\u0629 \u0648\u0627\u0644\u062c\u0630\u0648\u0631 \u0627\u0644\u062d\u0631\u0629\u060c \u0648\u064a\u0648\u062d\u062f \u0644\u0648\u0646\u0647\u0627. \u0635\u064f\u0645\u0645 \u0647\u0630\u0627 \u0627\u0644\u0639\u0644\u0627\u062c \u0628\u0645\u0643\u0648\u0646\u0627\u062a \u0641\u0639\u0627\u0644\u0629 \u0645\u0639\u062a\u0645\u062f\u0629 \u0645\u0646 \u0642\u0628\u0644 \u0623\u0637\u0628\u0627\u0621 \u0627\u0644\u062c\u0644\u062f\u064a\u0629\u060c \u0648\u0647\u064a \u062d\u0645\u0636 \u0623\u0644\u0641\u0627 \u0647\u064a\u062f\u0631\u0648\u0643\u0633\u064a (AHA) \u0648\u062d\u0645\u0636 \u0627\u0644\u0633\u0627\u0644\u064a\u0633\u064a\u0644\u064a\u0643\u060c [&hellip;]<\/p>\n","protected":false},"featured_media":25833,"template":"","meta":[],"pwb-brand":[256],"product_brand":[],"product_cat":[1231,1144],"product_tag":[698,675,717],"class_list":{"0":"post-25832","1":"product","2":"type-product","3":"status-publish","4":"has-post-thumbnail","6":"pwb-brand-uriage","7":"product_cat-daily-face-care","8":"product_cat-face-sunscreen","9":"product_tag-blackheads","10":"product_tag-spots","11":"product_tag-717","13":"first","14":"instock","15":"shipping-taxable","16":"purchasable","17":"product-type-variable","18":"has-default-attributes","19":"wvs-archive-product-wrapper"},"brands":[{"id":256,"name":"Uriage","slug":"uriage"}],"_links":{"self":[{"href":"https:\/\/gopinkish.com\/fr\/wp-json\/wp\/v2\/product\/25832","targetHints":{"allow":["GET"]}}],"collection":[{"href":"https:\/\/gopinkish.com\/fr\/wp-json\/wp\/v2\/product"}],"about":[{"href":"https:\/\/gopinkish.com\/fr\/wp-json\/wp\/v2\/types\/product"}],"wp:featuredmedia":[{"embeddable":true,"href":"https:\/\/gopinkish.com\/fr\/wp-json\/wp\/v2\/media\/25833"}],"wp:attachment":[{"href":"https:\/\/gopinkish.com\/fr\/wp-json\/wp\/v2\/media?parent=25832"}],"wp:term":[{"taxonomy":"pwb-brand","embeddable":true,"href":"https:\/\/gopinkish.com\/fr\/wp-json\/wp\/v2\/pwb-brand?post=25832"},{"taxonomy":"product_brand","embeddable":true,"href":"https:\/\/gopinkish.com\/fr\/wp-json\/wp\/v2\/product_brand?post=25832"},{"taxonomy":"product_cat","embeddable":true,"href":"https:\/\/gopinkish.com\/fr\/wp-json\/wp\/v2\/product_cat?post=25832"},{"taxonomy":"product_tag","embeddable":true,"href":"https:\/\/gopinkish.com\/fr\/wp-json\/wp\/v2\/product_tag?post=25832"}],"curies":[{"name":"wp","href":"https:\/\/api.w.org\/{rel}","templated":true}]}}