{"id":25818,"date":"2025-02-11T23:32:22","date_gmt":"2025-02-11T22:32:22","guid":{"rendered":"https:\/\/gopinkish.com\/?post_type=product&#038;p=25818"},"modified":"2025-06-09T11:15:26","modified_gmt":"2025-06-09T10:15:26","slug":"8720181299902","status":"publish","type":"product","link":"https:\/\/gopinkish.com\/fr\/produit\/8720181299902\/","title":{"rendered":"D\u00e9odorant hydratant avec protection avanc\u00e9e - bo\u00eetier compact"},"content":{"rendered":"<p style=\"text-align: justify;\">Un antisudorifique sur lequel vous pouvez compter : Le vaporisateur antisudorifique compact Dove Advanced Care Original offre une protection de 72 heures et un parfum subtil qui vous laisse une sensation de fra\u00eecheur et de propret\u00e9 tout au long de la journ\u00e9e.<\/p>\n<p style=\"text-align: justify;\">Sa formule brevet\u00e9e offre une protection fiable, laisse la peau sensible des aisselles merveilleusement douce et favorise la r\u00e9g\u00e9n\u00e9ration de la peau. Le d\u00e9odorant Dove avec technologie d'hydratation de la peau garantit une sensation de fra\u00eecheur durable et une peau des aisselles visiblement plus lisse et plus douce que jamais.<\/p>\n<p style=\"text-align: justify;\"><strong>Tout aussi confortable :<\/strong> Son petit emballage pratique se glisse dans un sac de sport ou dans n'importe quel sac \u00e0 main. Il dure au moins aussi longtemps qu'un d\u00e9odorant en spray de 150 ml, mais dans un emballage plus petit gr\u00e2ce \u00e0 la technologie de compression.<\/p>","protected":false},"excerpt":{"rendered":"<p>\u0645\u0636\u0627\u062f \u062a\u0639\u0631\u0642 \u064a\u0645\u0643\u0646\u0643\u0650 \u0627\u0644\u0627\u0639\u062a\u0645\u0627\u062f \u0639\u0644\u064a\u0647: \u0628\u062e\u0627\u062e \u062f\u0648\u0641 \u0623\u062f\u0641\u0627\u0646\u0633\u062f \u0643\u064a\u0631 \u0627\u0644\u0623\u0635\u0644\u064a \u0627\u0644\u0645\u0636\u063a\u0648\u0637 \u0627\u0644\u0645\u0636\u0627\u062f \u0644\u0644\u062a\u0639\u0631\u0642 \u064a\u0648\u0641\u0631 \u062d\u0645\u0627\u064a\u0629 \u062a\u062f\u0648\u0645 72 \u0633\u0627\u0639\u0629 \u0645\u0639 \u0631\u0627\u0626\u062d\u0629 \u0639\u0637\u0631\u064a\u0629 \u0631\u0642\u064a\u0642\u0629 \u062a\u0645\u0646\u062d\u0643\u0650 \u0634\u0639\u0648\u0631\u064b\u0627 \u0628\u0627\u0644\u0627\u0646\u062a\u0639\u0627\u0634 \u0648\u0627\u0644\u0646\u0638\u0627\u0641\u0629 \u0637\u0648\u0627\u0644 \u0627\u0644\u064a\u0648\u0645. \u062a\u0631\u0643\u064a\u0628\u062a\u0647 \u0627\u0644\u062d\u0627\u0635\u0644\u0629 \u0639\u0644\u0649 \u0628\u0631\u0627\u0621\u0629 \u0627\u062e\u062a\u0631\u0627\u0639 \u062a\u0648\u0641\u0631 \u062d\u0645\u0627\u064a\u0629 \u0645\u0648\u062b\u0648\u0642\u0629\u060c \u0643\u0645\u0627 \u064a\u062a\u0631\u0643 \u0628\u0634\u0631\u0629 \u0627\u0644\u0625\u0628\u0637 \u0627\u0644\u062d\u0633\u0627\u0633\u0629 \u0646\u0627\u0639\u0645\u0629 \u0628\u0634\u0643\u0644 \u0631\u0627\u0626\u0639 \u0648\u064a\u062f\u0639\u0645 \u0639\u0645\u0644\u064a\u0629 \u062a\u062c\u062f\u064a\u062f \u0627\u0644\u0628\u0634\u0631\u0629. \u064a\u0636\u0645\u0646 \u0645\u0632\u064a\u0644 \u0627\u0644\u0639\u0631\u0642 \u062f\u0648\u0641 \u0628\u062a\u0642\u0646\u064a\u0629 \u062a\u0631\u0637\u064a\u0628 \u0627\u0644\u0628\u0634\u0631\u0629 [&hellip;]<\/p>\n","protected":false},"featured_media":25820,"template":"","meta":[],"pwb-brand":[466],"product_brand":[],"product_cat":[1228],"product_tag":[686],"class_list":{"0":"post-25818","1":"product","2":"type-product","3":"status-publish","4":"has-post-thumbnail","6":"pwb-brand-dove","7":"product_cat-deodorants","8":"product_tag-deodorant","10":"first","11":"outofstock","12":"shipping-taxable","13":"product-type-variable","14":"has-default-attributes","15":"wvs-archive-product-wrapper"},"brands":[{"id":466,"name":"Dove","slug":"colombe"}],"_links":{"self":[{"href":"https:\/\/gopinkish.com\/fr\/wp-json\/wp\/v2\/product\/25818","targetHints":{"allow":["GET"]}}],"collection":[{"href":"https:\/\/gopinkish.com\/fr\/wp-json\/wp\/v2\/product"}],"about":[{"href":"https:\/\/gopinkish.com\/fr\/wp-json\/wp\/v2\/types\/product"}],"wp:featuredmedia":[{"embeddable":true,"href":"https:\/\/gopinkish.com\/fr\/wp-json\/wp\/v2\/media\/25820"}],"wp:attachment":[{"href":"https:\/\/gopinkish.com\/fr\/wp-json\/wp\/v2\/media?parent=25818"}],"wp:term":[{"taxonomy":"pwb-brand","embeddable":true,"href":"https:\/\/gopinkish.com\/fr\/wp-json\/wp\/v2\/pwb-brand?post=25818"},{"taxonomy":"product_brand","embeddable":true,"href":"https:\/\/gopinkish.com\/fr\/wp-json\/wp\/v2\/product_brand?post=25818"},{"taxonomy":"product_cat","embeddable":true,"href":"https:\/\/gopinkish.com\/fr\/wp-json\/wp\/v2\/product_cat?post=25818"},{"taxonomy":"product_tag","embeddable":true,"href":"https:\/\/gopinkish.com\/fr\/wp-json\/wp\/v2\/product_tag?post=25818"}],"curies":[{"name":"wp","href":"https:\/\/api.w.org\/{rel}","templated":true}]}}