{"id":25709,"date":"2025-05-09T20:52:57","date_gmt":"2025-05-09T19:52:57","guid":{"rendered":"https:\/\/gopinkish.com\/?post_type=product&#038;p=25709"},"modified":"2025-08-16T12:58:56","modified_gmt":"2025-08-16T11:58:56","slug":"3574661458755","status":"publish","type":"product","link":"https:\/\/gopinkish.com\/fr\/produit\/3574661458755\/","title":{"rendered":"Poudre pour b\u00e9b\u00e9 pour absorber l'humidit\u00e9 et \u00e9viter les frottements"},"content":{"rendered":"<p style=\"text-align: justify;\">&#8211; \u0628\u0648\u062f\u0631\u0629 \u0627\u0644\u062a\u0644\u0643 \u0627\u0644\u0622\u0645\u0646\u0629 \u0627\u0644\u0645\u0635\u0646\u0648\u0639\u0629 \u062e\u0635\u064a\u0635\u064b\u0627 \u0644\u0644\u0623\u0637\u0641\u0627\u0644<\/p>\n<p style=\"text-align: justify;\">&#8211; \u062a\u0633\u0627\u0639\u062f \u0639\u0644\u0649 \u0645\u0646\u0639 \u0627\u0644\u0627\u062d\u062a\u0643\u0627\u0643<\/p>\n<p style=\"text-align: justify;\">&#8211; \u062a\u062a\u0645\u064a\u0632 \u062a\u0631\u0643\u064a\u0628\u0629 \u0627\u0644\u0628\u0648\u062f\u0631\u0629 \u0628\u0631\u0627\u0626\u062d\u0629 \u0643\u0644\u0627\u0633\u064a\u0643\u064a\u0629 \u0648\u0642\u0648\u0627\u0645 \u064a\u0646\u0632\u0644\u0642 \u0628\u0633\u0647\u0648\u0644\u0629 \u0639\u0644\u0649 \u0628\u0634\u0631\u0629 \u0627\u0644\u0637\u0641\u0644 \u0644\u064a\u062a\u0631\u0643\u0647\u0627 \u0646\u0627\u0639\u0645\u0629 \u0648\u062c\u0627\u0641\u0629 \u0648\u064a\u0645\u0646\u062d\u0647\u0627 \u0627\u0644\u0631\u0627\u062d\u0629 \u0648\u0627\u0644\u0647\u062f\u0648\u0621<\/p>\n<p dir=\"ltr\" style=\"text-align: center;\">\ud83c\uddec\ud83c\udde7 Johnson&#8217;s Baby Talcum Powder \u2013 200g<br \/>\n\ud83c\uddeb\ud83c\uddf7 Poudre de Talc pour B\u00e9b\u00e9 Johnson&#8217;s \u2013 200g<\/p>","protected":false},"excerpt":{"rendered":"<p>&#8211; \u0628\u0648\u062f\u0631\u0629 \u0627\u0644\u062a\u0644\u0643 \u0627\u0644\u0622\u0645\u0646\u0629 \u0627\u0644\u0645\u0635\u0646\u0648\u0639\u0629 \u062e\u0635\u064a\u0635\u064b\u0627 \u0644\u0644\u0623\u0637\u0641\u0627\u0644 &#8211; \u062a\u0633\u0627\u0639\u062f \u0639\u0644\u0649 \u0645\u0646\u0639 \u0627\u0644\u0627\u062d\u062a\u0643\u0627\u0643 &#8211; \u062a\u062a\u0645\u064a\u0632 \u062a\u0631\u0643\u064a\u0628\u0629 \u0627\u0644\u0628\u0648\u062f\u0631\u0629 \u0628\u0631\u0627\u0626\u062d\u0629 \u0643\u0644\u0627\u0633\u064a\u0643\u064a\u0629 \u0648\u0642\u0648\u0627\u0645 \u064a\u0646\u0632\u0644\u0642 \u0628\u0633\u0647\u0648\u0644\u0629 \u0639\u0644\u0649 \u0628\u0634\u0631\u0629 \u0627\u0644\u0637\u0641\u0644 \u0644\u064a\u062a\u0631\u0643\u0647\u0627 \u0646\u0627\u0639\u0645\u0629 \u0648\u062c\u0627\u0641\u0629 \u0648\u064a\u0645\u0646\u062d\u0647\u0627 \u0627\u0644\u0631\u0627\u062d\u0629 \u0648\u0627\u0644\u0647\u062f\u0648\u0621 \ud83c\uddec\ud83c\udde7 Johnson&#8217;s Baby Talcum Powder \u2013 200g \ud83c\uddeb\ud83c\uddf7 Poudre de Talc pour B\u00e9b\u00e9 Johnson&#8217;s \u2013 200g<\/p>","protected":false},"featured_media":25710,"template":"","meta":[],"pwb-brand":[1401],"product_brand":[],"product_cat":[1162],"product_tag":[],"class_list":{"0":"post-25709","1":"product","2":"type-product","3":"status-publish","4":"has-post-thumbnail","6":"pwb-brand-johnsons","7":"product_cat-mom-baby","9":"first","10":"outofstock","11":"shipping-taxable","12":"product-type-variable","13":"has-default-attributes","14":"wvs-archive-product-wrapper"},"brands":[{"id":1401,"name":"Johnson's","slug":"johnsons"}],"_links":{"self":[{"href":"https:\/\/gopinkish.com\/fr\/wp-json\/wp\/v2\/product\/25709","targetHints":{"allow":["GET"]}}],"collection":[{"href":"https:\/\/gopinkish.com\/fr\/wp-json\/wp\/v2\/product"}],"about":[{"href":"https:\/\/gopinkish.com\/fr\/wp-json\/wp\/v2\/types\/product"}],"wp:featuredmedia":[{"embeddable":true,"href":"https:\/\/gopinkish.com\/fr\/wp-json\/wp\/v2\/media\/25710"}],"wp:attachment":[{"href":"https:\/\/gopinkish.com\/fr\/wp-json\/wp\/v2\/media?parent=25709"}],"wp:term":[{"taxonomy":"pwb-brand","embeddable":true,"href":"https:\/\/gopinkish.com\/fr\/wp-json\/wp\/v2\/pwb-brand?post=25709"},{"taxonomy":"product_brand","embeddable":true,"href":"https:\/\/gopinkish.com\/fr\/wp-json\/wp\/v2\/product_brand?post=25709"},{"taxonomy":"product_cat","embeddable":true,"href":"https:\/\/gopinkish.com\/fr\/wp-json\/wp\/v2\/product_cat?post=25709"},{"taxonomy":"product_tag","embeddable":true,"href":"https:\/\/gopinkish.com\/fr\/wp-json\/wp\/v2\/product_tag?post=25709"}],"curies":[{"name":"wp","href":"https:\/\/api.w.org\/{rel}","templated":true}]}}