{"id":25680,"date":"2025-05-09T17:05:54","date_gmt":"2025-05-09T16:05:54","guid":{"rendered":"https:\/\/gopinkish.com\/?post_type=product&#038;p=25680"},"modified":"2025-06-14T15:04:04","modified_gmt":"2025-06-14T14:04:04","slug":"8809576260441","status":"publish","type":"product","link":"https:\/\/gopinkish.com\/fr\/produit\/8809576260441\/","title":{"rendered":"Cr\u00e8me intensive hydratante et anti-taches \u00e0 la centella et au niacinamide"},"content":{"rendered":"<p style=\"text-align: justify;\">La cr\u00e8me Madagascar Centella de SKIN1004 apporte \u00e0 la peau de nombreux avantages pr\u00e9cieux : Gr\u00e2ce \u00e0 l'extrait de Centella asiatica, elle procure une hydratation intense et pr\u00e9serve durablement la fra\u00eecheur de la peau. Parall\u00e8lement, le niacinamide \u00e9claircit la peau et att\u00e9nue les taches brunes. Le squalane aide \u00e0 construire et \u00e0 renforcer la barri\u00e8re protectrice de la peau. Le visage est prot\u00e9g\u00e9 des influences n\u00e9fastes de l'environnement tout en b\u00e9n\u00e9ficiant d'un soin optimal.<\/p>\n<p style=\"text-align: justify;\">- Une cr\u00e8me l\u00e9g\u00e8re qui retient efficacement l'hydratation.<br \/>\n- Gr\u00e2ce \u00e0 l'extrait de squalane et \u00e0 la centella asiatica, il apaise la peau et forme un film protecteur hydratant.<br \/>\n- TECA apaise, hydrate et nourrit la peau.<br \/>\n- L'hydratation encapsule les mol\u00e9cules d'huile pour les maintenir douces et hydrat\u00e9es.<br \/>\n- Technologie de gel huile dans eau : L'\u00e9mulsion huile dans l'eau permet une hydratation plus profonde et plus durable.<br \/>\n- Effet \u00e9claircissant et anti-\u00e2ge prouv\u00e9 pour une peau claire et souple.<\/p>","protected":false},"excerpt":{"rendered":"<p>\u0643\u0631\u064a\u0645 \u0645\u062f\u063a\u0634\u0642\u0631 \u0633\u0646\u062a\u064a\u0644\u0627 \u0645\u0646 SKIN1004 \u064a\u062f\u0639\u0645 \u0627\u0644\u0628\u0634\u0631\u0629 \u0628\u0641\u0648\u0627\u0626\u062f \u0642\u064a\u0651\u0645\u0629 \u0639\u062f\u064a\u062f\u0629: \u0628\u0641\u0636\u0644 \u0645\u0633\u062a\u062e\u0644\u0635 \u0633\u0646\u062a\u064a\u0644\u0627 \u0623\u0633\u064a\u0627\u062a\u064a\u0643\u0627\u060c \u064a\u0648\u0641\u0631 \u062a\u0631\u0637\u064a\u0628\u064b\u0627 \u0645\u0643\u062b\u0641\u064b\u0627 \u0648\u064a\u062d\u0627\u0641\u0638 \u0639\u0644\u0649 \u0646\u0636\u0627\u0631\u0629 \u0627\u0644\u0628\u0634\u0631\u0629 \u0639\u0644\u0649 \u0627\u0644\u0645\u062f\u0649 \u0627\u0644\u0637\u0648\u064a\u0644. \u0641\u064a \u0627\u0644\u0648\u0642\u062a \u0646\u0641\u0633\u0647\u060c \u064a\u064f\u0636\u0641\u064a \u0627\u0644\u0646\u064a\u0627\u0633\u064a\u0646\u0627\u0645\u064a\u062f \u0625\u0634\u0631\u0627\u0642\u0629 \u0639\u0644\u0649 \u0627\u0644\u0628\u0634\u0631\u0629 \u0648\u064a\u064f\u0642\u0644\u0644 \u0645\u0646 \u0627\u0644\u0628\u0642\u0639 \u0627\u0644\u062f\u0627\u0643\u0646\u0629. \u064a\u064f\u0633\u0627\u0639\u062f \u0627\u0644\u0633\u0643\u0648\u0627\u0644\u064a\u0646 \u0639\u0644\u0649 \u0628\u0646\u0627\u0621 \u062d\u0627\u062c\u0632 \u062d\u0645\u0627\u064a\u0629 \u0627\u0644\u0628\u0634\u0631\u0629 \u0648\u062a\u0642\u0648\u064a\u062a\u0647. \u064a\u062d\u0645\u064a \u0627\u0644\u0648\u062c\u0647 \u0645\u0646 \u0627\u0644\u062a\u0623\u062b\u064a\u0631\u0627\u062a \u0627\u0644\u0628\u064a\u0626\u064a\u0629 \u0627\u0644\u0636\u0627\u0631\u0629 \u0648\u064a\u062d\u0638\u0649 \u0641\u064a \u0627\u0644\u0648\u0642\u062a \u0646\u0641\u0633\u0647 \u0628\u0631\u0639\u0627\u064a\u0629 [&hellip;]<\/p>\n","protected":false},"featured_media":25686,"template":"","meta":[],"pwb-brand":[1045],"product_brand":[],"product_cat":[1121,1123],"product_tag":[675,697,685],"class_list":{"0":"post-25680","1":"product","2":"type-product","3":"status-publish","4":"has-post-thumbnail","6":"pwb-brand-skin1004","7":"product_cat-face-moist","8":"product_cat-face-bright","9":"product_tag-spots","10":"product_tag-moisturizing","11":"product_tag-brightening","13":"first","14":"outofstock","15":"shipping-taxable","16":"product-type-variable","17":"has-default-attributes","18":"wvs-archive-product-wrapper"},"brands":[{"id":1045,"name":"SKIN1004","slug":"peau1004"}],"_links":{"self":[{"href":"https:\/\/gopinkish.com\/fr\/wp-json\/wp\/v2\/product\/25680","targetHints":{"allow":["GET"]}}],"collection":[{"href":"https:\/\/gopinkish.com\/fr\/wp-json\/wp\/v2\/product"}],"about":[{"href":"https:\/\/gopinkish.com\/fr\/wp-json\/wp\/v2\/types\/product"}],"wp:featuredmedia":[{"embeddable":true,"href":"https:\/\/gopinkish.com\/fr\/wp-json\/wp\/v2\/media\/25686"}],"wp:attachment":[{"href":"https:\/\/gopinkish.com\/fr\/wp-json\/wp\/v2\/media?parent=25680"}],"wp:term":[{"taxonomy":"pwb-brand","embeddable":true,"href":"https:\/\/gopinkish.com\/fr\/wp-json\/wp\/v2\/pwb-brand?post=25680"},{"taxonomy":"product_brand","embeddable":true,"href":"https:\/\/gopinkish.com\/fr\/wp-json\/wp\/v2\/product_brand?post=25680"},{"taxonomy":"product_cat","embeddable":true,"href":"https:\/\/gopinkish.com\/fr\/wp-json\/wp\/v2\/product_cat?post=25680"},{"taxonomy":"product_tag","embeddable":true,"href":"https:\/\/gopinkish.com\/fr\/wp-json\/wp\/v2\/product_tag?post=25680"}],"curies":[{"name":"wp","href":"https:\/\/api.w.org\/{rel}","templated":true}]}}