{"id":25666,"date":"2025-05-09T13:49:26","date_gmt":"2025-05-09T12:49:26","guid":{"rendered":"https:\/\/gopinkish.com\/?post_type=product&#038;p=25666"},"modified":"2025-05-09T13:49:26","modified_gmt":"2025-05-09T12:49:26","slug":"3600522875437","status":"publish","type":"product","link":"https:\/\/gopinkish.com\/fr\/produit\/3600522875437\/","title":{"rendered":"Fond de teint r\u00e9sistant \u00e0 l'eau avec une couvrance mate parfaite pendant 24 heures"},"content":{"rendered":"<p style=\"text-align: justify;\">D\u00e9couvrez le fond de teint Infallible Matte Cover waterproof 24 heures qui garantit une couvrance mate parfaite qui dure toute la journ\u00e9e. \u00c9tonnamment naturel ! Profitez de tous les avantages d'un fond de teint waterproof avec une couvrance mate parfaite qui dure toute la journ\u00e9e. Cette cr\u00e8me est tr\u00e8s couvrante, l\u00e9g\u00e8re et ultra-naturelle. Elle offre un fini mat pendant 24 heures tout en contr\u00f4lant la brillance. Gr\u00e2ce \u00e0 sa forte concentration en pigments dans une texture ultra-fluide, le fond de teint offre une couverture parfaite avec un fini lisse.<\/p>\n<p style=\"text-align: justify;\"><strong>Principales caract\u00e9ristiques et avantages :<\/strong><br \/>\nUne couvrance mate parfaite qui dure toute la journ\u00e9e.<br \/>\nContr\u00f4le de la brillance pendant 24 heures.<br \/>\nUn aspect tr\u00e8s naturel.<br \/>\nR\u00e9sistant \u00e0 l'eau et \u00e0 la transpiration.<\/p>","protected":false},"excerpt":{"rendered":"<p>\u0627\u0643\u062a\u0634\u0641\u064a \u0643\u0631\u064a\u0645 \u0627\u0644\u0623\u0633\u0627\u0633 \u0627\u0644\u0645\u0642\u0627\u0648\u0645 \u0644\u0644\u0645\u0627\u0621 &#8220;\u0625\u0646\u0641\u0627\u0644\u064a\u0628\u0644 \u0645\u0627\u062a \u0643\u0648\u0641\u0631&#8221; \u0627\u0644\u0630\u064a \u064a\u062f\u0648\u0645 24 \u0633\u0627\u0639\u0629 \u0648\u064a\u0636\u0645\u0646 \u0644\u0643\u0650 \u062a\u063a\u0637\u064a\u0629 \u0645\u062b\u0627\u0644\u064a\u0629 \u0645\u0637\u0641\u064a\u0629 \u062a\u062f\u0648\u0645 \u0637\u0648\u0627\u0644 \u0627\u0644\u064a\u0648\u0645. \u0637\u0628\u064a\u0639\u064a \u0628\u0634\u0643\u0644 \u0645\u062f\u0647\u0634! \u0627\u0633\u062a\u0645\u062a\u0639\u064a \u0628\u062c\u0645\u064a\u0639 \u0645\u0632\u0627\u064a\u0627 \u0643\u0631\u064a\u0645 \u0627\u0644\u0623\u0633\u0627\u0633 \u0627\u0644\u0645\u0642\u0627\u0648\u0645 \u0644\u0644\u0645\u0627\u0621 \u0628\u062a\u063a\u0637\u064a\u0629 \u0645\u062b\u0627\u0644\u064a\u0629 \u0645\u0637\u0641\u064a\u0629 \u062a\u062f\u0648\u0645 \u0637\u0648\u0627\u0644 \u0627\u0644\u064a\u0648\u0645. \u064a\u062a\u0645\u064a\u0632 \u0647\u0630\u0627 \u0627\u0644\u0643\u0631\u064a\u0645 \u0628\u062a\u063a\u0637\u064a\u0629 \u0643\u0627\u0645\u0644\u0629\u060c \u0648\u062e\u0641\u064a\u0641 \u0627\u0644\u0648\u0632\u0646\u060c \u0648\u0637\u0628\u064a\u0639\u064a \u0644\u0644\u063a\u0627\u064a\u0629. \u0643\u0645\u0627 \u064a\u062a\u0645\u064a\u0632 \u0628\u0644\u0645\u0633\u0629 \u0646\u0647\u0627\u0626\u064a\u0629 \u0645\u0637\u0641\u064a\u0629 \u062a\u062f\u0648\u0645 24 \u0633\u0627\u0639\u0629 \u0645\u0639 \u062a\u062d\u0643\u0645 [&hellip;]<\/p>\n","protected":false},"featured_media":25669,"template":"","meta":[],"pwb-brand":[239],"product_brand":[],"product_cat":[1175],"product_tag":[],"class_list":{"0":"post-25666","1":"product","2":"type-product","3":"status-publish","4":"has-post-thumbnail","6":"pwb-brand-loreal","7":"product_cat-foundation-makeup","9":"first","10":"instock","11":"shipping-taxable","12":"purchasable","13":"product-type-variable","14":"has-default-attributes","15":"wvs-archive-product-wrapper"},"brands":[{"id":239,"name":"L'Or\u00e9al Paris","slug":"loreal"}],"_links":{"self":[{"href":"https:\/\/gopinkish.com\/fr\/wp-json\/wp\/v2\/product\/25666","targetHints":{"allow":["GET"]}}],"collection":[{"href":"https:\/\/gopinkish.com\/fr\/wp-json\/wp\/v2\/product"}],"about":[{"href":"https:\/\/gopinkish.com\/fr\/wp-json\/wp\/v2\/types\/product"}],"wp:featuredmedia":[{"embeddable":true,"href":"https:\/\/gopinkish.com\/fr\/wp-json\/wp\/v2\/media\/25669"}],"wp:attachment":[{"href":"https:\/\/gopinkish.com\/fr\/wp-json\/wp\/v2\/media?parent=25666"}],"wp:term":[{"taxonomy":"pwb-brand","embeddable":true,"href":"https:\/\/gopinkish.com\/fr\/wp-json\/wp\/v2\/pwb-brand?post=25666"},{"taxonomy":"product_brand","embeddable":true,"href":"https:\/\/gopinkish.com\/fr\/wp-json\/wp\/v2\/product_brand?post=25666"},{"taxonomy":"product_cat","embeddable":true,"href":"https:\/\/gopinkish.com\/fr\/wp-json\/wp\/v2\/product_cat?post=25666"},{"taxonomy":"product_tag","embeddable":true,"href":"https:\/\/gopinkish.com\/fr\/wp-json\/wp\/v2\/product_tag?post=25666"}],"curies":[{"name":"wp","href":"https:\/\/api.w.org\/{rel}","templated":true}]}}