{"id":25653,"date":"2025-05-09T13:03:57","date_gmt":"2025-05-09T12:03:57","guid":{"rendered":"https:\/\/gopinkish.com\/?post_type=product&#038;p=25653"},"modified":"2025-05-09T13:03:58","modified_gmt":"2025-05-09T12:03:58","slug":"30177512","status":"publish","type":"product","link":"https:\/\/gopinkish.com\/fr\/produit\/30177512\/","title":{"rendered":"Base de maquillage \u00e0 couverture totale avec un fini mat et une formule l\u00e9g\u00e8re"},"content":{"rendered":"<p style=\"text-align: justify;\">Une base de maquillage couvrante. Obtenez un fini mat et couvrant gr\u00e2ce \u00e0 une formule l\u00e9g\u00e8re et non com\u00e9dog\u00e8ne qui glisse en douceur. Avec son SPF18, elle prot\u00e8ge des rayons UV du soleil. Couleur : 320 Taffy<\/p>","protected":false},"excerpt":{"rendered":"<p>Une base de maquillage couvrante. Obtenez un fini mat et couvrant gr\u00e2ce \u00e0 une formule l\u00e9g\u00e8re et non com\u00e9dog\u00e8ne qui glisse en douceur. Avec son SPF18, elle prot\u00e8ge des rayons UV du soleil. Couleur : 320 Taffy<\/p>","protected":false},"featured_media":25654,"template":"","meta":[],"pwb-brand":[239],"product_brand":[],"product_cat":[1175],"product_tag":[],"class_list":{"0":"post-25653","1":"product","2":"type-product","3":"status-publish","4":"has-post-thumbnail","6":"pwb-brand-loreal","7":"product_cat-foundation-makeup","9":"first","10":"instock","11":"shipping-taxable","12":"purchasable","13":"product-type-variable","14":"has-default-attributes","15":"wvs-archive-product-wrapper"},"brands":[{"id":239,"name":"L'Or\u00e9al Paris","slug":"loreal"}],"_links":{"self":[{"href":"https:\/\/gopinkish.com\/fr\/wp-json\/wp\/v2\/product\/25653","targetHints":{"allow":["GET"]}}],"collection":[{"href":"https:\/\/gopinkish.com\/fr\/wp-json\/wp\/v2\/product"}],"about":[{"href":"https:\/\/gopinkish.com\/fr\/wp-json\/wp\/v2\/types\/product"}],"wp:featuredmedia":[{"embeddable":true,"href":"https:\/\/gopinkish.com\/fr\/wp-json\/wp\/v2\/media\/25654"}],"wp:attachment":[{"href":"https:\/\/gopinkish.com\/fr\/wp-json\/wp\/v2\/media?parent=25653"}],"wp:term":[{"taxonomy":"pwb-brand","embeddable":true,"href":"https:\/\/gopinkish.com\/fr\/wp-json\/wp\/v2\/pwb-brand?post=25653"},{"taxonomy":"product_brand","embeddable":true,"href":"https:\/\/gopinkish.com\/fr\/wp-json\/wp\/v2\/product_brand?post=25653"},{"taxonomy":"product_cat","embeddable":true,"href":"https:\/\/gopinkish.com\/fr\/wp-json\/wp\/v2\/product_cat?post=25653"},{"taxonomy":"product_tag","embeddable":true,"href":"https:\/\/gopinkish.com\/fr\/wp-json\/wp\/v2\/product_tag?post=25653"}],"curies":[{"name":"wp","href":"https:\/\/api.w.org\/{rel}","templated":true}]}}