{"id":25639,"date":"2025-05-08T01:07:14","date_gmt":"2025-05-08T00:07:14","guid":{"rendered":"https:\/\/gopinkish.com\/?post_type=product&#038;p=25639"},"modified":"2026-03-29T16:41:09","modified_gmt":"2026-03-29T15:41:09","slug":"4015100715743","status":"publish","type":"product","link":"https:\/\/gopinkish.com\/fr\/produit\/4015100715743\/","title":{"rendered":"Teinture blonde riche en huile et r\u00e9sistante aux agressions, en plusieurs niveaux\/couleurs"},"content":{"rendered":"<p style=\"text-align: justify;\">Schwarzkopf Brillance's 2-in-1 Ultra Lightener &amp; Colour vous permet d'\u00e9claircir vos cheveux jusqu'\u00e0 neuf niveaux. Gr\u00e2ce \u00e0 la technologie d'\u00e9claircissement et de coloration sp\u00e9cialement d\u00e9velopp\u00e9e, la coloration vous donne un blond lumineux.<\/p>\n<p style=\"text-align: justify;\">Les pigments violets ajout\u00e9s donnent \u00e0 la nuance une touche de fra\u00eecheur et pr\u00e9viennent la pigmentation jaune. La formule riche en huile et le complexe anti-dommages permettent \u00e9galement de r\u00e9duire de 80 % les cassures. Pour des cheveux blonds d'apparence fra\u00eeche !<\/p>\n<p style=\"text-align: justify;\">\u00c9clairage jusqu'\u00e0 neuf niveaux<br \/>\nEffet anti-jaunissement<br \/>\nFormule riche en huile<br \/>\nPour un blond froid de longue dur\u00e9e<\/p>\n<p dir=\"ltr\" style=\"text-align: center;\">\ud83c\uddec\ud83c\udde7 Schwarzkopf Brillance Cr\u00e8me de couleur intensive<br \/>\n\ud83c\uddeb\ud83c\uddf7 Schwarzkopf Brillance Cr\u00e8me Colorante Intensive<\/p>","protected":false},"excerpt":{"rendered":"<p>\u0634\u0642\u0631\u0627\u0621 \u062c\u0645\u064a\u0644\u0629 \u0648\u0631\u0627\u0626\u0639\u0629 \u0628\u062f\u0648\u0646 \u0644\u0648\u0646 \u0623\u0635\u0641\u0631\u061f \u064a\u062a\u064a\u062d \u0644\u0643 \u0645\u0646\u062a\u062c 2 \u0641\u064a 1 Ultra Lightener &amp; Color \u0645\u0646 Schwarzkopf Brillance \u062a\u0641\u062a\u064a\u062d \u0634\u0639\u0631\u0643 \u062d\u062a\u0649 \u062a\u0633\u0639\u0629 \u0645\u0633\u062a\u0648\u064a\u0627\u062a. \u0628\u0641\u0636\u0644 \u062a\u0642\u0646\u064a\u0629 \u0627\u0644\u062a\u0641\u062a\u064a\u062d \u0648\u0627\u0644\u062a\u0644\u0648\u064a\u0646 \u0627\u0644\u0645\u0637\u0648\u0631\u0629 \u062e\u0635\u064a\u0635\u064b\u0627\u060c \u064a\u0645\u0646\u062d\u0643 \u0644\u0648\u0646 \u0627\u0644\u0634\u0639\u0631 \u0644\u0648\u0646\u064b\u0627 \u0623\u0634\u0642\u0631\u064b\u0627 \u0645\u0634\u0631\u0642\u064b\u0627. \u062a\u0639\u0645\u0644 \u0623\u0635\u0628\u0627\u063a \u0627\u0644\u0644\u0648\u0646 \u0627\u0644\u0628\u0646\u0641\u0633\u062c\u064a \u0627\u0644\u0645\u0636\u0627\u0641\u0629 \u0639\u0644\u0649 \u0645\u0646\u062d \u0627\u0644\u0638\u0644 \u0644\u0645\u0633\u0627\u062a \u0628\u0627\u0631\u062f\u0629 \u0648\u062a\u0645\u0646\u0639 \u0627\u0644\u0635\u0628\u063a\u0629 \u0627\u0644\u0635\u0641\u0631\u0627\u0621. \u0643\u0645\u0627 \u062a\u0636\u0645\u0646 \u0627\u0644\u062a\u0631\u0643\u064a\u0628\u0629 \u0627\u0644\u063a\u0646\u064a\u0629 \u0628\u0627\u0644\u0632\u064a\u062a \u0648\u0627\u0644\u0645\u0631\u0643\u0628 [&hellip;]<\/p>\n","protected":false},"featured_media":25640,"template":"","meta":[],"pwb-brand":[732],"product_brand":[],"product_cat":[1238],"product_tag":[],"class_list":{"0":"post-25639","1":"product","2":"type-product","3":"status-publish","4":"has-post-thumbnail","6":"pwb-brand-schwarzkopf","7":"product_cat-hair-dye","9":"first","10":"instock","11":"shipping-taxable","12":"purchasable","13":"product-type-variable","14":"has-default-attributes","15":"wvs-archive-product-wrapper"},"brands":[{"id":732,"name":"Schwarzkopf","slug":"schwarzkopf"}],"_links":{"self":[{"href":"https:\/\/gopinkish.com\/fr\/wp-json\/wp\/v2\/product\/25639","targetHints":{"allow":["GET"]}}],"collection":[{"href":"https:\/\/gopinkish.com\/fr\/wp-json\/wp\/v2\/product"}],"about":[{"href":"https:\/\/gopinkish.com\/fr\/wp-json\/wp\/v2\/types\/product"}],"wp:featuredmedia":[{"embeddable":true,"href":"https:\/\/gopinkish.com\/fr\/wp-json\/wp\/v2\/media\/25640"}],"wp:attachment":[{"href":"https:\/\/gopinkish.com\/fr\/wp-json\/wp\/v2\/media?parent=25639"}],"wp:term":[{"taxonomy":"pwb-brand","embeddable":true,"href":"https:\/\/gopinkish.com\/fr\/wp-json\/wp\/v2\/pwb-brand?post=25639"},{"taxonomy":"product_brand","embeddable":true,"href":"https:\/\/gopinkish.com\/fr\/wp-json\/wp\/v2\/product_brand?post=25639"},{"taxonomy":"product_cat","embeddable":true,"href":"https:\/\/gopinkish.com\/fr\/wp-json\/wp\/v2\/product_cat?post=25639"},{"taxonomy":"product_tag","embeddable":true,"href":"https:\/\/gopinkish.com\/fr\/wp-json\/wp\/v2\/product_tag?post=25639"}],"curies":[{"name":"wp","href":"https:\/\/api.w.org\/{rel}","templated":true}]}}