{"id":2562,"date":"2023-02-03T20:43:32","date_gmt":"2023-02-03T19:43:32","guid":{"rendered":"https:\/\/gopinkish.com\/?post_type=product&#038;p=2562"},"modified":"2024-10-29T09:23:51","modified_gmt":"2024-10-29T08:23:51","slug":"91001","status":"publish","type":"product","link":"https:\/\/gopinkish.com\/fr\/produit\/91001\/","title":{"rendered":"Mascara Curl &amp; Volume"},"content":{"rendered":"<p>Le mascara Lash Princess Curl &amp; Volume est un mascara qui vous donne un look exceptionnel. La t\u00eate de la brosse est en forme de sablier. Chaque cil re\u00e7oit ainsi une couche de mascara personnalis\u00e9e. Vous obtenez ainsi un volume important et une courbure parfaite.<\/p>\n<p>Avec son emballage iconique et son code couleur rose, le mascara Lash Princess Curl &amp; Volume ne passe pas inaper\u00e7u. Mais ce qui le distingue vraiment, c'est la forme magnifique de sa brosse. Cette brosse en fibres est \u00e9troite au milieu et plus large aux extr\u00e9mit\u00e9s. Elle permet d'appliquer plus de mascara sur les cils des coins internes et externes de l'\u0153il et de les faire para\u00eetre plus fournis.<br \/>\nUne courbure et une taille \u00e9tonnantes.<\/p>","protected":false},"excerpt":{"rendered":"<p>\u0645\u0627\u0633\u0643\u0627\u0631\u0627 Lash Princess Curl &amp; Volume \u0647\u064a \u0645\u0627\u0633\u0643\u0627\u0631\u0627 \u062a\u0645\u0646\u062d\u0643 \u0645\u0638\u0647\u0631\u064b\u0627 \u0631\u0627\u0626\u0639\u064b\u0627. \u0631\u0623\u0633 \u0627\u0644\u0641\u0631\u0634\u0627\u0629 \u0639\u0644\u0649 \u0634\u0643\u0644 \u0633\u0627\u0639\u0629 \u0631\u0645\u0644\u064a\u0629. \u0647\u0630\u0627 \u064a\u0648\u0641\u0631 \u0644\u0643\u0644 \u0631\u0645\u0634 \u0637\u0628\u0642\u0629 \u0645\u062e\u0635\u0635\u0629 \u0645\u0646 \u0627\u0644\u0645\u0627\u0633\u0643\u0627\u0631\u0627. \u0628\u0647\u0630\u0647 \u0627\u0644\u0637\u0631\u064a\u0642\u0629 \u064a\u0645\u0643\u0646\u0643 \u0627\u0644\u062d\u0635\u0648\u0644 \u0639\u0644\u0649 \u062d\u062c\u0645 \u0643\u0628\u064a\u0631 \u0648\u062a\u062c\u0639\u064a\u062f \u0645\u062b\u0627\u0644\u064a. \u0645\u0639 \u0639\u0628\u0648\u062a\u0647\u0627 \u0627\u0644\u0645\u0645\u064a\u0632\u0629 \u0648\u0631\u0645\u0632 \u0627\u0644\u0644\u0648\u0646 \u0627\u0644\u0648\u0631\u062f\u064a \u060c \u0644\u0627 \u062a\u0645\u0631 \u0645\u0627\u0633\u0643\u0627\u0631\u0627 Lash Princess Curl &amp; Volume \u062f\u0648\u0646 \u0623\u0646 \u064a\u0644\u0627\u062d\u0638\u0647\u0627 \u0623\u062d\u062f. \u0644\u0643\u0646 \u0645\u0627 [&hellip;]<\/p>\n","protected":false},"featured_media":2872,"template":"","meta":[],"pwb-brand":[237],"product_brand":[],"product_cat":[1189],"product_tag":[],"class_list":{"0":"post-2562","1":"product","2":"type-product","3":"status-publish","4":"has-post-thumbnail","6":"pwb-brand-essence","7":"product_cat-eyes-mascara","9":"first","10":"outofstock","11":"shipping-taxable","12":"purchasable","13":"product-type-simple"},"brands":[{"id":237,"name":"Essence","slug":"essence"}],"_links":{"self":[{"href":"https:\/\/gopinkish.com\/fr\/wp-json\/wp\/v2\/product\/2562","targetHints":{"allow":["GET"]}}],"collection":[{"href":"https:\/\/gopinkish.com\/fr\/wp-json\/wp\/v2\/product"}],"about":[{"href":"https:\/\/gopinkish.com\/fr\/wp-json\/wp\/v2\/types\/product"}],"wp:featuredmedia":[{"embeddable":true,"href":"https:\/\/gopinkish.com\/fr\/wp-json\/wp\/v2\/media\/2872"}],"wp:attachment":[{"href":"https:\/\/gopinkish.com\/fr\/wp-json\/wp\/v2\/media?parent=2562"}],"wp:term":[{"taxonomy":"pwb-brand","embeddable":true,"href":"https:\/\/gopinkish.com\/fr\/wp-json\/wp\/v2\/pwb-brand?post=2562"},{"taxonomy":"product_brand","embeddable":true,"href":"https:\/\/gopinkish.com\/fr\/wp-json\/wp\/v2\/product_brand?post=2562"},{"taxonomy":"product_cat","embeddable":true,"href":"https:\/\/gopinkish.com\/fr\/wp-json\/wp\/v2\/product_cat?post=2562"},{"taxonomy":"product_tag","embeddable":true,"href":"https:\/\/gopinkish.com\/fr\/wp-json\/wp\/v2\/product_tag?post=2562"}],"curies":[{"name":"wp","href":"https:\/\/api.w.org\/{rel}","templated":true}]}}