{"id":25604,"date":"2025-05-07T23:36:54","date_gmt":"2025-05-07T22:36:54","guid":{"rendered":"https:\/\/gopinkish.com\/?post_type=product&#038;p=25604"},"modified":"2026-03-08T19:36:26","modified_gmt":"2026-03-08T18:36:26","slug":"3178044048528","status":"publish","type":"product","link":"https:\/\/gopinkish.com\/fr\/produit\/3178044048528\/","title":{"rendered":"Cr\u00e8me de jour hydratante pour les peaux s\u00e8ches et sensibles"},"content":{"rendered":"<p style=\"text-align: justify;\">La peau poss\u00e8de une couche hydrolipidique dont le pH est de 5. Cette barri\u00e8re naturelle permet de la prot\u00e9ger des agressions ext\u00e9rieures. Le respect de ce pH est essentiel, en particulier pour les peaux s\u00e8ches et sensibles. Pour r\u00e9pondre aux besoins des peaux s\u00e8ches et sensibles, les Laboratoires Diadermine ont cr\u00e9\u00e9 la Cr\u00e8me de Jour Hydratante et Protectrice PH5, id\u00e9ale pour r\u00e9tablir le niveau d'hydratation de la peau, la prot\u00e9ger ainsi des agressions ext\u00e9rieures et lui redonner douceur et \u00e9lasticit\u00e9.<\/p>\n<p style=\"text-align: justify;\">Efficacit\u00e9 : Hydrate et prot\u00e8ge la peau.<br \/>\nLes r\u00e9sultats : La peau est intens\u00e9ment nourrie et prot\u00e9g\u00e9e, elle retrouve douceur, \u00e9lasticit\u00e9 et confort.<br \/>\nLa texture : Cr\u00e9meuse et non collante, elle p\u00e9n\u00e8tre rapidement dans la peau.<br \/>\nConseil cosm\u00e9tique : Appliquer chaque matin sur un visage parfaitement nettoy\u00e9. Convient aux peaux sensibles.<\/p>\n<p style=\"text-align: justify;\">- Enrichi en provitamine B5<br \/>\n- Nourrit et prot\u00e8ge intens\u00e9ment la peau<br \/>\n- Redonne de la douceur, de la souplesse et du confort<\/p>\n<p dir=\"ltr\" style=\"text-align: center;\">\ud83c\uddec\ud83c\udde7 Diadermine PH5 Cr\u00e8me de Jour Protectrice Hydratante - 50ml<br \/>\n\ud83c\uddeb\ud83c\uddf7 Diadermine PH5 Soin de Jour Hydratant Protecteur - 50ml<\/p>","protected":false},"excerpt":{"rendered":"<p>\u062a\u062a\u0645\u062a\u0639 \u0627\u0644\u0628\u0634\u0631\u0629 \u0628\u0637\u0628\u0642\u0629 \u0647\u064a\u062f\u0631\u0648\u0644\u064a\u0628\u064a\u062f\u064a\u0629 \u0630\u0627\u062a \u062f\u0631\u062c\u0629 \u062d\u0645\u0648\u0636\u0629 5. \u064a\u0633\u0627\u0639\u062f \u0647\u0630\u0627 \u0627\u0644\u062d\u0627\u062c\u0632 \u0627\u0644\u0637\u0628\u064a\u0639\u064a \u0639\u0644\u0649 \u062d\u0645\u0627\u064a\u062a\u0647\u0627 \u0645\u0646 \u0627\u0644\u0639\u0648\u0627\u0645\u0644 \u0627\u0644\u062e\u0627\u0631\u062c\u064a\u0629 \u0627\u0644\u0636\u0627\u0631\u0629. \u0644\u0630\u0627\u060c \u064a\u064f\u0639\u062f\u0651 \u0627\u062d\u062a\u0631\u0627\u0645 \u062f\u0631\u062c\u0629 \u0627\u0644\u062d\u0645\u0648\u0636\u0629 \u0647\u0630\u0647 \u0623\u0645\u0631\u064b\u0627 \u0636\u0631\u0648\u0631\u064a\u064b\u0627\u060c \u062e\u0627\u0635\u0629\u064b \u0644\u0644\u0628\u0634\u0631\u0629 \u0627\u0644\u062c\u0627\u0641\u0629 \u0648\u0627\u0644\u062d\u0633\u0627\u0633\u0629. \u0648\u0644\u062a\u0644\u0628\u064a\u0629 \u0627\u062d\u062a\u064a\u0627\u062c\u0627\u062a \u0627\u0644\u0628\u0634\u0631\u0629 \u0627\u0644\u062c\u0627\u0641\u0629 \u0648\u0627\u0644\u062d\u0633\u0627\u0633\u0629\u060c \u0627\u0628\u062a\u0643\u0631\u062a \u0645\u062e\u062a\u0628\u0631\u0627\u062a \u062f\u064a\u0627\u062f\u0631\u0645\u064a\u0646 \u0643\u0631\u064a\u0645 \u0627\u0644\u0646\u0647\u0627\u0631 \u0627\u0644\u0645\u0631\u0637\u0628 \u0648\u0627\u0644\u0648\u0642\u0627\u0626\u064a PH5\u060c \u0648\u0647\u0648 \u0645\u062b\u0627\u0644\u064a \u0644\u0627\u0633\u062a\u0639\u0627\u062f\u0629 \u0645\u0633\u062a\u0648\u0649 \u0631\u0637\u0648\u0628\u0629 \u0627\u0644\u0628\u0634\u0631\u0629\u060c \u0648\u0628\u0627\u0644\u062a\u0627\u0644\u064a \u062d\u0645\u0627\u064a\u062a\u0647\u0627 \u0645\u0646 \u0627\u0644\u0639\u0648\u0627\u0645\u0644 \u0627\u0644\u062e\u0627\u0631\u062c\u064a\u0629 \u0627\u0644\u0636\u0627\u0631\u0629\u060c [&hellip;]<\/p>\n","protected":false},"featured_media":25607,"template":"","meta":[],"pwb-brand":[254],"product_brand":[],"product_cat":[1121],"product_tag":[697],"class_list":{"0":"post-25604","1":"product","2":"type-product","3":"status-publish","4":"has-post-thumbnail","6":"pwb-brand-diadermine","7":"product_cat-face-moist","8":"product_tag-moisturizing","10":"first","11":"instock","12":"shipping-taxable","13":"purchasable","14":"product-type-variable","15":"has-default-attributes","16":"wvs-archive-product-wrapper"},"brands":[{"id":254,"name":"Diadermine","slug":"diadermine"}],"_links":{"self":[{"href":"https:\/\/gopinkish.com\/fr\/wp-json\/wp\/v2\/product\/25604","targetHints":{"allow":["GET"]}}],"collection":[{"href":"https:\/\/gopinkish.com\/fr\/wp-json\/wp\/v2\/product"}],"about":[{"href":"https:\/\/gopinkish.com\/fr\/wp-json\/wp\/v2\/types\/product"}],"wp:featuredmedia":[{"embeddable":true,"href":"https:\/\/gopinkish.com\/fr\/wp-json\/wp\/v2\/media\/25607"}],"wp:attachment":[{"href":"https:\/\/gopinkish.com\/fr\/wp-json\/wp\/v2\/media?parent=25604"}],"wp:term":[{"taxonomy":"pwb-brand","embeddable":true,"href":"https:\/\/gopinkish.com\/fr\/wp-json\/wp\/v2\/pwb-brand?post=25604"},{"taxonomy":"product_brand","embeddable":true,"href":"https:\/\/gopinkish.com\/fr\/wp-json\/wp\/v2\/product_brand?post=25604"},{"taxonomy":"product_cat","embeddable":true,"href":"https:\/\/gopinkish.com\/fr\/wp-json\/wp\/v2\/product_cat?post=25604"},{"taxonomy":"product_tag","embeddable":true,"href":"https:\/\/gopinkish.com\/fr\/wp-json\/wp\/v2\/product_tag?post=25604"}],"curies":[{"name":"wp","href":"https:\/\/api.w.org\/{rel}","templated":true}]}}