{"id":25599,"date":"2025-05-07T22:44:38","date_gmt":"2025-05-07T21:44:38","guid":{"rendered":"https:\/\/gopinkish.com\/?post_type=product&#038;p=25599"},"modified":"2026-04-25T21:59:32","modified_gmt":"2026-04-25T20:59:32","slug":"3178044048535","status":"publish","type":"product","link":"https:\/\/gopinkish.com\/fr\/produit\/3178044048535\/","title":{"rendered":"Cr\u00e8me de jour hydratante pour les peaux normales et mixtes"},"content":{"rendered":"<p style=\"text-align: justify;\">Pour r\u00e9pondre aux besoins sp\u00e9cifiques des peaux normales \u00e0 mixtes, les Laboratoires DIADERMINE ont cr\u00e9\u00e9 la Cr\u00e8me de Jour Hydratante Matifiante PH 7, la solution id\u00e9ale pour hydrater parfaitement la peau tout en la matifiant, pour un teint clair et uniforme.<\/p>\n<p style=\"text-align: justify;\">Hydrate et matifie la peau pour pr\u00e9venir l'apparition de brillances ind\u00e9sirables. Votre peau est plus hydrat\u00e9e, prot\u00e9g\u00e9e, plus claire et plus fra\u00eeche tout au long de la journ\u00e9e.<\/p>\n<p style=\"text-align: justify;\">- Renforc\u00e9 par de l'allanto\u00efne<br \/>\n- Peau intens\u00e9ment hydrat\u00e9e et prot\u00e9g\u00e9e<br \/>\n- Une peau claire et mate<\/p>\n<p dir=\"ltr\" style=\"text-align: center;\">Diadermine PH7 Hydratant Matifiant Soin De Jour<\/p>","protected":false},"excerpt":{"rendered":"<p>\u0644\u062a\u0644\u0628\u064a\u0629 \u0627\u0644\u0627\u062d\u062a\u064a\u0627\u062c\u0627\u062a \u0627\u0644\u0645\u062d\u062f\u062f\u0629 \u0644\u0644\u0628\u0634\u0631\u0629 \u0627\u0644\u0639\u0627\u062f\u064a\u0629 \u0625\u0644\u0649 \u0627\u0644\u0645\u062e\u062a\u0644\u0637\u0629\u060c \u0627\u0628\u062a\u0643\u0631\u062a \u0645\u062e\u062a\u0628\u0631\u0627\u062a DIADERMINE \u0643\u0631\u064a\u0645 \u0627\u0644\u0646\u0647\u0627\u0631 \u0627\u0644\u0645\u0631\u0637\u0628 PH 7 Mattifying Moisturizing Day Cream\u060c \u0648\u0647\u0648 \u0627\u0644\u062d\u0644 \u0627\u0644\u0645\u062b\u0627\u0644\u064a \u0644\u062a\u0631\u0637\u064a\u0628 \u0627\u0644\u0628\u0634\u0631\u0629 \u0628\u0634\u0643\u0644 \u0645\u062b\u0627\u0644\u064a \u0645\u0639 \u062c\u0639\u0644\u0647\u0627 \u063a\u064a\u0631 \u0644\u0627\u0645\u0639\u0629\u060c \u0644\u0644\u062d\u0635\u0648\u0644 \u0639\u0644\u0649 \u0628\u0634\u0631\u0629 \u0635\u0627\u0641\u064a\u0629 \u0648\u0645\u0648\u062d\u062f\u0629. \u064a\u064f\u0631\u0637\u0651\u0628 \u0627\u0644\u0628\u0634\u0631\u0629 \u0648\u064a\u064f\u062e\u0641\u0651\u0641 \u0644\u0645\u0639\u0627\u0646\u0647\u0627 \u0644\u064a\u0645\u0646\u0639 \u0638\u0647\u0648\u0631 \u0627\u0644\u0644\u0645\u0639\u0627\u0646 \u063a\u064a\u0631 \u0627\u0644\u0645\u0631\u063a\u0648\u0628 \u0641\u064a\u0647. \u0628\u0634\u0631\u062a\u0643\u0650 \u0623\u0643\u062b\u0631 \u062a\u0631\u0637\u064a\u0628\u064b\u0627 \u0648\u062d\u0645\u0627\u064a\u0629\u064b \u0648\u0646\u0642\u0627\u0621\u064b \u0648\u0627\u0646\u062a\u0639\u0627\u0634\u064b\u0627 \u0637\u0648\u0627\u0644 \u0627\u0644\u064a\u0648\u0645. &#8211; \u0645\u064f\u0639\u0632\u0651\u0632 [&hellip;]<\/p>\n","protected":false},"featured_media":25600,"template":"","meta":[],"pwb-brand":[254],"product_brand":[],"product_cat":[1121,1231],"product_tag":[697],"class_list":{"0":"post-25599","1":"product","2":"type-product","3":"status-publish","4":"has-post-thumbnail","6":"pwb-brand-diadermine","7":"product_cat-face-moist","8":"product_cat-daily-face-care","9":"product_tag-moisturizing","11":"first","12":"instock","13":"shipping-taxable","14":"purchasable","15":"product-type-variable","16":"has-default-attributes","17":"wvs-archive-product-wrapper"},"brands":[{"id":254,"name":"Diadermine","slug":"diadermine"}],"_links":{"self":[{"href":"https:\/\/gopinkish.com\/fr\/wp-json\/wp\/v2\/product\/25599","targetHints":{"allow":["GET"]}}],"collection":[{"href":"https:\/\/gopinkish.com\/fr\/wp-json\/wp\/v2\/product"}],"about":[{"href":"https:\/\/gopinkish.com\/fr\/wp-json\/wp\/v2\/types\/product"}],"wp:featuredmedia":[{"embeddable":true,"href":"https:\/\/gopinkish.com\/fr\/wp-json\/wp\/v2\/media\/25600"}],"wp:attachment":[{"href":"https:\/\/gopinkish.com\/fr\/wp-json\/wp\/v2\/media?parent=25599"}],"wp:term":[{"taxonomy":"pwb-brand","embeddable":true,"href":"https:\/\/gopinkish.com\/fr\/wp-json\/wp\/v2\/pwb-brand?post=25599"},{"taxonomy":"product_brand","embeddable":true,"href":"https:\/\/gopinkish.com\/fr\/wp-json\/wp\/v2\/product_brand?post=25599"},{"taxonomy":"product_cat","embeddable":true,"href":"https:\/\/gopinkish.com\/fr\/wp-json\/wp\/v2\/product_cat?post=25599"},{"taxonomy":"product_tag","embeddable":true,"href":"https:\/\/gopinkish.com\/fr\/wp-json\/wp\/v2\/product_tag?post=25599"}],"curies":[{"name":"wp","href":"https:\/\/api.w.org\/{rel}","templated":true}]}}