{"id":25471,"date":"2025-05-03T02:31:05","date_gmt":"2025-05-03T01:31:05","guid":{"rendered":"https:\/\/gopinkish.com\/?post_type=product&#038;p=25471"},"modified":"2025-08-03T12:29:22","modified_gmt":"2025-08-03T11:29:22","slug":"3600551109176","status":"publish","type":"product","link":"https:\/\/gopinkish.com\/fr\/produit\/3600551109176\/","title":{"rendered":"Set de maquillage pour les yeux charbonneux (Mascara + Liner + Pinceau \u00e0 sourcils)"},"content":{"rendered":"<p style=\"text-align: justify;\">La collection NYX Professional Makeup contient deux produits pour le maquillage des yeux. Le premier est le mascara On The Rise Volume Lifts dans une riche couleur noire. Gr\u00e2ce \u00e0 la forme distinctive de sa brosse, il recourbe vos cils et leur donne un volume incroyable d\u00e8s la racine. La deuxi\u00e8me partie de la collection est le crayon pomade pour sourcils Fill &amp; Fluff, de couleur noire. Il poss\u00e8de deux extr\u00e9mit\u00e9s diff\u00e9rentes. Une extr\u00e9mit\u00e9 sert \u00e0 remplir les poils fins des sourcils, tandis que l'autre, avec sa brosse dense, est utilis\u00e9e pour estomper.<\/p>\n<p style=\"text-align: justify;\">Ces produits sont des produits de maquillage \u00e0 base de plantes. Par exemple, le mascara utilise de la cire d'abeille synth\u00e9tique, ce qui signifie que le produit ne contient aucun ingr\u00e9dient d'origine animale.<\/p>\n<p dir=\"ltr\" style=\"text-align: center;\">\ud83c\uddec\ud83c\udde7 NYX Professional Makeup Palette Epic Smokey Eye - Noir<br \/>\n\ud83c\uddeb\ud83c\uddf7 Palette Yeux Smokey \u00c9pique NYX Professional Makeup - Noir<\/p>","protected":false},"excerpt":{"rendered":"<p>\u062a\u062d\u062a\u0648\u064a \u0645\u062c\u0645\u0648\u0639\u0629 NYX Professional Makeup \u0639\u0644\u0649 \u0645\u0646\u062a\u062c\u064a\u0646 \u0644\u0645\u0643\u064a\u0627\u062c \u0639\u064a\u0648\u0646\u0643\u0650. \u0627\u0644\u0623\u0648\u0644 \u0647\u0648 \u0645\u0627\u0633\u0643\u0627\u0631\u0627 On The Rise Volume Liftscara \u0628\u0644\u0648\u0646 \u0623\u0633\u0648\u062f \u063a\u0646\u064a. \u0628\u0641\u0636\u0644 \u0634\u0643\u0644 \u0641\u0631\u0634\u0627\u062a\u0647\u0627 \u0627\u0644\u0645\u0645\u064a\u0632\u060c \u062a\u064f\u0642\u0648\u0651\u0633 \u0631\u0645\u0648\u0634\u0643\u0650 \u0648\u062a\u064f\u0639\u0637\u064a\u0647\u0627 \u0643\u062b\u0627\u0641\u0629 \u0631\u0627\u0626\u0639\u0629 \u0645\u0646 \u062c\u0630\u0648\u0631\u0647\u0627. \u0623\u0645\u0627 \u0627\u0644\u062c\u0632\u0621 \u0627\u0644\u062b\u0627\u0646\u064a \u0645\u0646 \u0627\u0644\u0645\u062c\u0645\u0648\u0639\u0629 \u0641\u064a\u062a\u0636\u0645\u0646 \u0642\u0644\u0645 Fill &amp; Fluff Eyebrow Pomade Pencil \u0627\u0644\u0623\u0633\u0648\u062f. \u064a\u062a\u0645\u064a\u0632 \u0628\u0637\u0631\u0641\u064a\u0646 \u0645\u062e\u062a\u0644\u0641\u064a\u0646. \u064a\u064f\u0633\u062a\u062e\u062f\u0645 \u0623\u062d\u062f \u0627\u0644\u0637\u0631\u0641\u064a\u0646 \u0644\u0645\u0644\u0621 \u0634\u0639\u064a\u0631\u0627\u062a \u0627\u0644\u062d\u0648\u0627\u062c\u0628 \u0627\u0644\u062f\u0642\u064a\u0642\u0629\u060c [&hellip;]<\/p>\n","protected":false},"featured_media":25475,"template":"","meta":[],"pwb-brand":[767],"product_brand":[],"product_cat":[1189,1194,1193],"product_tag":[],"class_list":{"0":"post-25471","1":"product","2":"type-product","3":"status-publish","4":"has-post-thumbnail","6":"pwb-brand-nyx","7":"product_cat-eyes-mascara","8":"product_cat-eyebrows-pencils","9":"product_cat-eyebrows-mascara","11":"first","12":"instock","13":"shipping-taxable","14":"purchasable","15":"product-type-variable","16":"has-default-attributes","17":"wvs-archive-product-wrapper"},"brands":[{"id":767,"name":"Nyx","slug":"nyx"}],"_links":{"self":[{"href":"https:\/\/gopinkish.com\/fr\/wp-json\/wp\/v2\/product\/25471","targetHints":{"allow":["GET"]}}],"collection":[{"href":"https:\/\/gopinkish.com\/fr\/wp-json\/wp\/v2\/product"}],"about":[{"href":"https:\/\/gopinkish.com\/fr\/wp-json\/wp\/v2\/types\/product"}],"wp:featuredmedia":[{"embeddable":true,"href":"https:\/\/gopinkish.com\/fr\/wp-json\/wp\/v2\/media\/25475"}],"wp:attachment":[{"href":"https:\/\/gopinkish.com\/fr\/wp-json\/wp\/v2\/media?parent=25471"}],"wp:term":[{"taxonomy":"pwb-brand","embeddable":true,"href":"https:\/\/gopinkish.com\/fr\/wp-json\/wp\/v2\/pwb-brand?post=25471"},{"taxonomy":"product_brand","embeddable":true,"href":"https:\/\/gopinkish.com\/fr\/wp-json\/wp\/v2\/product_brand?post=25471"},{"taxonomy":"product_cat","embeddable":true,"href":"https:\/\/gopinkish.com\/fr\/wp-json\/wp\/v2\/product_cat?post=25471"},{"taxonomy":"product_tag","embeddable":true,"href":"https:\/\/gopinkish.com\/fr\/wp-json\/wp\/v2\/product_tag?post=25471"}],"curies":[{"name":"wp","href":"https:\/\/api.w.org\/{rel}","templated":true}]}}