{"id":25452,"date":"2025-05-03T01:55:28","date_gmt":"2025-05-03T00:55:28","guid":{"rendered":"https:\/\/gopinkish.com\/?post_type=product&#038;p=25452"},"modified":"2026-03-31T22:55:40","modified_gmt":"2026-03-31T21:55:40","slug":"3378872159582","status":"publish","type":"product","link":"https:\/\/gopinkish.com\/fr\/produit\/3378872159582\/","title":{"rendered":"Sels de bain parfum\u00e9s \u00e0 la fleur de coton"},"content":{"rendered":"<p style=\"text-align: justify;\">Sephora Sel de bain Wild Wishes avec perles de douche. Collection Sephora, sel de bain Wild Wishes avec perles de douche.<br \/>\nSel de bain Sephora Collection, au doux parfum de fleur de coton.<\/p>\n<p style=\"text-align: justify;\"><strong>Contre-indications :\u00a0<\/strong>Il s'agit d'un produit cosm\u00e9tique, \u00e0 conserver hors de port\u00e9e des enfants et \u00e0 ne pas avaler.<\/p>","protected":false},"excerpt":{"rendered":"<p>\u0645\u0644\u062d \u0627\u0633\u062a\u062d\u0645\u0627\u0645 \u0633\u064a\u0641\u0648\u0631\u0627 \u0648\u0627\u064a\u0644\u062f \u0648\u064a\u0634\u0632 \u0645\u0639 \u0644\u0622\u0644\u0626 \u0627\u0633\u062a\u062d\u0645\u0627\u0645. \u0645\u062c\u0645\u0648\u0639\u0629 \u0633\u064a\u0641\u0648\u0631\u0627\u060c \u0645\u0644\u062d \u0627\u0633\u062a\u062d\u0645\u0627\u0645 \u0648\u0627\u064a\u0644\u062f \u0648\u064a\u0634\u0632 \u0645\u0639 \u0644\u0622\u0644\u0626 \u0627\u0633\u062a\u062d\u0645\u0627\u0645. \u0645\u0644\u062d \u0627\u0633\u062a\u062d\u0645\u0627\u0645 \u0631\u0627\u0626\u0639 \u0645\u0646 \u0645\u062c\u0645\u0648\u0639\u0629 \u0633\u064a\u0641\u0648\u0631\u0627\u060c \u0628\u0631\u0627\u0626\u062d\u0629 \u0632\u0647\u0648\u0631 \u0627\u0644\u0642\u0637\u0646 \u0627\u0644\u0632\u0643\u064a\u0629. \u0645\u0648\u0627\u0646\u0639 \u0627\u0644\u0627\u0633\u062a\u062e\u062f\u0627\u0645 :\u00a0\u0647\u0630\u0627 \u0627\u0644\u0645\u0646\u062a\u062c \u062a\u062c\u0645\u064a\u0644\u064a\u060c \u0644\u0630\u0627 \u064a\u064f\u062d\u0641\u0638 \u0628\u0639\u064a\u062f\u064b\u0627 \u0639\u0646 \u0645\u062a\u0646\u0627\u0648\u0644 \u0627\u0644\u0623\u0637\u0641\u0627\u0644 \u0648\u064a\u064f\u0645\u0646\u0639 \u0627\u0628\u062a\u0644\u0627\u0639\u0647.<\/p>","protected":false},"featured_media":25453,"template":"","meta":[],"pwb-brand":[221],"product_brand":[],"product_cat":[1138],"product_tag":[],"class_list":{"0":"post-25452","1":"product","2":"type-product","3":"status-publish","4":"has-post-thumbnail","6":"pwb-brand-sephora","7":"product_cat-bath-and-shower","9":"first","10":"instock","11":"shipping-taxable","12":"purchasable","13":"product-type-variable","14":"has-default-attributes","15":"wvs-archive-product-wrapper"},"brands":[{"id":221,"name":"Sephora","slug":"sephora"}],"_links":{"self":[{"href":"https:\/\/gopinkish.com\/fr\/wp-json\/wp\/v2\/product\/25452","targetHints":{"allow":["GET"]}}],"collection":[{"href":"https:\/\/gopinkish.com\/fr\/wp-json\/wp\/v2\/product"}],"about":[{"href":"https:\/\/gopinkish.com\/fr\/wp-json\/wp\/v2\/types\/product"}],"wp:featuredmedia":[{"embeddable":true,"href":"https:\/\/gopinkish.com\/fr\/wp-json\/wp\/v2\/media\/25453"}],"wp:attachment":[{"href":"https:\/\/gopinkish.com\/fr\/wp-json\/wp\/v2\/media?parent=25452"}],"wp:term":[{"taxonomy":"pwb-brand","embeddable":true,"href":"https:\/\/gopinkish.com\/fr\/wp-json\/wp\/v2\/pwb-brand?post=25452"},{"taxonomy":"product_brand","embeddable":true,"href":"https:\/\/gopinkish.com\/fr\/wp-json\/wp\/v2\/product_brand?post=25452"},{"taxonomy":"product_cat","embeddable":true,"href":"https:\/\/gopinkish.com\/fr\/wp-json\/wp\/v2\/product_cat?post=25452"},{"taxonomy":"product_tag","embeddable":true,"href":"https:\/\/gopinkish.com\/fr\/wp-json\/wp\/v2\/product_tag?post=25452"}],"curies":[{"name":"wp","href":"https:\/\/api.w.org\/{rel}","templated":true}]}}