{"id":25446,"date":"2025-05-02T23:52:02","date_gmt":"2025-05-02T22:52:02","guid":{"rendered":"https:\/\/gopinkish.com\/?post_type=product&#038;p=25446"},"modified":"2026-04-05T22:49:53","modified_gmt":"2026-04-05T21:49:53","slug":"3614272012721","status":"publish","type":"product","link":"https:\/\/gopinkish.com\/fr\/produit\/3614272012721\/","title":{"rendered":"Rouge \u00e0 l\u00e8vres longue dur\u00e9e, riche en pigments et cr\u00e9meux"},"content":{"rendered":"<p style=\"text-align: justify;\">Un rouge \u00e0 l\u00e8vres richement pigment\u00e9 qui donne une couleur plus intense. Couleur longue dur\u00e9e et non transf\u00e9rable. Texture douce et cr\u00e9meuse pour une application en douceur et une tenue confortable. Laisse un fini mat et audacieux qui ne dess\u00e8che pas facilement les l\u00e8vres. Disponible dans une large gamme de teintes magnifiques.<\/p>\n<p dir=\"ltr\" style=\"text-align: center;\">\ud83c\uddec\ud83c\udde7 Lanc\u00f4me L'Absolu Rouge Drama Matte Lipstick - Shade 370 Pink Seduction - 3.4g<br \/>\n\ud83c\uddeb\ud83c\uddf7 Lanc\u00f4me Rouge \u00e0 L\u00e8vres L'Absolu Rouge Drama Mat - Teinte 370 S\u00e9duction Rose - 3.4g<\/p>\n<p>&nbsp;<\/p>","protected":false},"excerpt":{"rendered":"<p>\u0623\u062d\u0645\u0631 \u0634\u0641\u0627\u0647 \u063a\u0646\u064a \u0628\u0627\u0644\u0635\u0628\u063a\u0629 \u064a\u0645\u0646\u062d\u0643 \u0644\u0648\u0646\u064b\u0627 \u0623\u0643\u062b\u0631 \u062c\u0631\u0623\u0629 \u0648\u0642\u0648\u0629. \u0644\u0648\u0646 \u064a\u062f\u0648\u0645 \u0637\u0648\u064a\u0644\u0627\u064b \u0648\u063a\u064a\u0631 \u0642\u0627\u0628\u0644 \u0644\u0644\u062a\u062d\u0648\u064a\u0644. \u0645\u0644\u0645\u0633 \u0646\u0627\u0639\u0645 \u0648\u0643\u0631\u064a\u0645\u064a \u0644\u062a\u0637\u0628\u064a\u0642 \u0633\u0644\u0633 \u0648\u0627\u0631\u062a\u062f\u0627\u0621 \u0645\u0631\u064a\u062d. \u064a\u062a\u0631\u0643 \u0644\u0645\u0633\u0629 \u0646\u0647\u0627\u0626\u064a\u0629 \u062c\u0631\u064a\u0626\u0629 \u063a\u064a\u0631 \u0644\u0627\u0645\u0639\u0629 \u0644\u0627 \u062a\u062c\u0641\u0641 \u0627\u0644\u0634\u0641\u0627\u0647 \u0628\u0633\u0647\u0648\u0644\u0629. \u0645\u062a\u0648\u0641\u0631 \u0628\u0645\u062c\u0645\u0648\u0639\u0629 \u0648\u0627\u0633\u0639\u0629 \u0645\u0646 \u0627\u0644\u0638\u0644\u0627\u0644 \u0627\u0644\u062c\u0645\u064a\u0644\u0629. \ud83c\uddec\ud83c\udde7 Lanc\u00f4me L\u2019Absolu Rouge Drama Matte Lipstick \u2013 Shade 370 Pink Seduction \u2013 3.4g \ud83c\uddeb\ud83c\uddf7 Lanc\u00f4me Rouge [&hellip;]<\/p>\n","protected":false},"featured_media":25447,"template":"","meta":[],"pwb-brand":[240],"product_brand":[],"product_cat":[1182],"product_tag":[],"class_list":{"0":"post-25446","1":"product","2":"type-product","3":"status-publish","4":"has-post-thumbnail","6":"pwb-brand-lancome","7":"product_cat-lipstick-makeup","9":"first","10":"outofstock","11":"shipping-taxable","12":"product-type-variable","13":"has-default-attributes","14":"wvs-archive-product-wrapper"},"brands":[{"id":240,"name":"Lancome","slug":"lancome"}],"_links":{"self":[{"href":"https:\/\/gopinkish.com\/fr\/wp-json\/wp\/v2\/product\/25446","targetHints":{"allow":["GET"]}}],"collection":[{"href":"https:\/\/gopinkish.com\/fr\/wp-json\/wp\/v2\/product"}],"about":[{"href":"https:\/\/gopinkish.com\/fr\/wp-json\/wp\/v2\/types\/product"}],"wp:featuredmedia":[{"embeddable":true,"href":"https:\/\/gopinkish.com\/fr\/wp-json\/wp\/v2\/media\/25447"}],"wp:attachment":[{"href":"https:\/\/gopinkish.com\/fr\/wp-json\/wp\/v2\/media?parent=25446"}],"wp:term":[{"taxonomy":"pwb-brand","embeddable":true,"href":"https:\/\/gopinkish.com\/fr\/wp-json\/wp\/v2\/pwb-brand?post=25446"},{"taxonomy":"product_brand","embeddable":true,"href":"https:\/\/gopinkish.com\/fr\/wp-json\/wp\/v2\/product_brand?post=25446"},{"taxonomy":"product_cat","embeddable":true,"href":"https:\/\/gopinkish.com\/fr\/wp-json\/wp\/v2\/product_cat?post=25446"},{"taxonomy":"product_tag","embeddable":true,"href":"https:\/\/gopinkish.com\/fr\/wp-json\/wp\/v2\/product_tag?post=25446"}],"curies":[{"name":"wp","href":"https:\/\/api.w.org\/{rel}","templated":true}]}}