{"id":25389,"date":"2025-05-02T12:25:29","date_gmt":"2025-05-02T11:25:29","guid":{"rendered":"https:\/\/gopinkish.com\/?post_type=product&#038;p=25389"},"modified":"2026-04-08T14:04:31","modified_gmt":"2026-04-08T13:04:31","slug":"800897129958","status":"publish","type":"product","link":"https:\/\/gopinkish.com\/fr\/produit\/800897129958\/","title":{"rendered":"Mascara color\u00e9 pour sourcils avec un fini naturel de 16 heures"},"content":{"rendered":"<p style=\"text-align: justify;\">Le nouveau mascara pour sourcils se d\u00e9cline en huit teintes compl\u00e8tes pour colorer, modeler, fa\u00e7onner et \u00e9paissir tous les types de sourcils pour un fini naturel qui dure jusqu'\u00e0 16 heures.<\/p>\n<p style=\"text-align: justify;\">Ses fibres color\u00e9es, ultra-fermes et v\u00e9g\u00e9taliennes vous donnent des sourcils brillants. Avec une couvrance modulable, rehaussez l'apparence de vos sourcils d'un fini naturel \u00e0 ultra-volumineux ! Un mascara pour les sourcils qui apporte \u00e9l\u00e9gance et volume instantan\u00e9 gr\u00e2ce \u00e0 son application pr\u00e9cise, facile et durable. Mettez en valeur la beaut\u00e9 de vos sourcils avec des teintes naturelles et des fibres ultra-naturelles. Gr\u00e2ce \u00e0 sa formule anti-flocons et anti-\u00e9claboussures, il suffit de l'appliquer et de l'oublier !<\/p>\n<p dir=\"ltr\" style=\"text-align: center;\">\ud83c\uddec\ud83c\udde7 Mascara pour sourcils NYX Thick It. Stick It !<br \/>\n\ud83c\uddeb\ud83c\uddf7 NYX Mascara Sourcils Thick It. Stick It !<\/p>","protected":false},"excerpt":{"rendered":"<p>\u0645\u0627\u0633\u0643\u0627\u0631\u0627 \u0627\u0644\u062d\u0648\u0627\u062c\u0628 \u0627\u0644\u062c\u062f\u064a\u062f\u0629 \u0628\u062b\u0645\u0627\u0646\u064a\u0629 \u0623\u0644\u0648\u0627\u0646 \u0634\u0627\u0645\u0644\u0629 \u0644\u062a\u0644\u0648\u064a\u0646 \u062c\u0645\u064a\u0639 \u0623\u0646\u0648\u0627\u0639 \u0627\u0644\u062d\u0648\u0627\u062c\u0628\u060c \u0648\u062a\u0647\u0630\u064a\u0628\u0647\u0627\u060c \u0648\u062a\u0643\u062b\u064a\u0641\u0647\u0627\u060c \u0644\u0644\u062d\u0635\u0648\u0644 \u0639\u0644\u0649 \u0644\u0645\u0633\u0629 \u0646\u0647\u0627\u0626\u064a\u0629 \u0637\u0628\u064a\u0639\u064a\u0629 \u062a\u062f\u0648\u0645 \u062d\u062a\u0649 16 \u0633\u0627\u0639\u0629. \u0623\u0644\u064a\u0627\u0641\u0647\u0627 \u0627\u0644\u0646\u0628\u0627\u062a\u064a\u0629 \u0627\u0644\u0645\u0644\u0648\u0646\u0629\u060c \u0641\u0627\u0626\u0642\u0629 \u0627\u0644\u062b\u0628\u0627\u062a\u060c \u062a\u0645\u0646\u062d\u0643\u0650 \u062d\u0648\u0627\u062c\u0628 \u0644\u0627\u0645\u0639\u0629. \u0645\u0639 \u062a\u063a\u0637\u064a\u0629 \u0642\u0627\u0628\u0644\u0629 \u0644\u0644\u0628\u0646\u0627\u0621\u060c \u062d\u0633\u0651\u0646\u064a \u0645\u0638\u0647\u0631 \u062d\u0648\u0627\u062c\u0628\u0643\u0650 \u0645\u0646 \u0644\u0645\u0633\u0629 \u0646\u0647\u0627\u0626\u064a\u0629 \u0637\u0628\u064a\u0639\u064a\u0629 \u0625\u0644\u0649 \u0643\u062b\u0627\u0641\u0629 \u0641\u0627\u0626\u0642\u0629! \u0645\u0627\u0633\u0643\u0627\u0631\u0627 \u062d\u0648\u0627\u062c\u0628 \u062a\u0636\u064a\u0641 \u0644\u0645\u0633\u0629 \u0623\u0646\u0627\u0642\u0629 \u0648\u0643\u062b\u0627\u0641\u0629 \u0641\u0648\u0631\u064a\u0629 \u0628\u0641\u0636\u0644 \u062a\u0637\u0628\u064a\u0642\u0647\u0627 \u0627\u0644\u062f\u0642\u064a\u0642 \u0648\u0627\u0644\u0633\u0647\u0644 \u0648\u0637\u0648\u064a\u0644 [&hellip;]<\/p>\n","protected":false},"featured_media":25393,"template":"","meta":[],"pwb-brand":[767],"product_brand":[],"product_cat":[1193],"product_tag":[],"class_list":{"0":"post-25389","1":"product","2":"type-product","3":"status-publish","4":"has-post-thumbnail","6":"pwb-brand-nyx","7":"product_cat-eyebrows-mascara","9":"first","10":"outofstock","11":"shipping-taxable","12":"product-type-variable","13":"has-default-attributes","14":"wvs-archive-product-wrapper"},"brands":[{"id":767,"name":"Nyx","slug":"nyx"}],"_links":{"self":[{"href":"https:\/\/gopinkish.com\/fr\/wp-json\/wp\/v2\/product\/25389","targetHints":{"allow":["GET"]}}],"collection":[{"href":"https:\/\/gopinkish.com\/fr\/wp-json\/wp\/v2\/product"}],"about":[{"href":"https:\/\/gopinkish.com\/fr\/wp-json\/wp\/v2\/types\/product"}],"wp:featuredmedia":[{"embeddable":true,"href":"https:\/\/gopinkish.com\/fr\/wp-json\/wp\/v2\/media\/25393"}],"wp:attachment":[{"href":"https:\/\/gopinkish.com\/fr\/wp-json\/wp\/v2\/media?parent=25389"}],"wp:term":[{"taxonomy":"pwb-brand","embeddable":true,"href":"https:\/\/gopinkish.com\/fr\/wp-json\/wp\/v2\/pwb-brand?post=25389"},{"taxonomy":"product_brand","embeddable":true,"href":"https:\/\/gopinkish.com\/fr\/wp-json\/wp\/v2\/product_brand?post=25389"},{"taxonomy":"product_cat","embeddable":true,"href":"https:\/\/gopinkish.com\/fr\/wp-json\/wp\/v2\/product_cat?post=25389"},{"taxonomy":"product_tag","embeddable":true,"href":"https:\/\/gopinkish.com\/fr\/wp-json\/wp\/v2\/product_tag?post=25389"}],"curies":[{"name":"wp","href":"https:\/\/api.w.org\/{rel}","templated":true}]}}