{"id":25358,"date":"2025-05-01T22:26:12","date_gmt":"2025-05-01T21:26:12","guid":{"rendered":"https:\/\/gopinkish.com\/?post_type=product&#038;p=25358"},"modified":"2026-03-31T22:55:37","modified_gmt":"2026-03-31T21:55:37","slug":"3614272321441","status":"publish","type":"product","link":"https:\/\/gopinkish.com\/fr\/produit\/3614272321441\/","title":{"rendered":"Rouge \u00e0 l\u00e8vres balsamique enrichi d'huile de proxylane et de rose"},"content":{"rendered":"<p style=\"text-align: justify;\">Amusez-vous, ne mesurez pas. Cr\u00e9ez vos propres r\u00e8gles avec le nouveau rouge \u00e0 l\u00e8vres LABSOLO Mademoiselle Shine. Sa texture balsamique enrichie de Proxylan et d'huile de rose glisse facilement sur les l\u00e8vres pour une brillance instantan\u00e9e, tout en confort et en soin. Labsolo Mademoiselle Shine laisse les l\u00e8vres douces et souples.<\/p>\n<p style=\"text-align: justify;\">Un parfum fruit\u00e9 et une texture riche qui \u00e9pousent les l\u00e8vres. Avec sa formule balsamique, fluide et ultra-hydratante, l'application de L'Absolu Mademoiselle Shine est un jeu d'enfant. Brillez toujours !<\/p>\n<p><strong>Caract\u00e9ristiques :<\/strong><\/p>\n<p>- Brillance instantan\u00e9e<br \/>\n- Facilit\u00e9 d'utilisation<br \/>\n- Adoucit et hydrate les l\u00e8vres<br \/>\n- Les l\u00e8vres sont confortables et douces.<br \/>\n- Comme un baume \u00e0 l\u00e8vres, il laisse les l\u00e8vres saines et soign\u00e9es.<\/p>\n<p dir=\"ltr\" style=\"text-align: center;\">\ud83c\uddec\ud83c\udde7 Lanc\u00f4me L'Absolu Mademoiselle Shine - Shade 398 Mademoiselle Loves<br \/>\n\ud83c\uddeb\ud83c\uddf7 Lanc\u00f4me L'Absolu Mademoiselle Shine - Teinte 398 Mademoiselle Loves<\/p>","protected":false},"excerpt":{"rendered":"<p>\u062a\u0623\u0644\u0642\u064a \u0628\u0645\u062a\u0639\u0629\u060c \u0644\u0627 \u0628\u0642\u064a\u0627\u0633. \u0636\u0639\u064a \u0642\u0648\u0627\u0639\u062f\u0643\u0650 \u0627\u0644\u062e\u0627\u0635\u0629 \u0645\u0639 \u0623\u062d\u0645\u0631 \u0627\u0644\u0634\u0641\u0627\u0647 \u0627\u0644\u062c\u062f\u064a\u062f &#8220;\u0644\u0627\u0628\u0633\u0648\u0644\u0648 \u0645\u0627\u062f\u0645\u0648\u0627\u0632\u064a\u0644 \u0634\u0627\u064a\u0646&#8221;.\u00a0\u064a\u0645\u062a\u0627\u0632 \u0628\u0642\u0648\u0627\u0645\u0647 \u0627\u0644\u0628\u0644\u0633\u0645\u064a \u0627\u0644\u063a\u0646\u064a \u0628\u0627\u0644\u0628\u0631\u0648\u0643\u0633\u064a\u0644\u0627\u0646 \u0648\u0632\u064a\u062a \u0627\u0644\u0648\u0631\u062f\u060c \u064a\u0646\u0633\u0627\u0628 \u0628\u0633\u0647\u0648\u0644\u0629 \u0639\u0644\u0649 \u0634\u0641\u062a\u064a\u0643\u0650 \u0644\u064a\u0645\u0646\u062d\u0643\u0650 \u0644\u0645\u0639\u0627\u0646\u064b\u0627 \u0641\u0648\u0631\u064a\u064b\u0627 \u0628\u0631\u0627\u062d\u0629 \u0648\u0639\u0646\u0627\u064a\u0629. \u064a\u062a\u0631\u0643 &#8220;\u0644\u0627\u0628\u0633\u0648\u0644\u0648 \u0645\u0627\u062f\u0645\u0648\u0627\u0632\u064a\u0644 \u0634\u0627\u064a\u0646&#8221; \u0634\u0641\u062a\u064a\u0643\u0650 \u0646\u0627\u0639\u0645\u0629 \u0648\u0645\u0631\u0646\u0629. \u0639\u0637\u0631 \u0641\u0627\u0643\u0647\u064a \u0648\u0642\u0648\u0627\u0645 \u063a\u0646\u064a \u064a\u0639\u0627\u0646\u0642 \u0634\u0641\u062a\u064a\u0643\u0650. \u0628\u0641\u0636\u0644 \u062a\u0631\u0643\u064a\u0628\u062a\u0647 \u0627\u0644\u0628\u0644\u0633\u0645\u064a\u0629 \u0648\u0627\u0644\u0627\u0646\u0633\u064a\u0627\u0628\u064a\u0629 \u0648\u0627\u0644\u0645\u0631\u0637\u0628\u0629 \u0644\u0644\u063a\u0627\u064a\u0629\u060c \u064a\u0635\u0628\u062d \u0648\u0636\u0639 &#8220;\u0644\u0627\u0628\u0633\u0648\u0644\u0648 \u0645\u0627\u062f\u0645\u0648\u0627\u0632\u064a\u0644 \u0634\u0627\u064a\u0646&#8221; \u0633\u0647\u0644\u064b\u0627 \u0644\u0644\u063a\u0627\u064a\u0629. [&hellip;]<\/p>\n","protected":false},"featured_media":25362,"template":"","meta":[],"pwb-brand":[240],"product_brand":[],"product_cat":[1182],"product_tag":[],"class_list":{"0":"post-25358","1":"product","2":"type-product","3":"status-publish","4":"has-post-thumbnail","6":"pwb-brand-lancome","7":"product_cat-lipstick-makeup","9":"first","10":"instock","11":"shipping-taxable","12":"purchasable","13":"product-type-variable","14":"has-default-attributes","15":"wvs-archive-product-wrapper"},"brands":[{"id":240,"name":"Lancome","slug":"lancome"}],"_links":{"self":[{"href":"https:\/\/gopinkish.com\/fr\/wp-json\/wp\/v2\/product\/25358","targetHints":{"allow":["GET"]}}],"collection":[{"href":"https:\/\/gopinkish.com\/fr\/wp-json\/wp\/v2\/product"}],"about":[{"href":"https:\/\/gopinkish.com\/fr\/wp-json\/wp\/v2\/types\/product"}],"wp:featuredmedia":[{"embeddable":true,"href":"https:\/\/gopinkish.com\/fr\/wp-json\/wp\/v2\/media\/25362"}],"wp:attachment":[{"href":"https:\/\/gopinkish.com\/fr\/wp-json\/wp\/v2\/media?parent=25358"}],"wp:term":[{"taxonomy":"pwb-brand","embeddable":true,"href":"https:\/\/gopinkish.com\/fr\/wp-json\/wp\/v2\/pwb-brand?post=25358"},{"taxonomy":"product_brand","embeddable":true,"href":"https:\/\/gopinkish.com\/fr\/wp-json\/wp\/v2\/product_brand?post=25358"},{"taxonomy":"product_cat","embeddable":true,"href":"https:\/\/gopinkish.com\/fr\/wp-json\/wp\/v2\/product_cat?post=25358"},{"taxonomy":"product_tag","embeddable":true,"href":"https:\/\/gopinkish.com\/fr\/wp-json\/wp\/v2\/product_tag?post=25358"}],"curies":[{"name":"wp","href":"https:\/\/api.w.org\/{rel}","templated":true}]}}