{"id":25349,"date":"2025-05-01T22:12:04","date_gmt":"2025-05-01T21:12:04","guid":{"rendered":"https:\/\/gopinkish.com\/?post_type=product&#038;p=25349"},"modified":"2026-03-02T20:11:15","modified_gmt":"2026-03-02T19:11:15","slug":"3614273250764","status":"publish","type":"product","link":"https:\/\/gopinkish.com\/fr\/produit\/3614273250764\/","title":{"rendered":"Rouge \u00e0 l\u00e8vres liquide ultra-pigment\u00e9, longue tenue et l\u00e9ger"},"content":{"rendered":"<p style=\"text-align: justify;\">Absolu Rouge Drama Ink est le premier rouge \u00e0 l\u00e8vres ultra-pigment\u00e9 de Lanc\u00f4me qui allie une tenue longue dur\u00e9e, une texture l\u00e9g\u00e8re et un confort ultime avec une formule ultra-fluide et \u00e9tanche. Absolu Rouge Drama Ink offre une couleur semi-mate intense avec une pigmentation deux fois sup\u00e9rieure \u00e0 celle des rouges \u00e0 l\u00e8vres traditionnels. Le tout dans une formule \u00e9mulsion eau dans huile quatre fois plus l\u00e9g\u00e8re.<\/p>\n<p style=\"text-align: justify;\">L'applicateur brevet\u00e9 d\u00e9pose la juste quantit\u00e9 d'encre sur les l\u00e8vres, permettant une application pr\u00e9cise et extr\u00eamement facile.<\/p>\n<p style=\"text-align: justify;\">Votre rouge \u00e0 l\u00e8vres devient partie int\u00e9grante de vos l\u00e8vres. Lanc\u00f4me, la marque fran\u00e7aise du bonheur depuis 1935.<\/p>\n<p style=\"text-align: justify;\"><strong>Avantages :<\/strong><br \/>\n- Rouge \u00e0 l\u00e8vres liquide semi-mat<br \/>\n- Longue dur\u00e9e, couleur riche<br \/>\n- Une formule ultra-douce pour une sensation naturelle sur les l\u00e8vres<br \/>\n- Ne coule pas et ne perd pas sa couleur et son intensit\u00e9<br \/>\n- Outil d'application brevet\u00e9, facile \u00e0 utiliser<\/p>\n<p style=\"text-align: justify;\">Comment l'utiliser ? Dessinez un arc de Cupidon avec l'applicateur, en partant du centre vers l'ext\u00e9rieur. Pour un trac\u00e9 plus pr\u00e9cis, utiliser le bord de l'applicateur. R\u00e9p\u00e9tez l'op\u00e9ration sur les deux c\u00f4t\u00e9s de la l\u00e8vre sup\u00e9rieure. Pour la l\u00e8vre inf\u00e9rieure, appliquez d'un c\u00f4t\u00e9 \u00e0 l'autre avec la pointe de l'applicateur pour plus de pr\u00e9cision et de contr\u00f4le.<\/p>\n<p dir=\"ltr\" style=\"text-align: center;\">\ud83c\uddec\ud83c\udde7 Lanc\u00f4me L'Absolu Rouge Drama Ink<br \/>\n\ud83c\uddeb\ud83c\uddf7 Lanc\u00f4me L'Absolu Rouge Drama Ink<\/p>","protected":false},"excerpt":{"rendered":"<p>\u0623\u0628\u0633\u0648\u0644\u0648 \u0631\u0648\u062c \u062f\u0631\u0627\u0645\u0627 \u0625\u0646\u0643 \u0647\u0648 \u0623\u0648\u0644 \u0623\u062d\u0645\u0631 \u0634\u0641\u0627\u0647 \u0641\u0627\u0626\u0642 \u0627\u0644\u062a\u0635\u0628\u063a \u0645\u0646 \u0644\u0627\u0646\u0643\u0648\u0645\u060c \u064a\u062c\u0645\u0639 \u0628\u064a\u0646 \u062b\u0628\u0627\u062a \u064a\u062f\u0648\u0645 \u0637\u0648\u064a\u0644\u064b\u0627\u060c \u0648\u0645\u0644\u0645\u0633 \u062e\u0641\u064a\u0641\u060c \u0648\u0631\u0627\u062d\u0629 \u0645\u0637\u0644\u0642\u0629 \u0628\u0641\u0636\u0644 \u062a\u0631\u0643\u064a\u0628\u062a\u0647 \u0641\u0627\u0626\u0642\u0629 \u0627\u0644\u0646\u0639\u0648\u0645\u0629 \u0648\u0627\u0644\u0645\u0642\u0627\u0648\u0645\u0629 \u0644\u0644\u062a\u0633\u0631\u0628. \u064a\u0645\u0646\u062d\u0643\u0650 \u0623\u0628\u0633\u0648\u0644\u0648 \u0631\u0648\u062c \u062f\u0631\u0627\u0645\u0627 \u0625\u0646\u0643 \u0644\u0648\u0646\u064b\u0627 \u0634\u0628\u0647 \u0645\u0637\u0641\u064a \u0643\u062b\u064a\u0641\u060c \u0628\u062a\u0635\u0628\u063a \u0636\u0639\u0641\u064a \u062a\u0635\u0628\u063a \u0623\u062d\u0645\u0631 \u0627\u0644\u0634\u0641\u0627\u0647 \u0627\u0644\u062a\u0642\u0644\u064a\u062f\u064a. \u0643\u0644 \u0647\u0630\u0627 \u0641\u064a \u062a\u0631\u0643\u064a\u0628\u0629 \u0645\u0633\u062a\u062d\u0644\u0628\u0629 \u0645\u0627\u0626\u064a\u0629 \u0641\u064a \u0632\u064a\u062a\u064a\u0629 \u0623\u062e\u0641 \u0628\u0623\u0631\u0628\u0639 \u0645\u0631\u0627\u062a. \u0623\u062f\u0627\u0629 \u0627\u0644\u062a\u0637\u0628\u064a\u0642 [&hellip;]<\/p>\n","protected":false},"featured_media":25356,"template":"","meta":[],"pwb-brand":[240],"product_brand":[],"product_cat":[1181],"product_tag":[],"class_list":{"0":"post-25349","1":"product","2":"type-product","3":"status-publish","4":"has-post-thumbnail","6":"pwb-brand-lancome","7":"product_cat-liquid-lipstick-makeup","9":"first","10":"instock","11":"shipping-taxable","12":"purchasable","13":"product-type-variable","14":"has-default-attributes","15":"wvs-archive-product-wrapper"},"brands":[{"id":240,"name":"Lancome","slug":"lancome"}],"_links":{"self":[{"href":"https:\/\/gopinkish.com\/fr\/wp-json\/wp\/v2\/product\/25349","targetHints":{"allow":["GET"]}}],"collection":[{"href":"https:\/\/gopinkish.com\/fr\/wp-json\/wp\/v2\/product"}],"about":[{"href":"https:\/\/gopinkish.com\/fr\/wp-json\/wp\/v2\/types\/product"}],"wp:featuredmedia":[{"embeddable":true,"href":"https:\/\/gopinkish.com\/fr\/wp-json\/wp\/v2\/media\/25356"}],"wp:attachment":[{"href":"https:\/\/gopinkish.com\/fr\/wp-json\/wp\/v2\/media?parent=25349"}],"wp:term":[{"taxonomy":"pwb-brand","embeddable":true,"href":"https:\/\/gopinkish.com\/fr\/wp-json\/wp\/v2\/pwb-brand?post=25349"},{"taxonomy":"product_brand","embeddable":true,"href":"https:\/\/gopinkish.com\/fr\/wp-json\/wp\/v2\/product_brand?post=25349"},{"taxonomy":"product_cat","embeddable":true,"href":"https:\/\/gopinkish.com\/fr\/wp-json\/wp\/v2\/product_cat?post=25349"},{"taxonomy":"product_tag","embeddable":true,"href":"https:\/\/gopinkish.com\/fr\/wp-json\/wp\/v2\/product_tag?post=25349"}],"curies":[{"name":"wp","href":"https:\/\/api.w.org\/{rel}","templated":true}]}}