{"id":25329,"date":"2025-05-01T21:39:33","date_gmt":"2025-05-01T20:39:33","guid":{"rendered":"https:\/\/gopinkish.com\/?post_type=product&#038;p=25329"},"modified":"2026-04-23T20:28:49","modified_gmt":"2026-04-23T19:28:49","slug":"800897216801","status":"publish","type":"product","link":"https:\/\/gopinkish.com\/fr\/produit\/800897216801\/","title":{"rendered":"Eyeliner fum\u00e9 (crayon et pinceau)"},"content":{"rendered":"<p style=\"text-align: justify;\">Fini les heures pass\u00e9es \u00e0 utiliser plusieurs crayons, ombres \u00e0 paupi\u00e8res et pinceaux pour estomper ! Cette \u00e9poque est r\u00e9volue avec le Nyx Smoky Eyeliner. Rehaussez votre regard charbonneux tout en simplifiant votre routine quotidienne gr\u00e2ce au crayon polyvalent et au petit pinceau ovale qui rehausse et diffuse en quelques secondes. Brillez !<\/p>\n<p style=\"text-align: justify;\">Dessinez, estompez et rehaussez facilement les lignes avec notre crayon fum\u00e9 \u00e0 double extr\u00e9mit\u00e9, disponible en 12 teintes audacieuses et vibrantes.<\/p>\n<p style=\"text-align: justify;\">S\u00e9duisant et indispensable, il sera votre nouvel alli\u00e9. Facile \u00e0 appliquer et \u00e0 estomper pour un regard charbonneux de jour comme de nuit. Pour les d\u00e9butantes comme pour les pros, il y a une couleur pour chaque occasion ! Brillez o\u00f9 que vous alliez.<\/p>\n<p style=\"text-align: justify;\"><strong>Conseils d'utilisation<\/strong><br \/>\n\u00c9tape 1 : Tracez un trait sur votre paupi\u00e8re en utilisant l'extr\u00e9mit\u00e9 inclin\u00e9e de l'une des 12 couleurs. Prolongez le crayon jusqu'\u00e0 votre sourcil pour plus d'effet.<\/p>\n<p style=\"text-align: justify;\">\u00c9tape 2 : Am\u00e9liorez et estompez \u00e0 l'aide de notre pinceau ovale facile \u00e0 utiliser.<\/p>\n<p style=\"text-align: justify;\"><strong>Caract\u00e9ristiques<\/strong><br \/>\nUne texture sensuelle et essentielle, votre nouvelle alli\u00e9e, facile \u00e0 utiliser et \u00e0 estomper pour un regard charbonneux de jour comme de nuit.<\/p>\n<p style=\"text-align: justify;\">Pour les d\u00e9butants comme pour les pros, il y a une couleur pour chaque occasion ! Allumez votre enthousiasme o\u00f9 que vous alliez.<\/p>","protected":false},"excerpt":{"rendered":"<p>\u0644\u0627 \u0645\u0632\u064a\u062f \u0645\u0646 \u0627\u0644\u0633\u0627\u0639\u0627\u062a \u0627\u0644\u062a\u064a \u062a\u0642\u0636\u064a\u0646\u0647\u0627 \u0641\u064a \u0627\u0633\u062a\u062e\u062f\u0627\u0645 \u0623\u0642\u0644\u0627\u0645 \u0648\u0638\u0644\u0627\u0644 \u0639\u064a\u0648\u0646 \u0648\u0641\u0631\u0634 \u0645\u0632\u062c \u0645\u062a\u0639\u062f\u062f\u0629! \u0627\u0646\u062a\u0647\u062a \u062a\u0644\u0643 \u0627\u0644\u0623\u064a\u0627\u0645 \u0645\u0639 \u0645\u062d\u062f\u062f \u0627\u0644\u0639\u064a\u0648\u0646 \u0627\u0644\u062f\u062e\u0627\u0646\u064a \u0645\u0646 \u0646\u064a\u0643\u0633. \u0639\u0632\u0632\u064a \u0625\u0637\u0644\u0627\u0644\u0629 \u0639\u064a\u0646\u064a\u0643\u0650 \u0627\u0644\u062f\u062e\u0627\u0646\u064a\u0629 \u0645\u0639 \u062a\u0628\u0633\u064a\u0637 \u0631\u0648\u062a\u064a\u0646\u0643\u0650 \u0627\u0644\u064a\u0648\u0645\u064a \u0645\u0639 \u0627\u0644\u0642\u0644\u0645 \u0645\u062a\u0639\u062f\u062f \u0627\u0644\u0627\u0633\u062a\u062e\u062f\u0627\u0645\u0627\u062a \u0648 \u0627\u0644\u0641\u0631\u0634\u0627\u0629 \u0627\u0644\u0628\u064a\u0636\u0627\u0648\u064a\u0629 \u0627\u0644\u0635\u063a\u064a\u0631\u0629 \u0627\u0644\u062a\u064a \u062a\u064f\u0639\u0632\u0632 \u0648\u062a\u0646\u0634\u0631 \u0641\u064a \u062b\u0648\u0627\u0646\u064d. \u062a\u0623\u0644\u0642\u064a! \u0627\u0631\u0633\u0645\u064a\u060c \u0627\u0645\u0632\u062c\u064a\u060c \u0648\u0639\u0632\u0632\u064a \u0627\u0644\u062e\u0637\u0648\u0637 \u0628\u0633\u0647\u0648\u0644\u0629 \u0645\u0639 \u0642\u0644\u0645\u0646\u0627 \u0627\u0644\u062f\u062e\u0627\u0646\u064a \u062b\u0646\u0627\u0626\u064a \u0627\u0644\u0623\u0637\u0631\u0627\u0641\u060c [&hellip;]<\/p>\n","protected":false},"featured_media":25334,"template":"","meta":[],"pwb-brand":[767],"product_brand":[],"product_cat":[1187],"product_tag":[],"class_list":{"0":"post-25329","1":"product","2":"type-product","3":"status-publish","4":"has-post-thumbnail","6":"pwb-brand-nyx","7":"product_cat-eyeliner-makeup","9":"first","10":"instock","11":"shipping-taxable","12":"purchasable","13":"product-type-variable","14":"has-default-attributes","15":"wvs-archive-product-wrapper"},"brands":[{"id":767,"name":"Nyx","slug":"nyx"}],"_links":{"self":[{"href":"https:\/\/gopinkish.com\/fr\/wp-json\/wp\/v2\/product\/25329","targetHints":{"allow":["GET"]}}],"collection":[{"href":"https:\/\/gopinkish.com\/fr\/wp-json\/wp\/v2\/product"}],"about":[{"href":"https:\/\/gopinkish.com\/fr\/wp-json\/wp\/v2\/types\/product"}],"wp:featuredmedia":[{"embeddable":true,"href":"https:\/\/gopinkish.com\/fr\/wp-json\/wp\/v2\/media\/25334"}],"wp:attachment":[{"href":"https:\/\/gopinkish.com\/fr\/wp-json\/wp\/v2\/media?parent=25329"}],"wp:term":[{"taxonomy":"pwb-brand","embeddable":true,"href":"https:\/\/gopinkish.com\/fr\/wp-json\/wp\/v2\/pwb-brand?post=25329"},{"taxonomy":"product_brand","embeddable":true,"href":"https:\/\/gopinkish.com\/fr\/wp-json\/wp\/v2\/product_brand?post=25329"},{"taxonomy":"product_cat","embeddable":true,"href":"https:\/\/gopinkish.com\/fr\/wp-json\/wp\/v2\/product_cat?post=25329"},{"taxonomy":"product_tag","embeddable":true,"href":"https:\/\/gopinkish.com\/fr\/wp-json\/wp\/v2\/product_tag?post=25329"}],"curies":[{"name":"wp","href":"https:\/\/api.w.org\/{rel}","templated":true}]}}