{"id":25311,"date":"2025-05-01T20:57:57","date_gmt":"2025-05-01T19:57:57","guid":{"rendered":"https:\/\/gopinkish.com\/?post_type=product&#038;p=25311"},"modified":"2026-02-22T00:31:34","modified_gmt":"2026-02-21T23:31:34","slug":"773602033829","status":"publish","type":"product","link":"https:\/\/gopinkish.com\/fr\/produit\/773602033829\/","title":{"rendered":"Un rouge \u00e0 l\u00e8vres ultra-brillant enrichi en huile de p\u00e9pins de framboise et en huile d'olive."},"content":{"rendered":"<p style=\"text-align: justify;\">\u062a\u063a\u0637\u064a\u0629 \u0634\u0641\u0627\u0641\u0629. \u0644\u0645\u0633\u0629 \u0646\u0647\u0627\u0626\u064a\u0629 \u0644\u0627\u0645\u0639\u0629\/\u0634\u062f\u064a\u062f\u0629 \u0627\u0644\u0644\u0645\u0639\u0627\u0646. \u063a\u0646\u064a\u0629 \u0628\u0632\u064a\u062a \u0628\u0630\u0648\u0631 \u0627\u0644\u062a\u0648\u062a\/\u0632\u064a\u062a \u0627\u0644\u0632\u064a\u062a\u0648\u0646 \u0627\u0644\u0628\u0643\u0631 \u0627\u0644\u0645\u0645\u062a\u0627\u0632 \u0627\u0644\u0639\u0636\u0648\u064a.<\/p>\n<p style=\"text-align: justify;\">\u0627\u0633\u062a\u0645\u062a\u0639\u064a \u0628\u0625\u0637\u0644\u0627\u0644\u0629 \u0633\u0627\u062d\u0631\u0629 \u0645\u0639 \u062a\u0631\u0643\u064a\u0628\u0629 \u0623\u062d\u0645\u0631 \u0627\u0644\u0634\u0641\u0627\u0647 \u0627\u0644\u0634\u0641\u0627\u0641\u0629 \u0648\u0627\u0644\u0644\u0627\u0645\u0639\u0629 \u0627\u0644\u0645\u064f\u062d\u0633\u0651\u0646\u0629. \u062e\u0636\u0639 \u0623\u062d\u0645\u0631 \u0627\u0644\u0634\u0641\u0627\u0647 \u0627\u0644\u0623\u0635\u0644\u064a &#8220;\u0644\u0627\u0633\u062a\u0631&#8221; \u0644\u0644\u062a\u0637\u0648\u064a\u0631 \u0644\u064a\u0645\u0646\u062d\u0643\u0650 \u0646\u0641\u0633 \u0627\u0644\u0644\u0648\u0646 \u0627\u0644\u0634\u0641\u0627\u0641 \u0648\u0627\u0644\u0644\u0627\u0645\u0639 \u0641\u064a \u0642\u0644\u0645\u0643\u0650 \u0627\u0644\u0645\u0641\u0636\u0644 &#8211; \u0627\u0644\u0622\u0646 \u0645\u0639 \u0645\u0632\u064a\u062c \u0631\u0627\u0626\u0639 \u0645\u0646 \u0627\u0644\u0645\u0643\u0648\u0646\u0627\u062a \u0627\u0644\u0645\u0641\u064a\u062f\u0629 \u0644\u0634\u0641\u062a\u064a\u0643\u0650. \u0645\u0632\u064a\u062c \u0643\u0631\u064a\u0645\u064a \u0645\u0646 \u0627\u0644\u062c\u0648\u062c\u0648\u0628\u0627\u060c \u0648\u0628\u0630\u0648\u0631 \u0627\u0644\u062a\u0648\u062a\u060c \u0648\u062c\u0648\u0632 \u0627\u0644\u0647\u0646\u062f\u060c \u0648\u0632\u064a\u062a \u0627\u0644\u0632\u064a\u062a\u0648\u0646 \u0627\u0644\u0628\u0643\u0631 \u0627\u0644\u0645\u0645\u062a\u0627\u0632 \u0627\u0644\u0639\u0636\u0648\u064a \u064a\u063a\u0630\u064a \u0627\u0644\u0634\u0641\u0627\u0647\u060c \u0628\u064a\u0646\u0645\u0627 \u062a\u064f\u0631\u0637\u0628 \u0632\u0628\u062f\u0629 \u0627\u0644\u0634\u064a\u0627 \u0648\u062d\u0645\u0636 \u0627\u0644\u0647\u064a\u0627\u0644\u0648\u0631\u0648\u0646\u064a\u0643 \u0627\u0644\u0634\u0641\u0627\u0647. \u0627\u0644\u0646\u062a\u064a\u062c\u0629\u061f \u0644\u0648\u0646 \u0645\u0631\u064a\u062d \u0648\u0642\u0627\u0628\u0644 \u0644\u0644\u0628\u0646\u0627\u0621\u060c \u0648\u0644\u0645\u0633\u0629 \u0646\u0647\u0627\u0626\u064a\u0629 \u0645\u0634\u0631\u0642\u0629 \u062a\u062f\u0648\u0645 \u0637\u0648\u064a\u0644\u0627\u064b\u060c \u0648\u0634\u0641\u062a\u064a\u0646 \u0623\u0643\u062b\u0631 \u0646\u0639\u0648\u0645\u0629 \u0648\u0645\u0631\u0648\u0646\u0629\u060c \u0628\u0645\u0638\u0647\u0631 \u0631\u0627\u0626\u0639 \u0643\u0645\u0627 \u062a\u0634\u0639\u0631\u064a\u0646.<\/p>\n<p style=\"text-align: justify;\">\u0642\u0648\u0627\u0645\u0647 \u062e\u0641\u064a\u0641 \u0627\u0644\u0648\u0632\u0646 \u0644\u0644\u063a\u0627\u064a\u0629\u060c \u0646\u0627\u0639\u0645 \u0643\u0627\u0644\u062d\u0631\u064a\u0631\u060c \u064a\u0646\u0633\u0627\u0628 \u0639\u0644\u0649 \u0634\u0641\u062a\u064a\u0643\u0650 \u0628\u0633\u0644\u0627\u0633\u0629 \u0645\u0630\u0647\u0644\u0629 \u0644\u064a\u064f\u062d\u0633\u0651\u0646 \u0625\u0637\u0644\u0627\u0644\u062a\u0643\u0650 \u0639\u0644\u0649 \u0627\u0644\u0641\u0648\u0631 &#8211; \u0644\u0627 \u062d\u0627\u062c\u0629 \u0644\u0644\u0645\u0631\u0622\u0629. \u062f\u0644\u0644\u064a \u0634\u0641\u062a\u064a\u0643\u0650 \u0628\u0647\u0630\u0647 \u0627\u0644\u0623\u0644\u0648\u0627\u0646 \u0627\u0644\u0644\u0627\u0645\u0639\u0629 \u0648\u0627\u0644\u062c\u0630\u0627\u0628\u0629. \u0623\u062d\u0645\u0631 \u0634\u0641\u0627\u0647 \u0644\u0648\u0633\u062a\u0631 \u062c\u0644\u0627\u0633 \u0634\u064a\u0631-\u0634\u0627\u064a\u0646\u060c \u0645\u062b\u0627\u0644\u064a \u0644\u0643\u0644 \u064a\u0648\u0645 \u0648\u0641\u0627\u062e\u0631 \u0628\u0643\u0644 \u0645\u0639\u0646\u0649 \u0627\u0644\u0643\u0644\u0645\u0629\u060c \u0647\u0648 \u0644\u0645\u0633\u0629 \u0645\u062b\u0627\u0644\u064a\u0629.<\/p>\n<p style=\"text-align: justify;\">\u0623\u062d\u0645\u0631 \u0634\u0641\u0627\u0647 \u062e\u0641\u064a\u0641 \u0627\u0644\u0648\u0632\u0646\u060c \u063a\u0646\u064a \u0628\u0628\u0630\u0648\u0631 \u0627\u0644\u062a\u0648\u062a \u0648\u0632\u064a\u062a \u0627\u0644\u0632\u064a\u062a\u0648\u0646 \u0627\u0644\u0628\u0643\u0631 \u0627\u0644\u0645\u0645\u062a\u0627\u0632 \u0627\u0644\u0639\u0636\u0648\u064a\u060c \u064a\u0645\u0646\u062d\u0643 \u0644\u0648\u0646\u064b\u0627 \u0634\u0641\u0627\u0641\u064b\u0627 \u0648\u0644\u0627\u0645\u0639\u064b\u0627 \u0628\u0644\u0645\u0633\u0629 \u0646\u0647\u0627\u0626\u064a\u0629 \u0644\u0627\u0645\u0639\u0629 \u062a\u062f\u0648\u0645 \u0637\u0648\u064a\u0644\u064b\u0627.<\/p>\n<p style=\"text-align: justify;\"><strong>La fin :<\/strong> \u0644\u0627\u0645\u0639\u0629<br \/>\n<strong>\u0627\u0644\u062a\u063a\u0637\u064a\u0629:<\/strong> \u0642\u0627\u0628\u0644\u0629 \u0644\u0644\u0628\u0646\u0627\u0621\u060c \u0634\u0641\u0627\u0641\u0629<\/p>\n<p><strong>Caract\u00e9ristiques :<\/strong><br \/>\n\u064a\u0648\u0641\u0631 \u062a\u0631\u0637\u064a\u0628\u064b\u0627 \u0641\u0648\u0631\u064a\u064b\u0627 \u0648\u0637\u0648\u064a\u0644 \u0627\u0644\u0623\u0645\u062f<br \/>\n\u064a\u0631\u0637\u0628 \u0627\u0644\u0634\u0641\u0627\u0647 \u0641\u0648\u0631\u064b\u0627 \u0648\u0645\u0639 \u0645\u0631\u0648\u0631 \u0627\u0644\u0648\u0642\u062a<br \/>\n\u062a\u0628\u062f\u0648 \u0627\u0644\u0634\u0641\u0627\u0647 \u0623\u0643\u062b\u0631 \u0627\u0645\u062a\u0644\u0627\u0621\u064b \u0648\u0635\u062d\u0629 \u0639\u0644\u0649 \u0627\u0644\u0641\u0648\u0631<br \/>\n\u064a\u0633\u0627\u0639\u062f \u0639\u0644\u0649 \u062c\u0639\u0644 \u0627\u0644\u0634\u0641\u0627\u0647 \u0623\u0643\u062b\u0631 \u0646\u0639\u0648\u0645\u0629\u064b \u0648\u0646\u0639\u0648\u0645\u0629\u064b \u0648\u0645\u0631\u0648\u0646\u0629<br \/>\n\u0644\u0648\u0646 \u064a\u062f\u0648\u0645 \u0637\u0648\u064a\u0644\u064b\u0627 \u062d\u062a\u0649 8 \u0633\u0627\u0639\u0627\u062a<br \/>\n\u0644\u0645\u0639\u0627\u0646 \u064a\u062f\u0648\u0645 \u0637\u0648\u064a\u0644\u064b\u0627 \u062d\u062a\u0649 6 \u0633\u0627\u0639\u0627\u062a<br \/>\n\u062a\u063a\u0637\u064a\u0629 \u062e\u0641\u064a\u0641\u0629 \u0627\u0644\u0648\u0632\u0646 \u0648\u0642\u0627\u0628\u0644\u0629 \u0644\u0644\u0628\u0646\u0627\u0621<br \/>\n\u062a\u0631\u0643\u064a\u0628\u0629 \u0645\u0631\u064a\u062d\u0629<br \/>\n\u0645\u0644\u0645\u0633 \u062e\u0641\u064a\u0641<\/p>\n<p dir=\"ltr\" style=\"text-align: center;\">\ud83c\uddec\ud83c\udde7 MAC Lustre Lipstick \u2013 Shade 520 See Sheer \u2013 3g<br \/>\n\ud83c\uddeb\ud83c\uddf7 MAC Rouge \u00e0 L\u00e8vres Lustre \u2013 Teinte 520 See Sheer \u2013 3g<\/p>","protected":false},"excerpt":{"rendered":"<p>\u062a\u063a\u0637\u064a\u0629 \u0634\u0641\u0627\u0641\u0629. \u0644\u0645\u0633\u0629 \u0646\u0647\u0627\u0626\u064a\u0629 \u0644\u0627\u0645\u0639\u0629\/\u0634\u062f\u064a\u062f\u0629 \u0627\u0644\u0644\u0645\u0639\u0627\u0646. \u063a\u0646\u064a\u0629 \u0628\u0632\u064a\u062a \u0628\u0630\u0648\u0631 \u0627\u0644\u062a\u0648\u062a\/\u0632\u064a\u062a \u0627\u0644\u0632\u064a\u062a\u0648\u0646 \u0627\u0644\u0628\u0643\u0631 \u0627\u0644\u0645\u0645\u062a\u0627\u0632 \u0627\u0644\u0639\u0636\u0648\u064a. \u0627\u0633\u062a\u0645\u062a\u0639\u064a \u0628\u0625\u0637\u0644\u0627\u0644\u0629 \u0633\u0627\u062d\u0631\u0629 \u0645\u0639 \u062a\u0631\u0643\u064a\u0628\u0629 \u0623\u062d\u0645\u0631 \u0627\u0644\u0634\u0641\u0627\u0647 \u0627\u0644\u0634\u0641\u0627\u0641\u0629 \u0648\u0627\u0644\u0644\u0627\u0645\u0639\u0629 \u0627\u0644\u0645\u064f\u062d\u0633\u0651\u0646\u0629. \u062e\u0636\u0639 \u0623\u062d\u0645\u0631 \u0627\u0644\u0634\u0641\u0627\u0647 \u0627\u0644\u0623\u0635\u0644\u064a &#8220;\u0644\u0627\u0633\u062a\u0631&#8221; \u0644\u0644\u062a\u0637\u0648\u064a\u0631 \u0644\u064a\u0645\u0646\u062d\u0643\u0650 \u0646\u0641\u0633 \u0627\u0644\u0644\u0648\u0646 \u0627\u0644\u0634\u0641\u0627\u0641 \u0648\u0627\u0644\u0644\u0627\u0645\u0639 \u0641\u064a \u0642\u0644\u0645\u0643\u0650 \u0627\u0644\u0645\u0641\u0636\u0644 &#8211; \u0627\u0644\u0622\u0646 \u0645\u0639 \u0645\u0632\u064a\u062c \u0631\u0627\u0626\u0639 \u0645\u0646 \u0627\u0644\u0645\u0643\u0648\u0646\u0627\u062a \u0627\u0644\u0645\u0641\u064a\u062f\u0629 \u0644\u0634\u0641\u062a\u064a\u0643\u0650. \u0645\u0632\u064a\u062c \u0643\u0631\u064a\u0645\u064a \u0645\u0646 \u0627\u0644\u062c\u0648\u062c\u0648\u0628\u0627\u060c \u0648\u0628\u0630\u0648\u0631 \u0627\u0644\u062a\u0648\u062a\u060c \u0648\u062c\u0648\u0632 \u0627\u0644\u0647\u0646\u062f\u060c [&hellip;]<\/p>\n","protected":false},"featured_media":25321,"template":"","meta":[],"pwb-brand":[488],"product_brand":[],"product_cat":[1182],"product_tag":[],"class_list":{"0":"post-25311","1":"product","2":"type-product","3":"status-publish","4":"has-post-thumbnail","6":"pwb-brand-mac","7":"product_cat-lipstick-makeup","9":"first","10":"outofstock","11":"shipping-taxable","12":"product-type-variable","13":"has-default-attributes","14":"wvs-archive-product-wrapper"},"brands":[{"id":488,"name":"MAC","slug":"mac"}],"_links":{"self":[{"href":"https:\/\/gopinkish.com\/fr\/wp-json\/wp\/v2\/product\/25311","targetHints":{"allow":["GET"]}}],"collection":[{"href":"https:\/\/gopinkish.com\/fr\/wp-json\/wp\/v2\/product"}],"about":[{"href":"https:\/\/gopinkish.com\/fr\/wp-json\/wp\/v2\/types\/product"}],"wp:featuredmedia":[{"embeddable":true,"href":"https:\/\/gopinkish.com\/fr\/wp-json\/wp\/v2\/media\/25321"}],"wp:attachment":[{"href":"https:\/\/gopinkish.com\/fr\/wp-json\/wp\/v2\/media?parent=25311"}],"wp:term":[{"taxonomy":"pwb-brand","embeddable":true,"href":"https:\/\/gopinkish.com\/fr\/wp-json\/wp\/v2\/pwb-brand?post=25311"},{"taxonomy":"product_brand","embeddable":true,"href":"https:\/\/gopinkish.com\/fr\/wp-json\/wp\/v2\/product_brand?post=25311"},{"taxonomy":"product_cat","embeddable":true,"href":"https:\/\/gopinkish.com\/fr\/wp-json\/wp\/v2\/product_cat?post=25311"},{"taxonomy":"product_tag","embeddable":true,"href":"https:\/\/gopinkish.com\/fr\/wp-json\/wp\/v2\/product_tag?post=25311"}],"curies":[{"name":"wp","href":"https:\/\/api.w.org\/{rel}","templated":true}]}}