{"id":25219,"date":"2025-04-29T00:26:56","date_gmt":"2025-04-28T23:26:56","guid":{"rendered":"https:\/\/gopinkish.com\/?post_type=product&#038;p=25219"},"modified":"2025-08-03T12:40:00","modified_gmt":"2025-08-03T11:40:00","slug":"8809982769903","status":"publish","type":"product","link":"https:\/\/gopinkish.com\/fr\/produit\/8809982769903\/","title":{"rendered":"\u0643\u0631\u064a\u0645 \u0627\u0644\u0643\u0648\u0644\u0627\u062c\u064a\u0646 \u0644\u062a\u0635\u062d\u064a\u062d \u0648 \u062a\u0648\u062d\u064a\u062f \u0644\u0648\u0646 \u0627\u0644\u0628\u0634\u0631\u0629"},"content":{"rendered":"<p style=\"text-align: justify;\">\u0643\u0631\u064a\u0645 \u0645\u064a\u062f\u064a\u0643\u064a\u0648\u0628 \u0643\u0648\u0644\u0627\u062c\u064a\u0646 \u062c\u064a\u0644\u064a \u0647\u0648 \u0643\u0631\u064a\u0645 \u062c\u0644 \u0634\u0641\u0627\u0641 \u0645\u0635\u0645\u0645 \u062e\u0635\u064a\u0635\u064b\u0627 \u0644\u062a\u0635\u062d\u064a\u062d \u0644\u0648\u0646 \u0627\u0644\u0628\u0634\u0631\u0629 \u063a\u064a\u0631 \u0627\u0644\u0645\u0648\u062d\u062f.\u00a0\u0645\u064f\u0639\u0632\u0632 \u0628\u0627\u0644\u0643\u0648\u0644\u0627\u062c\u064a\u0646 \u0627\u0644\u0645\u064f\u062d\u0644\u0644 \u0648\u062d\u0645\u0636 \u0627\u0644\u0647\u064a\u0627\u0644\u0648\u0631\u0648\u0646\u064a\u0643\u060c \u064a\u064f\u0639\u0632\u0632 \u0647\u0630\u0627 \u0627\u0644\u0643\u0631\u064a\u0645 \u0645\u0631\u0648\u0646\u0629 \u0627\u0644\u0628\u0634\u0631\u0629 \u0648\u064a\u0645\u0646\u062d\u0647\u0627 \u0625\u0634\u0631\u0627\u0642\u0629 \u0645\u0634\u0631\u0642\u0629.\u00a0\u064a\u0633\u0627\u0639\u062f \u0639\u0644\u0649 \u062a\u062d\u0633\u064a\u0646 \u0645\u0644\u0645\u0633 \u0627\u0644\u0628\u0634\u0631\u0629 \u0648\u0634\u062f\u0651\u0647\u0627\u060c \u0645\u0645\u0627 \u064a\u0645\u0646\u062d\u0643\u0650 \u0645\u0638\u0647\u0631\u064b\u0627 \u0646\u0627\u0639\u0645\u064b\u0627 \u0648\u0645\u0646\u062a\u0639\u0634\u064b\u0627 \u0628\u0634\u0643\u0644 \u0637\u0628\u064a\u0639\u064a.<\/p>\n<p style=\"text-align: justify;\">&#8211; \u064a\u0635\u062d\u062d \u0644\u0648\u0646 \u0627\u0644\u0628\u0634\u0631\u0629 \u063a\u064a\u0631 \u0627\u0644\u0645\u0648\u062d\u062f \u0648\u064a\u0645\u0646\u062d\u0647\u0627 \u0625\u0634\u0631\u0627\u0642\u0629 \u0637\u0628\u064a\u0639\u064a\u0629.<\/p>\n<p style=\"text-align: justify;\">&#8211; \u064a\u0645\u0646\u062d \u0628\u0634\u0631\u062a\u0643\u0650 \u0645\u0638\u0647\u0631\u064b\u0627 \u0637\u0628\u064a\u0639\u064a\u064b\u0627 \u0648\u0645\u0634\u0631\u0642\u064b\u0627.<\/p>\n<p style=\"text-align: justify;\">&#8211; \u064a\u0639\u0632\u0632 \u0645\u0631\u0648\u0646\u0629 \u0627\u0644\u0628\u0634\u0631\u0629 \u0648\u064a\u0642\u0644\u0644 \u0627\u0644\u062a\u062c\u0627\u0639\u064a\u062f.<\/p>\n<p style=\"text-align: justify;\">&#8211; \u064a\u064f\u062d\u0633\u0651\u0646 \u0645\u0644\u0645\u0633 \u0627\u0644\u0628\u0634\u0631\u0629 \u0645\u0646 \u062e\u0644\u0627\u0644 \u0627\u0644\u062a\u0631\u0637\u064a\u0628 \u0627\u0644\u0645\u0633\u062a\u0645\u0631.<\/p>\n<p style=\"text-align: justify;\">&#8211; \u0645\u064f\u062e\u062a\u0628\u0631 \u0645\u0646 \u0642\u0628\u0644 \u0623\u0637\u0628\u0627\u0621 \u0627\u0644\u062c\u0644\u062f\u064a\u0629.<\/p>\n<p style=\"text-align: justify;\">&#8211; \u0645\u0646\u0627\u0633\u0628 \u0644\u0644\u0628\u0634\u0631\u0629 \u0627\u0644\u062d\u0633\u0627\u0633\u0629.<\/p>\n<p style=\"text-align: justify;\">&#8211; \u062e\u0627\u0644\u064d \u0645\u0646 \u0627\u0644\u0633\u064a\u0644\u064a\u0643\u0648\u0646 \u0648\u0627\u0644\u0623\u0644\u0648\u0627\u0646 \u0627\u0644\u0635\u0646\u0627\u0639\u064a\u0629.<\/p>\n<p style=\"text-align: justify;\">&#8211; \u062a\u0623\u062b\u064a\u0631 \u0641\u0648\u0631\u064a.<\/p>\n<p dir=\"ltr\" style=\"text-align: center;\">\ud83c\uddec\ud83c\udde7 Medicube Collagen Jelly Cream \u2013 110ml<br \/>\n\ud83c\uddeb\ud83c\uddf7 Medicube Cr\u00e8me Gel\u00e9e au Collag\u00e8ne \u2013 110ml<\/p>","protected":false},"excerpt":{"rendered":"<p>\u0643\u0631\u064a\u0645 \u0645\u064a\u062f\u064a\u0643\u064a\u0648\u0628 \u0643\u0648\u0644\u0627\u062c\u064a\u0646 \u062c\u064a\u0644\u064a \u0647\u0648 \u0643\u0631\u064a\u0645 \u062c\u0644 \u0634\u0641\u0627\u0641 \u0645\u0635\u0645\u0645 \u062e\u0635\u064a\u0635\u064b\u0627 \u0644\u062a\u0635\u062d\u064a\u062d \u0644\u0648\u0646 \u0627\u0644\u0628\u0634\u0631\u0629 \u063a\u064a\u0631 \u0627\u0644\u0645\u0648\u062d\u062f.\u00a0\u0645\u064f\u0639\u0632\u0632 \u0628\u0627\u0644\u0643\u0648\u0644\u0627\u062c\u064a\u0646 \u0627\u0644\u0645\u064f\u062d\u0644\u0644 \u0648\u062d\u0645\u0636 \u0627\u0644\u0647\u064a\u0627\u0644\u0648\u0631\u0648\u0646\u064a\u0643\u060c \u064a\u064f\u0639\u0632\u0632 \u0647\u0630\u0627 \u0627\u0644\u0643\u0631\u064a\u0645 \u0645\u0631\u0648\u0646\u0629 \u0627\u0644\u0628\u0634\u0631\u0629 \u0648\u064a\u0645\u0646\u062d\u0647\u0627 \u0625\u0634\u0631\u0627\u0642\u0629 \u0645\u0634\u0631\u0642\u0629.\u00a0\u064a\u0633\u0627\u0639\u062f \u0639\u0644\u0649 \u062a\u062d\u0633\u064a\u0646 \u0645\u0644\u0645\u0633 \u0627\u0644\u0628\u0634\u0631\u0629 \u0648\u0634\u062f\u0651\u0647\u0627\u060c \u0645\u0645\u0627 \u064a\u0645\u0646\u062d\u0643\u0650 \u0645\u0638\u0647\u0631\u064b\u0627 \u0646\u0627\u0639\u0645\u064b\u0627 \u0648\u0645\u0646\u062a\u0639\u0634\u064b\u0627 \u0628\u0634\u0643\u0644 \u0637\u0628\u064a\u0639\u064a. &#8211; \u064a\u0635\u062d\u062d \u0644\u0648\u0646 \u0627\u0644\u0628\u0634\u0631\u0629 \u063a\u064a\u0631 \u0627\u0644\u0645\u0648\u062d\u062f \u0648\u064a\u0645\u0646\u062d\u0647\u0627 \u0625\u0634\u0631\u0627\u0642\u0629 \u0637\u0628\u064a\u0639\u064a\u0629. &#8211; \u064a\u0645\u0646\u062d \u0628\u0634\u0631\u062a\u0643\u0650 \u0645\u0638\u0647\u0631\u064b\u0627 \u0637\u0628\u064a\u0639\u064a\u064b\u0627 \u0648\u0645\u0634\u0631\u0642\u064b\u0627. &#8211; [&hellip;]<\/p>\n","protected":false},"featured_media":25226,"template":"","meta":[],"pwb-brand":[1393],"product_brand":[],"product_cat":[1123,1227,1121],"product_tag":[672,697,685,763],"class_list":{"0":"post-25219","1":"product","2":"type-product","3":"status-publish","4":"has-post-thumbnail","6":"pwb-brand-medicube","7":"product_cat-face-bright","8":"product_cat-face-renew","9":"product_cat-face-moist","10":"product_tag-wrinkles","11":"product_tag-moisturizing","12":"product_tag-brightening","13":"product_tag-763","15":"first","16":"outofstock","17":"shipping-taxable","18":"product-type-variable","19":"has-default-attributes","20":"wvs-archive-product-wrapper"},"brands":[{"id":1393,"name":"MediCube","slug":"medicube"}],"_links":{"self":[{"href":"https:\/\/gopinkish.com\/fr\/wp-json\/wp\/v2\/product\/25219","targetHints":{"allow":["GET"]}}],"collection":[{"href":"https:\/\/gopinkish.com\/fr\/wp-json\/wp\/v2\/product"}],"about":[{"href":"https:\/\/gopinkish.com\/fr\/wp-json\/wp\/v2\/types\/product"}],"wp:featuredmedia":[{"embeddable":true,"href":"https:\/\/gopinkish.com\/fr\/wp-json\/wp\/v2\/media\/25226"}],"wp:attachment":[{"href":"https:\/\/gopinkish.com\/fr\/wp-json\/wp\/v2\/media?parent=25219"}],"wp:term":[{"taxonomy":"pwb-brand","embeddable":true,"href":"https:\/\/gopinkish.com\/fr\/wp-json\/wp\/v2\/pwb-brand?post=25219"},{"taxonomy":"product_brand","embeddable":true,"href":"https:\/\/gopinkish.com\/fr\/wp-json\/wp\/v2\/product_brand?post=25219"},{"taxonomy":"product_cat","embeddable":true,"href":"https:\/\/gopinkish.com\/fr\/wp-json\/wp\/v2\/product_cat?post=25219"},{"taxonomy":"product_tag","embeddable":true,"href":"https:\/\/gopinkish.com\/fr\/wp-json\/wp\/v2\/product_tag?post=25219"}],"curies":[{"name":"wp","href":"https:\/\/api.w.org\/{rel}","templated":true}]}}