{"id":25189,"date":"2025-07-27T20:59:20","date_gmt":"2025-07-27T19:59:20","guid":{"rendered":"https:\/\/gopinkish.com\/?post_type=product&#038;p=25189"},"modified":"2026-04-24T18:47:50","modified_gmt":"2026-04-24T17:47:50","slug":"3282770204667","status":"publish","type":"product","link":"https:\/\/gopinkish.com\/fr\/produit\/3282770204667\/","title":{"rendered":"Cicalvet+ Cr\u00e8me protectrice de r\u00e9paration, de restauration et de protection"},"content":{"rendered":"<p style=\"text-align: justify;\">\u0647\u0630\u0627 \u0627\u0644\u0643\u0631\u064a\u0645 \u0627\u0644\u0630\u064a \u064a\u062d\u062a\u0648\u064a \u0639\u0644\u0649 \u0645\u0643\u0648\u0646\u0627\u062a \u0641\u0639\u0627\u0644\u0629 \u062a\u0631\u0645\u064a\u0645\u064a\u0629 \u0648\u0645\u0646\u0642\u064a\u0629 \u064a\u0647\u062f\u0626 \u0627\u0644\u0627\u0646\u0632\u0639\u0627\u062c \u0639\u0644\u0649 \u0627\u0644\u0641\u0648\u0631 \u0648\u064a\u0639\u0632\u0632 \u0625\u0635\u0644\u0627\u062d \u0627\u0644\u0628\u0634\u0631\u0629 \u0627\u0644\u062d\u0633\u0627\u0633\u0629 \u0648\u0627\u0644\u0645\u062a\u0647\u064a\u062c\u0629 \u0641\u064a \u063a\u0636\u0648\u0646 48 \u0633\u0627\u0639\u0629.<\/p>\n<p style=\"text-align: justify;\">\u064a\u064f\u0647\u062f\u0626 \u0627\u0644\u0628\u0634\u0631\u0629 \u0627\u0644\u0645\u062a\u0647\u064a\u062c\u0629 \u0648\u064a\u062d\u0645\u064a\u0647\u0627 \u0648\u064a\u064f\u0639\u0632\u0632 \u062a\u0631\u0645\u064a\u0645\u0647\u0627 \u0644\u062c\u0645\u064a\u0639 \u0623\u0641\u0631\u0627\u062f \u0627\u0644\u0623\u0633\u0631\u0629. \u064a\u064f\u0634\u0643\u0644 \u0637\u0628\u0642\u0629 \u0648\u0627\u0642\u064a\u0629 \u0639\u0644\u0649 \u0627\u0644\u062a\u0647\u064a\u062c\u0627\u062a \u0641\u064a \u0627\u0644\u0637\u0628\u0642\u0627\u062a \u0627\u0644\u0633\u0637\u062d\u064a\u0629 \u0645\u0646 \u0627\u0644\u0628\u0634\u0631\u0629\u060c \u0645\u0645\u0627 \u064a\u064f\u0639\u0637\u064a \u062a\u0623\u062b\u064a\u0631 &#8220;\u0636\u0645\u0627\u062f\u0629&#8221; \u062a\u062d\u0645\u064a \u0627\u0644\u0628\u0634\u0631\u0629. \u062a\u062d\u062a\u0648\u064a \u062a\u0631\u0643\u064a\u0628\u062a\u0647 \u0639\u0644\u0649 \u0645\u0632\u064a\u062c \u0645\u0646 \u0645\u064a\u0627\u0647 \u0623\u0641\u064a\u0646 \u0627\u0644\u062d\u0631\u0627\u0631\u064a\u0629\u060c \u0648\u0645\u0627\u062f\u0629 [C\u207a-Restore]\u2122 \u0627\u0644\u0645\u064f\u0631\u0645\u0645\u0629\u060c \u0648\u0645\u0643\u0648\u0646\u0627\u062a \u0645\u064f\u0646\u0642\u064a\u0629: \u0643\u0628\u0631\u064a\u062a\u0627\u062a \u0627\u0644\u0646\u062d\u0627\u0633 \u0648\u0643\u0628\u0631\u064a\u062a\u0627\u062a \u0627\u0644\u0632\u0646\u0643. \u0643\u0631\u064a\u0645 \u0633\u064a\u0643\u0627\u0644\u0641\u064a\u062a+ \u0627\u0644\u0648\u0627\u0642\u064a \u0644\u0644\u0625\u0635\u0644\u0627\u062d \u0645\u0646\u0627\u0633\u0628 \u0623\u064a\u0636\u064b\u0627 \u0644\u0644\u0645\u0646\u0627\u0637\u0642 \u0627\u0644\u062d\u0633\u0627\u0633\u0629 \u0627\u0644\u062e\u0627\u0631\u062c\u064a\u0629.<\/p>\n<p style=\"text-align: justify;\">\u0645\u062b\u0627\u0644\u064a \u0644\u062c\u0645\u064a\u0639 \u0623\u0641\u0631\u0627\u062f \u0627\u0644\u0639\u0627\u0626\u0644\u0629 \u0648 \u0623\u064a\u0636\u0627 \u0644\u0644\u0623\u0634\u062e\u0627\u0635 \u0627\u0644\u0630\u064a\u0646 \u064a\u062e\u0636\u0639\u0648\u0646 \u0644\u0639\u0644\u0627\u062c \u0627\u0644\u0633\u0631\u0637\u0627\u0646 \u0623\u0648 \u0628\u0639\u062f\u0647.<\/p>\n<p style=\"text-align: justify;\"><strong>\u0627\u0644\u0639\u0645\u0631 : <\/strong>\u0645\u0646 0 \u0634\u0647\u0631<\/p>\n<p style=\"text-align: justify;\"><strong>\u0645\u0646\u0627\u0633\u0628 : <\/strong>\u0644\u0644\u062c\u0633\u0645 &#8211; \u0627\u0644\u0648\u062c\u0647 &#8211; \u0627\u0644\u0645\u0646\u0627\u0637\u0642 \u0627\u0644\u062d\u0633\u0627\u0633\u0629<\/p>\n<p style=\"text-align: justify;\"><strong>\u0646\u0648\u0639 \u0627\u0644\u0628\u0634\u0631\u0629 :<\/strong> \u0627\u0644\u0628\u0634\u0631\u0629 \u0627\u0644\u062d\u0633\u0627\u0633\u0629 &#8211; \u0627\u0644\u0628\u0634\u0631\u0629 \u0627\u0644\u0645\u062a\u0647\u064a\u062c\u0629<\/p>\n<p dir=\"ltr\" style=\"text-align: center;\">\ud83c\uddec\ud83c\udde7 Eau Thermale Av\u00e8ne Cicalfate+ Restorative Protective Cream<br \/>\n\ud83c\uddeb\ud83c\uddf7 Cr\u00e8me Protectrice R\u00e9paratrice Eau Thermale Av\u00e8ne Cicalfate+<\/p>\n","protected":false},"excerpt":{"rendered":"<p>\u0647\u0630\u0627 \u0627\u0644\u0643\u0631\u064a\u0645 \u0627\u0644\u0630\u064a \u064a\u062d\u062a\u0648\u064a \u0639\u0644\u0649 \u0645\u0643\u0648\u0646\u0627\u062a \u0641\u0639\u0627\u0644\u0629 \u062a\u0631\u0645\u064a\u0645\u064a\u0629 \u0648\u0645\u0646\u0642\u064a\u0629 \u064a\u0647\u062f\u0626 \u0627\u0644\u0627\u0646\u0632\u0639\u0627\u062c \u0639\u0644\u0649 \u0627\u0644\u0641\u0648\u0631 \u0648\u064a\u0639\u0632\u0632 \u0625\u0635\u0644\u0627\u062d \u0627\u0644\u0628\u0634\u0631\u0629 \u0627\u0644\u062d\u0633\u0627\u0633\u0629 \u0648\u0627\u0644\u0645\u062a\u0647\u064a\u062c\u0629 \u0641\u064a \u063a\u0636\u0648\u0646 48 \u0633\u0627\u0639\u0629. \u064a\u064f\u0647\u062f\u0626 \u0627\u0644\u0628\u0634\u0631\u0629 \u0627\u0644\u0645\u062a\u0647\u064a\u062c\u0629 \u0648\u064a\u062d\u0645\u064a\u0647\u0627 \u0648\u064a\u064f\u0639\u0632\u0632 \u062a\u0631\u0645\u064a\u0645\u0647\u0627 \u0644\u062c\u0645\u064a\u0639 \u0623\u0641\u0631\u0627\u062f \u0627\u0644\u0623\u0633\u0631\u0629. \u064a\u064f\u0634\u0643\u0644 \u0637\u0628\u0642\u0629 \u0648\u0627\u0642\u064a\u0629 \u0639\u0644\u0649 \u0627\u0644\u062a\u0647\u064a\u062c\u0627\u062a \u0641\u064a \u0627\u0644\u0637\u0628\u0642\u0627\u062a \u0627\u0644\u0633\u0637\u062d\u064a\u0629 \u0645\u0646 \u0627\u0644\u0628\u0634\u0631\u0629\u060c \u0645\u0645\u0627 \u064a\u064f\u0639\u0637\u064a \u062a\u0623\u062b\u064a\u0631 &#8220;\u0636\u0645\u0627\u062f\u0629&#8221; \u062a\u062d\u0645\u064a \u0627\u0644\u0628\u0634\u0631\u0629. \u062a\u062d\u062a\u0648\u064a \u062a\u0631\u0643\u064a\u0628\u062a\u0647 \u0639\u0644\u0649 \u0645\u0632\u064a\u062c \u0645\u0646 \u0645\u064a\u0627\u0647 \u0623\u0641\u064a\u0646 \u0627\u0644\u062d\u0631\u0627\u0631\u064a\u0629\u060c [&hellip;]<\/p>\n","protected":false},"featured_media":25194,"template":"","meta":[],"pwb-brand":[253],"product_brand":[],"product_cat":[1227],"product_tag":[684],"class_list":{"0":"post-25189","1":"product","2":"type-product","3":"status-publish","4":"has-post-thumbnail","6":"pwb-brand-avene","7":"product_cat-face-renew","8":"product_tag-restoration","10":"first","11":"instock","12":"shipping-taxable","13":"purchasable","14":"product-type-variable","15":"has-default-attributes","16":"wvs-archive-product-wrapper"},"brands":[{"id":253,"name":"Av\u00e8ne","slug":"avene"}],"_links":{"self":[{"href":"https:\/\/gopinkish.com\/fr\/wp-json\/wp\/v2\/product\/25189","targetHints":{"allow":["GET"]}}],"collection":[{"href":"https:\/\/gopinkish.com\/fr\/wp-json\/wp\/v2\/product"}],"about":[{"href":"https:\/\/gopinkish.com\/fr\/wp-json\/wp\/v2\/types\/product"}],"wp:featuredmedia":[{"embeddable":true,"href":"https:\/\/gopinkish.com\/fr\/wp-json\/wp\/v2\/media\/25194"}],"wp:attachment":[{"href":"https:\/\/gopinkish.com\/fr\/wp-json\/wp\/v2\/media?parent=25189"}],"wp:term":[{"taxonomy":"pwb-brand","embeddable":true,"href":"https:\/\/gopinkish.com\/fr\/wp-json\/wp\/v2\/pwb-brand?post=25189"},{"taxonomy":"product_brand","embeddable":true,"href":"https:\/\/gopinkish.com\/fr\/wp-json\/wp\/v2\/product_brand?post=25189"},{"taxonomy":"product_cat","embeddable":true,"href":"https:\/\/gopinkish.com\/fr\/wp-json\/wp\/v2\/product_cat?post=25189"},{"taxonomy":"product_tag","embeddable":true,"href":"https:\/\/gopinkish.com\/fr\/wp-json\/wp\/v2\/product_tag?post=25189"}],"curies":[{"name":"wp","href":"https:\/\/api.w.org\/{rel}","templated":true}]}}