{"id":25068,"date":"2025-04-23T01:18:06","date_gmt":"2025-04-23T00:18:06","guid":{"rendered":"https:\/\/gopinkish.com\/?post_type=product&#038;p=25068"},"modified":"2025-11-14T22:14:55","modified_gmt":"2025-11-14T21:14:55","slug":"3423470398021","status":"publish","type":"product","link":"https:\/\/gopinkish.com\/fr\/produit\/3423470398021\/","title":{"rendered":"Elie Saab Le Parva"},"content":{"rendered":"<p style=\"text-align: justify;\">Tel un fant\u00f4me, Elie Saab est une invitation pour toutes les femmes qui r\u00eavent d'ajouter une touche de glamour et de f\u00e9minit\u00e9 \u00e0 leur vie. Le parfum ouvre les portes de l'univers extraordinaire du cr\u00e9ateur, offrant une nouvelle fa\u00e7on de porter l'extraordinaire.<\/p>\n<p style=\"text-align: justify;\">Avec son bouquet floral f\u00e9minin, ce parfum Elie Saab offre \u00e0 celle qui le porte une bouff\u00e9e de douceur. La fleur d'oranger, fra\u00eeche et lumineuse comme le soleil d'\u00e9t\u00e9, se m\u00eale au jasmin d\u00e9licat, d\u00e9gageant une puissance captivante et d\u00e9licate. Sensuelle et captivante, cette fragrance ondule comme les jupes soyeuses d'un escalier de marbre, descendant dans un flot captivant de rose miel. Avec un c\u0153ur de patchouli palpitant m\u00e9lang\u00e9 \u00e0 du bois de c\u00e8dre, le parfum persiste comme un souvenir chaleureux.<\/p>\n<p style=\"text-align: justify;\">Ode \u00e0 la lumi\u00e8re\u201c, son flacon en verre transparent refl\u00e8te le soleil et met en valeur le nectar qui s'y cache.<\/p>\n<p dir=\"ltr\" style=\"text-align: center;\">\ud83c\uddec\ud83c\udde7 Elie Saab Le Parfum Eau de Parfum<br \/>\n\ud83c\uddeb\ud83c\uddf7 Elie Saab Le Parfum Eau de Parfum<\/p>","protected":false},"excerpt":{"rendered":"<p>Eau de Parfum<\/p>","protected":false},"featured_media":25073,"template":"","meta":[],"pwb-brand":[1354],"product_brand":[],"product_cat":[1421],"product_tag":[],"class_list":{"0":"post-25068","1":"product","2":"type-product","3":"status-publish","4":"has-post-thumbnail","6":"pwb-brand-elie-saab","7":"product_cat-edp-women","9":"first","10":"outofstock","11":"shipping-taxable","12":"product-type-variable","13":"has-default-attributes","14":"wvs-archive-product-wrapper"},"brands":[{"id":1354,"name":"Elie Saab","slug":"elie-saab"}],"_links":{"self":[{"href":"https:\/\/gopinkish.com\/fr\/wp-json\/wp\/v2\/product\/25068","targetHints":{"allow":["GET"]}}],"collection":[{"href":"https:\/\/gopinkish.com\/fr\/wp-json\/wp\/v2\/product"}],"about":[{"href":"https:\/\/gopinkish.com\/fr\/wp-json\/wp\/v2\/types\/product"}],"wp:featuredmedia":[{"embeddable":true,"href":"https:\/\/gopinkish.com\/fr\/wp-json\/wp\/v2\/media\/25073"}],"wp:attachment":[{"href":"https:\/\/gopinkish.com\/fr\/wp-json\/wp\/v2\/media?parent=25068"}],"wp:term":[{"taxonomy":"pwb-brand","embeddable":true,"href":"https:\/\/gopinkish.com\/fr\/wp-json\/wp\/v2\/pwb-brand?post=25068"},{"taxonomy":"product_brand","embeddable":true,"href":"https:\/\/gopinkish.com\/fr\/wp-json\/wp\/v2\/product_brand?post=25068"},{"taxonomy":"product_cat","embeddable":true,"href":"https:\/\/gopinkish.com\/fr\/wp-json\/wp\/v2\/product_cat?post=25068"},{"taxonomy":"product_tag","embeddable":true,"href":"https:\/\/gopinkish.com\/fr\/wp-json\/wp\/v2\/product_tag?post=25068"}],"curies":[{"name":"wp","href":"https:\/\/api.w.org\/{rel}","templated":true}]}}