{"id":25044,"date":"2025-04-22T23:56:18","date_gmt":"2025-04-22T22:56:18","guid":{"rendered":"https:\/\/gopinkish.com\/?post_type=product&#038;p=25044"},"modified":"2025-11-14T22:15:07","modified_gmt":"2025-11-14T21:15:07","slug":"8411061907559","status":"publish","type":"product","link":"https:\/\/gopinkish.com\/fr\/produit\/8411061907559\/","title":{"rendered":"Carolina Herrera Good Girl Leisure"},"content":{"rendered":"<p style=\"text-align: justify;\">Good Girl Eau de Parfum est une version \u00e9l\u00e9gante du parfum f\u00e9minin iconique et sensuel Good Girl. Par\u00e9 d'une touche de tendresse et de d\u00e9licatesse, ce parfum incarne la dualit\u00e9 des femmes.<\/p>\n<p style=\"text-align: justify;\">Sa fragrance fra\u00eeche et captivante c\u00e9l\u00e8bre les femmes fortes et leur joie de vivre en r\u00e9interpr\u00e9tant l'essence de la femme moderne et glamour. Plus l\u00e9ger et plus doux que l'original, Good Girl Eau de Parfum L\u00e9ger est un parfum f\u00e9minin aux notes royales de jasmin royal et de f\u00e8ve tonka la plus sophistiqu\u00e9e, envelopp\u00e9 de notes bois\u00e9es cr\u00e9meuses et d'un dulce de leche sensuel et velout\u00e9.<\/p>\n<p dir=\"ltr\" style=\"text-align: center;\">\ud83c\uddec\ud83c\udde7 Carolina Herrera Good Girl Legere Eau de Parfum<br \/>\n\ud83c\uddeb\ud83c\uddf7 Carolina Herrera Good Girl Legere Eau de Parfum<\/p>","protected":false},"excerpt":{"rendered":"<p>Eau de Parfum<\/p>","protected":false},"featured_media":25050,"template":"","meta":[],"pwb-brand":[1348],"product_brand":[],"product_cat":[1421],"product_tag":[],"class_list":{"0":"post-25044","1":"product","2":"type-product","3":"status-publish","4":"has-post-thumbnail","6":"pwb-brand-carolina-herrera","7":"product_cat-edp-women","9":"first","10":"outofstock","11":"shipping-taxable","12":"product-type-variable","13":"has-default-attributes","14":"wvs-archive-product-wrapper"},"brands":[{"id":1348,"name":"Carolina Herrera","slug":"carolina-herrera"}],"_links":{"self":[{"href":"https:\/\/gopinkish.com\/fr\/wp-json\/wp\/v2\/product\/25044","targetHints":{"allow":["GET"]}}],"collection":[{"href":"https:\/\/gopinkish.com\/fr\/wp-json\/wp\/v2\/product"}],"about":[{"href":"https:\/\/gopinkish.com\/fr\/wp-json\/wp\/v2\/types\/product"}],"wp:featuredmedia":[{"embeddable":true,"href":"https:\/\/gopinkish.com\/fr\/wp-json\/wp\/v2\/media\/25050"}],"wp:attachment":[{"href":"https:\/\/gopinkish.com\/fr\/wp-json\/wp\/v2\/media?parent=25044"}],"wp:term":[{"taxonomy":"pwb-brand","embeddable":true,"href":"https:\/\/gopinkish.com\/fr\/wp-json\/wp\/v2\/pwb-brand?post=25044"},{"taxonomy":"product_brand","embeddable":true,"href":"https:\/\/gopinkish.com\/fr\/wp-json\/wp\/v2\/product_brand?post=25044"},{"taxonomy":"product_cat","embeddable":true,"href":"https:\/\/gopinkish.com\/fr\/wp-json\/wp\/v2\/product_cat?post=25044"},{"taxonomy":"product_tag","embeddable":true,"href":"https:\/\/gopinkish.com\/fr\/wp-json\/wp\/v2\/product_tag?post=25044"}],"curies":[{"name":"wp","href":"https:\/\/api.w.org\/{rel}","templated":true}]}}