{"id":24962,"date":"2025-04-20T23:04:08","date_gmt":"2025-04-20T22:04:08","guid":{"rendered":"https:\/\/gopinkish.com\/?post_type=product&#038;p=24962"},"modified":"2026-05-02T12:19:10","modified_gmt":"2026-05-02T11:19:10","slug":"817513015328","status":"publish","type":"product","link":"https:\/\/gopinkish.com\/fr\/produit\/817513015328\/","title":{"rendered":"Apr\u00e8s-shampoing cr\u00e9meux hydratant au beurre de karit\u00e9 pour cheveux boucl\u00e9s naturels"},"content":{"rendered":"<p style=\"text-align: justify;\">Une formule unique qui hydrate les cheveux secs et cassants et aide \u00e0 les prot\u00e9ger contre la casse. \u00c0 base de beurre de karit\u00e9 pur, Cantu restaure votre beaut\u00e9 naturelle. Choyez vos cheveux fris\u00e9s, cr\u00e9pus, emm\u00eal\u00e9s ou ondul\u00e9s avec Cantu.<\/p>\n<p><strong>Les principales caract\u00e9ristiques :<\/strong><\/p>\n<p>- Aide les cheveux \u00e0 conserver leurs huiles naturelles<br \/>\n- Donne des cheveux sains et hydrat\u00e9s<br \/>\n- Id\u00e9al pour les cheveux naturels et color\u00e9s<\/p>\n<p style=\"text-align: justify;\"><strong>Comment l'utiliser ?<\/strong> Appliquer une quantit\u00e9 g\u00e9n\u00e9reuse sur les pointes, en massant vers les racines. Rincer abondamment \u00e0 l'eau froide.<\/p>\n<p dir=\"ltr\" style=\"text-align: center;\">\ud83c\uddec\ud83c\udde7 Cantu Shea Butter Sulfate-Free Hydrating Cream Conditioner (cr\u00e8me de soin hydratante au beurre de karit\u00e9 sans sulfate)<br \/>\n\ud83c\uddeb\ud83c\uddf7 Cantu Apr\u00e8s-Shampooing Hydratant au Beurre de Karit\u00e9 Sans Sulfates<\/p>","protected":false},"excerpt":{"rendered":"<p>\u062a\u0631\u0643\u064a\u0628\u0629 \u0641\u0631\u064a\u062f\u0629 \u062a\u064f\u0631\u0637\u0628 \u0627\u0644\u0634\u0639\u0631 \u0627\u0644\u062c\u0627\u0641 \u0648\u0627\u0644\u0645\u062a\u0642\u0635\u0641\u060c \u0648\u062a\u0633\u0627\u0639\u062f \u0639\u0644\u0649 \u062d\u0645\u0627\u064a\u062a\u0647 \u0645\u0646 \u0627\u0644\u062a\u0642\u0635\u0641.\u00a0\u0645\u0635\u0646\u0648\u0639 \u0645\u0646 \u0632\u0628\u062f\u0629 \u0627\u0644\u0634\u064a\u0627 \u0627\u0644\u0646\u0642\u064a\u0629\u060c \u064a\u064f\u0639\u064a\u062f \u0643\u0627\u0646\u062a\u0648 \u062c\u0645\u0627\u0644\u0643\u0650 \u0627\u0644\u0637\u0628\u064a\u0639\u064a. \u062f\u0644\u0644\u064a \u0634\u0639\u0631\u0643\u0650 \u0627\u0644\u0645\u062c\u0639\u062f\u060c \u0623\u0648 \u0627\u0644\u0645\u062c\u0639\u0651\u062f\u060c \u0623\u0648 \u0627\u0644\u0645\u062a\u0634\u0627\u0628\u0643\u060c \u0623\u0648 \u0627\u0644\u0645\u0645\u0648\u0651\u062c \u0645\u0639 \u0643\u0627\u0646\u062a\u0648. \u0627\u0644\u0645\u064a\u0632\u0627\u062a \u0627\u0644\u0631\u0626\u064a\u0633\u064a\u0629: \u2022 \u064a\u0633\u0627\u0639\u062f \u0627\u0644\u0634\u0639\u0631 \u0639\u0644\u0649 \u0627\u0644\u0627\u062d\u062a\u0641\u0627\u0638 \u0628\u0627\u0644\u0632\u064a\u0648\u062a \u0627\u0644\u0637\u0628\u064a\u0639\u064a\u0629 \u2022 \u064a\u0645\u0646\u062d\u0647 \u0634\u0639\u0631\u064b\u0627 \u0635\u062d\u064a\u064b\u0627 \u0648\u0631\u0637\u0628\u064b\u0627 \u2022 \u0645\u062b\u0627\u0644\u064a \u0644\u0644\u0634\u0639\u0631 \u0627\u0644\u0637\u0628\u064a\u0639\u064a \u0648\u0627\u0644\u0645\u0635\u0628\u0648\u063a \u0637\u0631\u064a\u0642\u0629 \u0627\u0644\u0627\u0633\u062a\u062e\u062f\u0627\u0645: \u0636\u0639\u064a \u0643\u0645\u064a\u0629 \u0648\u0641\u064a\u0631\u0629 \u0639\u0644\u0649 [&hellip;]<\/p>\n","protected":false},"featured_media":24964,"template":"","meta":[],"pwb-brand":[1019],"product_brand":[],"product_cat":[1157,1149],"product_tag":[1020,1040],"class_list":{"0":"post-24962","1":"product","2":"type-product","3":"status-publish","4":"has-post-thumbnail","6":"pwb-brand-cantu","7":"product_cat-curly-hair-care","8":"product_cat-hair-cond","9":"product_tag-1020","10":"product_tag-1040","12":"first","13":"instock","14":"shipping-taxable","15":"purchasable","16":"product-type-variable","17":"has-default-attributes","18":"wvs-archive-product-wrapper"},"brands":[{"id":1019,"name":"Cantu","slug":"cantu"}],"_links":{"self":[{"href":"https:\/\/gopinkish.com\/fr\/wp-json\/wp\/v2\/product\/24962","targetHints":{"allow":["GET"]}}],"collection":[{"href":"https:\/\/gopinkish.com\/fr\/wp-json\/wp\/v2\/product"}],"about":[{"href":"https:\/\/gopinkish.com\/fr\/wp-json\/wp\/v2\/types\/product"}],"wp:featuredmedia":[{"embeddable":true,"href":"https:\/\/gopinkish.com\/fr\/wp-json\/wp\/v2\/media\/24964"}],"wp:attachment":[{"href":"https:\/\/gopinkish.com\/fr\/wp-json\/wp\/v2\/media?parent=24962"}],"wp:term":[{"taxonomy":"pwb-brand","embeddable":true,"href":"https:\/\/gopinkish.com\/fr\/wp-json\/wp\/v2\/pwb-brand?post=24962"},{"taxonomy":"product_brand","embeddable":true,"href":"https:\/\/gopinkish.com\/fr\/wp-json\/wp\/v2\/product_brand?post=24962"},{"taxonomy":"product_cat","embeddable":true,"href":"https:\/\/gopinkish.com\/fr\/wp-json\/wp\/v2\/product_cat?post=24962"},{"taxonomy":"product_tag","embeddable":true,"href":"https:\/\/gopinkish.com\/fr\/wp-json\/wp\/v2\/product_tag?post=24962"}],"curies":[{"name":"wp","href":"https:\/\/api.w.org\/{rel}","templated":true}]}}