{"id":24872,"date":"2025-04-20T16:34:04","date_gmt":"2025-04-20T15:34:04","guid":{"rendered":"https:\/\/gopinkish.com\/?post_type=product&#038;p=24872"},"modified":"2026-01-07T15:02:35","modified_gmt":"2026-01-07T14:02:35","slug":"037000816294","status":"publish","type":"product","link":"https:\/\/gopinkish.com\/fr\/produit\/037000816294\/","title":{"rendered":"Dentifrice blanchissant avec technologie triple action et formule unique"},"content":{"rendered":"<p style=\"text-align: justify;\">Le nouveau dentifrice blanchissant Crest 3D White Ultra Vivid Mint est dot\u00e9 d'une triple technologie de blanchiment et d'une formule enti\u00e8rement s\u00e9curitaire. Sa formule unique traite plusieurs probl\u00e8mes \u00e0 la fois, notamment l'\u00e9limination des taches superficielles, le nettoyage en profondeur de l'\u00e9mail et la pr\u00e9vention des taches futures. Le fabricant garantit que cette p\u00e2te \u00e9limine jusqu'\u00e0 90% de taches diff\u00e9rentes de la surface de l'\u00e9mail, m\u00eame dans les endroits difficiles \u00e0 atteindre. Une attention particuli\u00e8re est accord\u00e9e \u00e0 ses propri\u00e9t\u00e9s blanchissantes et nettoyantes, qui permettent de d\u00e9barrasser en profondeur les dents de la plaque bact\u00e9rienne. Ce dentifrice remplit \u00e9galement des fonctions essentielles en prot\u00e9geant les dents contre les caries et le tartre.<\/p>\n<p style=\"text-align: justify;\">Un autre avantage de Crest 3D White Ultra Vivid Mint est sa technologie unique qui emp\u00eache l'apparition de nouvelles taches dans les 24 heures suivant l'application. Gr\u00e2ce \u00e0 ce produit sain, vos dents seront prot\u00e9g\u00e9es de mani\u00e8re fiable et votre sourire brillera de sant\u00e9 et de blancheur. Crest 3D White Ultra Vivid Mint \u00e9limine efficacement la plaque bact\u00e9rienne, blanchit l'\u00e9mail des dents en plusieurs teintes et pr\u00e9vient les taches de surface. En m\u00eame temps, la p\u00e2te a une agr\u00e9able saveur de menthe et donne une haleine fra\u00eeche de longue dur\u00e9e. Gr\u00e2ce \u00e0 la combinaison r\u00e9ussie des ingr\u00e9dients, elle devient un excellent traitement pr\u00e9ventif contre les caries et le tartre.<\/p>\n<p style=\"text-align: justify;\">- Dentifrice unique dot\u00e9 d'une triple technologie de blanchiment.<\/p>\n<p style=\"text-align: justify;\">- \u00c9limine jusqu'\u00e0 90% de taches diff\u00e9rentes, m\u00eame dans les endroits difficiles d'acc\u00e8s.<\/p>\n<p style=\"text-align: justify;\">- Il commence \u00e0 blanchir d\u00e8s la premi\u00e8re utilisation.<\/p>\n<p style=\"text-align: justify;\">- Nettoie en profondeur l'\u00e9mail des dents.<\/p>\n<p style=\"text-align: justify;\">- Pr\u00e9vient l'apparition de nouvelles taches pendant 24 heures.<\/p>\n<p style=\"text-align: justify;\">- Soins bucco-dentaires de qualit\u00e9 sup\u00e9rieure.<\/p>\n<p style=\"text-align: justify;\">- Polit les dents en douceur sans endommager l'\u00e9mail.<\/p>\n<p style=\"text-align: justify;\">- Prot\u00e8ge les dents contre les caries et le tartre.<\/p>\n<p style=\"text-align: justify;\">- Nettoie les dents de la plaque bact\u00e9rienne.<\/p>\n<p style=\"text-align: justify;\">- Prot\u00e8ge et renforce l'\u00e9mail des dents fragiles.<\/p>\n<p style=\"text-align: justify;\">- Prolonge l'effet du blanchiment des dents.<\/p>\n<p style=\"text-align: justify;\">- Il a un go\u00fbt agr\u00e9able de menthe et procure une haleine fra\u00eeche de longue dur\u00e9e. Ingr\u00e9dients sans danger pour l'\u00e9mail des dents. Effet de blanchiment maximal avec 1 \u00e0 2 nuances de couleur. Le dentifrice est recommand\u00e9 pour les enfants \u00e0 partir de 2 ans.<\/p>\n<p style=\"text-align: justify;\">100% Garantie de r\u00e9sultats.<\/p>\n<p style=\"text-align: justify;\">Il est recommand\u00e9 d'utiliser le dentifrice blanchissant Crest 3D White Ultra Vivid Mint quotidiennement, deux fois par jour, matin et soir, et si possible apr\u00e8s avoir pris des colorants.<\/p>\n<p dir=\"ltr\" style=\"text-align: center;\">\ud83c\uddec\ud83c\udde7 Dentifrice Crest 3D White Ultra Vivid Mint<br \/>\n\ud83c\uddeb\ud83c\uddf7 Dentifrice Crest 3D White Ultra Menthe Vive<\/p>","protected":false},"excerpt":{"rendered":"<p><span style=\"color: #ff0000;\"><strong>Expiration du produit en d\u00e9cembre 2026<\/strong><\/span><\/p>","protected":false},"featured_media":24873,"template":"","meta":[],"pwb-brand":[707],"product_brand":[],"product_cat":[1131,1225,1134],"product_tag":[760],"class_list":{"0":"post-24872","1":"product","2":"type-product","3":"status-publish","4":"has-post-thumbnail","6":"pwb-brand-crest","7":"product_cat-tooth-paste","8":"product_cat-sale","9":"product_cat-teeth-white","10":"product_tag-760","12":"first","13":"outofstock","14":"shipping-taxable","15":"product-type-variable","16":"has-default-attributes","17":"wvs-archive-product-wrapper"},"brands":[{"id":707,"name":"Cr\u00eate","slug":"crest"}],"_links":{"self":[{"href":"https:\/\/gopinkish.com\/fr\/wp-json\/wp\/v2\/product\/24872","targetHints":{"allow":["GET"]}}],"collection":[{"href":"https:\/\/gopinkish.com\/fr\/wp-json\/wp\/v2\/product"}],"about":[{"href":"https:\/\/gopinkish.com\/fr\/wp-json\/wp\/v2\/types\/product"}],"wp:featuredmedia":[{"embeddable":true,"href":"https:\/\/gopinkish.com\/fr\/wp-json\/wp\/v2\/media\/24873"}],"wp:attachment":[{"href":"https:\/\/gopinkish.com\/fr\/wp-json\/wp\/v2\/media?parent=24872"}],"wp:term":[{"taxonomy":"pwb-brand","embeddable":true,"href":"https:\/\/gopinkish.com\/fr\/wp-json\/wp\/v2\/pwb-brand?post=24872"},{"taxonomy":"product_brand","embeddable":true,"href":"https:\/\/gopinkish.com\/fr\/wp-json\/wp\/v2\/product_brand?post=24872"},{"taxonomy":"product_cat","embeddable":true,"href":"https:\/\/gopinkish.com\/fr\/wp-json\/wp\/v2\/product_cat?post=24872"},{"taxonomy":"product_tag","embeddable":true,"href":"https:\/\/gopinkish.com\/fr\/wp-json\/wp\/v2\/product_tag?post=24872"}],"curies":[{"name":"wp","href":"https:\/\/api.w.org\/{rel}","templated":true}]}}