{"id":24733,"date":"2025-04-15T00:14:44","date_gmt":"2025-04-14T23:14:44","guid":{"rendered":"https:\/\/gopinkish.com\/?post_type=product&#038;p=24733"},"modified":"2025-08-06T23:48:39","modified_gmt":"2025-08-06T22:48:39","slug":"3614274169706","status":"publish","type":"product","link":"https:\/\/gopinkish.com\/fr\/produit\/3614274169706\/","title":{"rendered":"Lanc\u00f4me La Vie et Bal Elixir"},"content":{"rendered":"<p style=\"text-align: justify;\">Et si le bonheur commen\u00e7ait par vous ? Que se passerait-il si vous osiez rechercher votre propre bonheur ? Tout commence par un engagement envers vous-m\u00eame, en \u00e9coutant votre intuition et en ayant le courage de remettre en question les attentes, en donnant la priorit\u00e9 \u00e0 votre propre bonheur et en recherchant ce qui compte le plus pour vous.<\/p>\n<p style=\"text-align: justify;\">Cette conviction a d\u00e9sormais un parfum : La Vie et Belle Elixir. Le premier parfum d\u00e9licieux \u00e0 la violette de Lanc\u00f4me. Plus qu'un parfum, une \u00e9motion profonde. Une senteur inattendue qui na\u00eet de la rencontre d'une douce essence de framboise et de feuille de violette, rehauss\u00e9e par un accord captivant de beurre de cacao.<\/p>\n<p style=\"text-align: justify;\">Ce parfum unique, qui \u00e9voque la libert\u00e9 qu'apporte un acte radical d'amour de soi, s'incarne d\u00e9sormais dans un nouveau flacon. Le sourire embl\u00e9matique de La Vie et Belle est d\u00e9sormais grav\u00e9 sur le flacon, tandis que la forme du flacon a \u00e9t\u00e9 redessin\u00e9e avec des lignes \u00e9pur\u00e9es et \u00e9l\u00e9gantes. Une v\u00e9ritable fragrance qui incarne la f\u00e9minit\u00e9 contrast\u00e9e et audacieuse d'Elixir. Un nouveau coffret pr\u00e9cieux, rechargeable \u00e0 l'infini et con\u00e7u pour durer.<\/p>\n<p dir=\"ltr\" style=\"text-align: center;\">\ud83c\uddec\ud83c\udde7 Lanc\u00f4me La Vie Est Belle L'\u00c9lixir Eau de Parfum<br \/>\n\ud83c\uddeb\ud83c\uddf7 Lanc\u00f4me La Vie Est Belle L'\u00c9lixir Eau de Parfum<\/p>","protected":false},"excerpt":{"rendered":"<p>Eau de Parfum<\/p>","protected":false},"featured_media":24739,"template":"","meta":[],"pwb-brand":[240],"product_brand":[],"product_cat":[1421],"product_tag":[],"class_list":{"0":"post-24733","1":"product","2":"type-product","3":"status-publish","4":"has-post-thumbnail","6":"pwb-brand-lancome","7":"product_cat-edp-women","9":"first","10":"outofstock","11":"shipping-taxable","12":"product-type-variable","13":"has-default-attributes","14":"wvs-archive-product-wrapper"},"brands":[{"id":240,"name":"Lancome","slug":"lancome"}],"_links":{"self":[{"href":"https:\/\/gopinkish.com\/fr\/wp-json\/wp\/v2\/product\/24733","targetHints":{"allow":["GET"]}}],"collection":[{"href":"https:\/\/gopinkish.com\/fr\/wp-json\/wp\/v2\/product"}],"about":[{"href":"https:\/\/gopinkish.com\/fr\/wp-json\/wp\/v2\/types\/product"}],"wp:featuredmedia":[{"embeddable":true,"href":"https:\/\/gopinkish.com\/fr\/wp-json\/wp\/v2\/media\/24739"}],"wp:attachment":[{"href":"https:\/\/gopinkish.com\/fr\/wp-json\/wp\/v2\/media?parent=24733"}],"wp:term":[{"taxonomy":"pwb-brand","embeddable":true,"href":"https:\/\/gopinkish.com\/fr\/wp-json\/wp\/v2\/pwb-brand?post=24733"},{"taxonomy":"product_brand","embeddable":true,"href":"https:\/\/gopinkish.com\/fr\/wp-json\/wp\/v2\/product_brand?post=24733"},{"taxonomy":"product_cat","embeddable":true,"href":"https:\/\/gopinkish.com\/fr\/wp-json\/wp\/v2\/product_cat?post=24733"},{"taxonomy":"product_tag","embeddable":true,"href":"https:\/\/gopinkish.com\/fr\/wp-json\/wp\/v2\/product_tag?post=24733"}],"curies":[{"name":"wp","href":"https:\/\/api.w.org\/{rel}","templated":true}]}}