{"id":24643,"date":"2025-04-12T23:43:07","date_gmt":"2025-04-12T22:43:07","guid":{"rendered":"https:\/\/gopinkish.com\/?post_type=product&#038;p=24643"},"modified":"2025-08-03T13:25:46","modified_gmt":"2025-08-03T12:25:46","slug":"3614271882073","status":"publish","type":"product","link":"https:\/\/gopinkish.com\/fr\/produit\/3614271882073\/","title":{"rendered":"Lanc\u00f4me Lavi e Pal Fleurs du bonheur"},"content":{"rendered":"<p style=\"text-align: justify;\">\u201cLa Vie en Belle est une expression fran\u00e7aise qui signifie \u201dla vie est belle\u201c et qui \u00e9voque le choix de son propre chemin vers le bonheur. La Vie en Belle incarne le bonheur sous toutes ses formes. Bouquet de joie, ce parfum se caract\u00e9rise par des notes de rose, de jasmin et de pivoine. Un parfum complexe et moderne, une fragrance florale unique avec une touche fruit\u00e9e et chaleureuse.<\/p>\n<p style=\"text-align: justify;\">V\u00e9ritable h\u00e9ritage de Lanc\u00f4me, le flacon du parfum Life is Beautiful est appel\u00e9 \u201cCrystal Smile\u201d et a \u00e9t\u00e9 con\u00e7u pour la premi\u00e8re fois par Georges Delhomme en 1949. Ce flacon incarne la vision de la f\u00e9minit\u00e9 du fondateur de Lanc\u00f4me, Armand Petitjean. Red\u00e9couvert dans les archives historiques, il a \u00e9t\u00e9 utilis\u00e9 pour le lancement de Life is Beautiful en 2012, et son design a \u00e9t\u00e9 agr\u00e9ment\u00e9 d'un foulard en mousseline de soie pour une touche d'\u00e9l\u00e9gance parisienne.<\/p>\n<p style=\"text-align: justify;\">Les Fleurs du Bonheur transforment le flacon classique en un reflet \u00e9poustouflant de la fragrance : Un verre aux multiples facettes capte la lumi\u00e8re, rendant hommage aux milliers de bourgeons fleuris qui l'entourent. Les 221 facettes illustrent le savoir-faire des meilleurs verriers fran\u00e7ais. C'est un p\u00e9tale parisien orn\u00e9 qui r\u00e9pand la joie, l'enthousiasme et la g\u00e9n\u00e9rosit\u00e9 \u00e0 travers un ar\u00f4me parfum\u00e9.<\/p>\n<p dir=\"ltr\" style=\"text-align: center;\">\ud83c\uddec\ud83c\udde7 Lanc\u00f4me La Vie Est Belle Eau de Parfum Fleurs du Bonheur<br \/>\n\ud83c\uddeb\ud83c\uddf7 Eau de Parfum Lanc\u00f4me La Vie Est Belle Fleurs du bonheur<\/p>","protected":false},"excerpt":{"rendered":"<p>Eau de Parfum<\/p>","protected":false},"featured_media":24644,"template":"","meta":[],"pwb-brand":[240],"product_brand":[],"product_cat":[1421],"product_tag":[],"class_list":{"0":"post-24643","1":"product","2":"type-product","3":"status-publish","4":"has-post-thumbnail","6":"pwb-brand-lancome","7":"product_cat-edp-women","9":"first","10":"instock","11":"shipping-taxable","12":"purchasable","13":"product-type-variable","14":"has-default-attributes","15":"wvs-archive-product-wrapper"},"brands":[{"id":240,"name":"Lancome","slug":"lancome"}],"_links":{"self":[{"href":"https:\/\/gopinkish.com\/fr\/wp-json\/wp\/v2\/product\/24643","targetHints":{"allow":["GET"]}}],"collection":[{"href":"https:\/\/gopinkish.com\/fr\/wp-json\/wp\/v2\/product"}],"about":[{"href":"https:\/\/gopinkish.com\/fr\/wp-json\/wp\/v2\/types\/product"}],"wp:featuredmedia":[{"embeddable":true,"href":"https:\/\/gopinkish.com\/fr\/wp-json\/wp\/v2\/media\/24644"}],"wp:attachment":[{"href":"https:\/\/gopinkish.com\/fr\/wp-json\/wp\/v2\/media?parent=24643"}],"wp:term":[{"taxonomy":"pwb-brand","embeddable":true,"href":"https:\/\/gopinkish.com\/fr\/wp-json\/wp\/v2\/pwb-brand?post=24643"},{"taxonomy":"product_brand","embeddable":true,"href":"https:\/\/gopinkish.com\/fr\/wp-json\/wp\/v2\/product_brand?post=24643"},{"taxonomy":"product_cat","embeddable":true,"href":"https:\/\/gopinkish.com\/fr\/wp-json\/wp\/v2\/product_cat?post=24643"},{"taxonomy":"product_tag","embeddable":true,"href":"https:\/\/gopinkish.com\/fr\/wp-json\/wp\/v2\/product_tag?post=24643"}],"curies":[{"name":"wp","href":"https:\/\/api.w.org\/{rel}","templated":true}]}}