{"id":24582,"date":"2025-04-12T02:38:04","date_gmt":"2025-04-12T01:38:04","guid":{"rendered":"https:\/\/gopinkish.com\/?post_type=product&#038;p=24582"},"modified":"2026-01-14T16:17:50","modified_gmt":"2026-01-14T15:17:50","slug":"3348900417878","status":"publish","type":"product","link":"https:\/\/gopinkish.com\/fr\/produit\/3348900417878\/","title":{"rendered":"Dior J'adore"},"content":{"rendered":"<p style=\"text-align: justify;\">J'adore, le l\u00e9gendaire parfum f\u00e9minin de Dior, s'\u00e9panouit dans une composition florale d'ylang-ylang, de rose de damas, de grand jasmin et de sambac. Un bouquet luxueux o\u00f9 chaque fleur compl\u00e8te harmonieusement les autres, cr\u00e9ant un sentiment de fleur parfaite, avec des notes alliant sensualit\u00e9, douceur, fra\u00eecheur et fruit\u00e9.<\/p>\n<p style=\"text-align: justify;\">Un parfum pr\u00e9cieux et \u00e9l\u00e9gant qui a \u00e9t\u00e9 redessin\u00e9 avec un pendentif et un design r\u00e9invent\u00e9s.<\/p>\n<p dir=\"ltr\" style=\"text-align: center;\">\ud83c\uddec\ud83c\udde7 Christian Dior J'adore Eau de Parfum<br \/>\n\ud83c\uddeb\ud83c\uddf7 Eau de Parfum Christian Dior J'adore<\/p>","protected":false},"excerpt":{"rendered":"<p>Eau de Parfum<\/p>","protected":false},"featured_media":24588,"template":"","meta":[],"pwb-brand":[262],"product_brand":[],"product_cat":[1421],"product_tag":[],"class_list":{"0":"post-24582","1":"product","2":"type-product","3":"status-publish","4":"has-post-thumbnail","6":"pwb-brand-dior","7":"product_cat-edp-women","9":"first","10":"instock","11":"shipping-taxable","12":"purchasable","13":"product-type-variable","14":"has-default-attributes","15":"wvs-archive-product-wrapper"},"brands":[{"id":262,"name":"Dior","slug":"dior"}],"_links":{"self":[{"href":"https:\/\/gopinkish.com\/fr\/wp-json\/wp\/v2\/product\/24582","targetHints":{"allow":["GET"]}}],"collection":[{"href":"https:\/\/gopinkish.com\/fr\/wp-json\/wp\/v2\/product"}],"about":[{"href":"https:\/\/gopinkish.com\/fr\/wp-json\/wp\/v2\/types\/product"}],"wp:featuredmedia":[{"embeddable":true,"href":"https:\/\/gopinkish.com\/fr\/wp-json\/wp\/v2\/media\/24588"}],"wp:attachment":[{"href":"https:\/\/gopinkish.com\/fr\/wp-json\/wp\/v2\/media?parent=24582"}],"wp:term":[{"taxonomy":"pwb-brand","embeddable":true,"href":"https:\/\/gopinkish.com\/fr\/wp-json\/wp\/v2\/pwb-brand?post=24582"},{"taxonomy":"product_brand","embeddable":true,"href":"https:\/\/gopinkish.com\/fr\/wp-json\/wp\/v2\/product_brand?post=24582"},{"taxonomy":"product_cat","embeddable":true,"href":"https:\/\/gopinkish.com\/fr\/wp-json\/wp\/v2\/product_cat?post=24582"},{"taxonomy":"product_tag","embeddable":true,"href":"https:\/\/gopinkish.com\/fr\/wp-json\/wp\/v2\/product_tag?post=24582"}],"curies":[{"name":"wp","href":"https:\/\/api.w.org\/{rel}","templated":true}]}}