{"id":24576,"date":"2025-04-12T02:30:02","date_gmt":"2025-04-12T01:30:02","guid":{"rendered":"https:\/\/gopinkish.com\/?post_type=product&#038;p=24576"},"modified":"2025-08-03T13:32:33","modified_gmt":"2025-08-03T12:32:33","slug":"3614229829006","status":"publish","type":"product","link":"https:\/\/gopinkish.com\/fr\/produit\/3614229829006\/","title":{"rendered":"Mon Burberry noir"},"content":{"rendered":"<p style=\"text-align: justify;\">Un parfum envo\u00fbtant et myst\u00e9rieux, \u00e9voquant les jardins londoniens avant l'orage. Au cr\u00e9puscule, quand la pluie contraste avec la chaleur ambiante. My Burberry Black m\u00eale la fleur de jasmin et le nectar de p\u00eache \u00e0 une touche sensuelle de vanille et de rose confite.<\/p>\n<p style=\"text-align: justify;\">Le flacon est color\u00e9 en ambre profond et orn\u00e9 d'un bouchon en forme de corne et d'un n\u0153ud en gabardine noire nou\u00e9 \u00e0 la main, d\u00e9tails inspir\u00e9s du trench-coat embl\u00e9matique de Burberry.<\/p>\n<p dir=\"ltr\" style=\"text-align: center;\">\ud83c\uddec\ud83c\udde7 Burberry My Burberry Black Eau de Parfum<br \/>\n\ud83c\uddeb\ud83c\uddf7 Eau de Parfum Burberry My Burberry Black<\/p>","protected":false},"excerpt":{"rendered":"<p>Parfum<\/p>","protected":false},"featured_media":24581,"template":"","meta":[],"pwb-brand":[233],"product_brand":[],"product_cat":[1421],"product_tag":[],"class_list":{"0":"post-24576","1":"product","2":"type-product","3":"status-publish","4":"has-post-thumbnail","6":"pwb-brand-burberry","7":"product_cat-edp-women","9":"first","10":"instock","11":"shipping-taxable","12":"purchasable","13":"product-type-variable","14":"has-default-attributes","15":"wvs-archive-product-wrapper"},"brands":[{"id":233,"name":"Burberry","slug":"burberry"}],"_links":{"self":[{"href":"https:\/\/gopinkish.com\/fr\/wp-json\/wp\/v2\/product\/24576","targetHints":{"allow":["GET"]}}],"collection":[{"href":"https:\/\/gopinkish.com\/fr\/wp-json\/wp\/v2\/product"}],"about":[{"href":"https:\/\/gopinkish.com\/fr\/wp-json\/wp\/v2\/types\/product"}],"wp:featuredmedia":[{"embeddable":true,"href":"https:\/\/gopinkish.com\/fr\/wp-json\/wp\/v2\/media\/24581"}],"wp:attachment":[{"href":"https:\/\/gopinkish.com\/fr\/wp-json\/wp\/v2\/media?parent=24576"}],"wp:term":[{"taxonomy":"pwb-brand","embeddable":true,"href":"https:\/\/gopinkish.com\/fr\/wp-json\/wp\/v2\/pwb-brand?post=24576"},{"taxonomy":"product_brand","embeddable":true,"href":"https:\/\/gopinkish.com\/fr\/wp-json\/wp\/v2\/product_brand?post=24576"},{"taxonomy":"product_cat","embeddable":true,"href":"https:\/\/gopinkish.com\/fr\/wp-json\/wp\/v2\/product_cat?post=24576"},{"taxonomy":"product_tag","embeddable":true,"href":"https:\/\/gopinkish.com\/fr\/wp-json\/wp\/v2\/product_tag?post=24576"}],"curies":[{"name":"wp","href":"https:\/\/api.w.org\/{rel}","templated":true}]}}