{"id":24565,"date":"2025-04-12T02:16:57","date_gmt":"2025-04-12T01:16:57","guid":{"rendered":"https:\/\/gopinkish.com\/?post_type=product&#038;p=24565"},"modified":"2025-08-03T13:33:01","modified_gmt":"2025-08-03T12:33:01","slug":"3348901630078","status":"publish","type":"product","link":"https:\/\/gopinkish.com\/fr\/produit\/3348901630078\/","title":{"rendered":"Dior J'adore Parfum Du"},"content":{"rendered":"<p style=\"text-align: justify;\">D\u00e9couvrez J'adore Parfum Duo, la nouvelle fragrance Dior : Un concentr\u00e9 d'eau et de fleurs dans une formule sans alcool, pour une fragrance \u00e0 la fois puissante et naturelle, \u00e0 la composition unique. Une r\u00e9interpr\u00e9tation de la promesse de plaisir que porte J'adore depuis 1999.<\/p>\n<p style=\"text-align: justify;\">Jadore Parfum de Parfum capture m\u00e9ticuleusement le bouquet floral iconique de Jadore : Jasmin et N\u00e9roli avec des touches velout\u00e9es de Magnolia dans une sensation de fra\u00eecheur et de spontan\u00e9it\u00e9.<\/p>\n<p style=\"text-align: justify;\">Le flacon de ce parfum, \u00e0 la formule unique Dior, est d'un blanc mat et brillant. Le mode d'application a \u00e9galement \u00e9t\u00e9 repens\u00e9 : J'adore Parfum de Parfum se vaporise g\u00e9n\u00e9reusement en un nuage qui enveloppe la peau.<\/p>\n<p style=\"text-align: justify;\">De l'eau, des fleurs, tout simplement. C'est ce que j'aime.<\/p>\n<p dir=\"ltr\" style=\"text-align: center;\">\ud83c\uddec\ud83c\udde7 Dior J'adore Parfum d'Eau Eau de Parfum<br \/>\n\ud83c\uddeb\ud83c\uddf7 Eau de Parfum Dior J'adore Parfum d'Eau<\/p>","protected":false},"excerpt":{"rendered":"<p>Eau de parfum sans alcool<\/p>","protected":false},"featured_media":24568,"template":"","meta":[],"pwb-brand":[262],"product_brand":[],"product_cat":[1421],"product_tag":[],"class_list":{"0":"post-24565","1":"product","2":"type-product","3":"status-publish","4":"has-post-thumbnail","6":"pwb-brand-dior","7":"product_cat-edp-women","9":"first","10":"instock","11":"shipping-taxable","12":"purchasable","13":"product-type-variable","14":"has-default-attributes","15":"wvs-archive-product-wrapper"},"brands":[{"id":262,"name":"Dior","slug":"dior"}],"_links":{"self":[{"href":"https:\/\/gopinkish.com\/fr\/wp-json\/wp\/v2\/product\/24565","targetHints":{"allow":["GET"]}}],"collection":[{"href":"https:\/\/gopinkish.com\/fr\/wp-json\/wp\/v2\/product"}],"about":[{"href":"https:\/\/gopinkish.com\/fr\/wp-json\/wp\/v2\/types\/product"}],"wp:featuredmedia":[{"embeddable":true,"href":"https:\/\/gopinkish.com\/fr\/wp-json\/wp\/v2\/media\/24568"}],"wp:attachment":[{"href":"https:\/\/gopinkish.com\/fr\/wp-json\/wp\/v2\/media?parent=24565"}],"wp:term":[{"taxonomy":"pwb-brand","embeddable":true,"href":"https:\/\/gopinkish.com\/fr\/wp-json\/wp\/v2\/pwb-brand?post=24565"},{"taxonomy":"product_brand","embeddable":true,"href":"https:\/\/gopinkish.com\/fr\/wp-json\/wp\/v2\/product_brand?post=24565"},{"taxonomy":"product_cat","embeddable":true,"href":"https:\/\/gopinkish.com\/fr\/wp-json\/wp\/v2\/product_cat?post=24565"},{"taxonomy":"product_tag","embeddable":true,"href":"https:\/\/gopinkish.com\/fr\/wp-json\/wp\/v2\/product_tag?post=24565"}],"curies":[{"name":"wp","href":"https:\/\/api.w.org\/{rel}","templated":true}]}}