{"id":24488,"date":"2025-04-12T00:24:21","date_gmt":"2025-04-11T23:24:21","guid":{"rendered":"https:\/\/gopinkish.com\/?post_type=product&#038;p=24488"},"modified":"2025-08-03T13:46:07","modified_gmt":"2025-08-03T12:46:07","slug":"3351500009848","status":"publish","type":"product","link":"https:\/\/gopinkish.com\/fr\/produit\/3351500009848\/","title":{"rendered":"Azzaro Wanted by Night"},"content":{"rendered":"<p style=\"text-align: justify;\">Azzaro Wanted by Night est l'arme moderne et captivante de Gatsby. Un noctambule distinctif, audacieux, charismatique, captivant et excitant.<\/p>\n<p style=\"text-align: justify;\">Ce parfum est la promesse aromatique d'une nuit inoubliable, combinant la puissance de la cannelle, l'\u00e9clat du bois de c\u00e8dre rouge et l'allure s\u00e9duisante du tabac. Le tout dans un \u00e9l\u00e9gant coffret laqu\u00e9. Un parfum inoubliable.<\/p>\n<p style=\"text-align: justify;\">Famille aromatique : Bois\u00e9 - Oriental - Epic\u00e9<\/p>\n<p style=\"text-align: justify;\">Azzaro Fragrances s'engage dans le d\u00e9veloppement responsable d'un bien-\u00eatre durable avec ses partenaires. Les cultures de cannelle du Laos, en collaboration avec son partenaire Givaudan, sont issues d'un approvisionnement responsable, assurant un revenu \u00e9quitable aux producteurs et aux communaut\u00e9s locales tout en pr\u00e9servant leur environnement.<\/p>\n<p dir=\"ltr\" style=\"text-align: center;\">\ud83c\uddec\ud83c\udde7 Azzaro Wanted by Night Eau de Parfum<br \/>\n\ud83c\uddeb\ud83c\uddf7 Eau de Parfum Azzaro Wanted by Night<\/p>","protected":false},"excerpt":{"rendered":"<p>Eau de Parfum<\/p>","protected":false},"featured_media":24493,"template":"","meta":[],"pwb-brand":[1414],"product_brand":[],"product_cat":[1424],"product_tag":[],"class_list":{"0":"post-24488","1":"product","2":"type-product","3":"status-publish","4":"has-post-thumbnail","6":"pwb-brand-azzaro","7":"product_cat-edp-men","9":"first","10":"outofstock","11":"shipping-taxable","12":"product-type-variable","13":"has-default-attributes","14":"wvs-archive-product-wrapper"},"brands":[{"id":1414,"name":"Azzaro","slug":"azzaro"}],"_links":{"self":[{"href":"https:\/\/gopinkish.com\/fr\/wp-json\/wp\/v2\/product\/24488","targetHints":{"allow":["GET"]}}],"collection":[{"href":"https:\/\/gopinkish.com\/fr\/wp-json\/wp\/v2\/product"}],"about":[{"href":"https:\/\/gopinkish.com\/fr\/wp-json\/wp\/v2\/types\/product"}],"wp:featuredmedia":[{"embeddable":true,"href":"https:\/\/gopinkish.com\/fr\/wp-json\/wp\/v2\/media\/24493"}],"wp:attachment":[{"href":"https:\/\/gopinkish.com\/fr\/wp-json\/wp\/v2\/media?parent=24488"}],"wp:term":[{"taxonomy":"pwb-brand","embeddable":true,"href":"https:\/\/gopinkish.com\/fr\/wp-json\/wp\/v2\/pwb-brand?post=24488"},{"taxonomy":"product_brand","embeddable":true,"href":"https:\/\/gopinkish.com\/fr\/wp-json\/wp\/v2\/product_brand?post=24488"},{"taxonomy":"product_cat","embeddable":true,"href":"https:\/\/gopinkish.com\/fr\/wp-json\/wp\/v2\/product_cat?post=24488"},{"taxonomy":"product_tag","embeddable":true,"href":"https:\/\/gopinkish.com\/fr\/wp-json\/wp\/v2\/product_tag?post=24488"}],"curies":[{"name":"wp","href":"https:\/\/api.w.org\/{rel}","templated":true}]}}