{"id":24455,"date":"2025-07-31T22:16:19","date_gmt":"2025-07-31T21:16:19","guid":{"rendered":"https:\/\/gopinkish.com\/?post_type=product&#038;p=24455"},"modified":"2025-08-02T20:11:03","modified_gmt":"2025-08-02T19:11:03","slug":"ysltemp","status":"publish","type":"product","link":"https:\/\/gopinkish.com\/fr\/produit\/ysltemp\/","title":{"rendered":"Yves Saint Laurent Mon Paris"},"content":{"rendered":"<p style=\"text-align: justify;\">Un parfum chypr\u00e9 blanc sensuel pour une femme pr\u00eate \u00e0 s'abandonner \u00e0 la magie de l'amour fou.<\/p>\n<p style=\"text-align: justify;\"><strong>L'histoire <\/strong>La sensualit\u00e9 captivante de Moon Paris vous invite \u00e0 partir au c\u0153ur d'une capitale spectaculaire. Le parfum d'une femme passionn\u00e9e qui se laisse envahir par des sentiments forts, sensuels et all\u00e9chants. Avec Moon Paris, laissez-vous aller \u00e0 l'extase d'une rencontre poignante.<\/p>\n<p style=\"text-align: justify;\"><strong>La bouteille <\/strong>Inspir\u00e9e par le style moderne, vif et affirm\u00e9 de la femme Yves Saint Laurent, la cravate noire r\u00e9v\u00e8le l'\u00e9l\u00e9gance d'un flacon aux multiples facettes.<\/p>\n<p style=\"text-align: justify;\"><strong>L'odeur <\/strong>Entre passion et libert\u00e9, audace et f\u00e9minit\u00e9, la fragrance m\u00eale la sensualit\u00e9 du musc blanc \u00e0 la s\u00e9duction de la fleur de Datura et \u00e0 l'extraordinaire puissance du patchouli. Mont Paris Eau de Parfum, le premier parfum de Chypre Blanc pour que les amants terribles vivent l'intensit\u00e9 de l'amour fou.<\/p>","protected":false},"excerpt":{"rendered":"<p>Eau de Parfum<\/p>","protected":false},"featured_media":24462,"template":"","meta":[],"pwb-brand":[232],"product_brand":[],"product_cat":[1421],"product_tag":[],"class_list":{"0":"post-24455","1":"product","2":"type-product","3":"status-publish","4":"has-post-thumbnail","6":"pwb-brand-ysl","7":"product_cat-edp-women","9":"first","10":"instock","11":"shipping-taxable","12":"purchasable","13":"product-type-variable","14":"has-default-attributes","15":"wvs-archive-product-wrapper"},"brands":[{"id":232,"name":"Yves Saint Laurent","slug":"ysl"}],"_links":{"self":[{"href":"https:\/\/gopinkish.com\/fr\/wp-json\/wp\/v2\/product\/24455","targetHints":{"allow":["GET"]}}],"collection":[{"href":"https:\/\/gopinkish.com\/fr\/wp-json\/wp\/v2\/product"}],"about":[{"href":"https:\/\/gopinkish.com\/fr\/wp-json\/wp\/v2\/types\/product"}],"wp:featuredmedia":[{"embeddable":true,"href":"https:\/\/gopinkish.com\/fr\/wp-json\/wp\/v2\/media\/24462"}],"wp:attachment":[{"href":"https:\/\/gopinkish.com\/fr\/wp-json\/wp\/v2\/media?parent=24455"}],"wp:term":[{"taxonomy":"pwb-brand","embeddable":true,"href":"https:\/\/gopinkish.com\/fr\/wp-json\/wp\/v2\/pwb-brand?post=24455"},{"taxonomy":"product_brand","embeddable":true,"href":"https:\/\/gopinkish.com\/fr\/wp-json\/wp\/v2\/product_brand?post=24455"},{"taxonomy":"product_cat","embeddable":true,"href":"https:\/\/gopinkish.com\/fr\/wp-json\/wp\/v2\/product_cat?post=24455"},{"taxonomy":"product_tag","embeddable":true,"href":"https:\/\/gopinkish.com\/fr\/wp-json\/wp\/v2\/product_tag?post=24455"}],"curies":[{"name":"wp","href":"https:\/\/api.w.org\/{rel}","templated":true}]}}