{"id":24448,"date":"2025-04-11T22:05:48","date_gmt":"2025-04-11T21:05:48","guid":{"rendered":"https:\/\/gopinkish.com\/?post_type=product&#038;p=24448"},"modified":"2026-03-12T12:51:41","modified_gmt":"2026-03-12T11:51:41","slug":"3605522041486","status":"publish","type":"product","link":"https:\/\/gopinkish.com\/fr\/produit\/3605522041486\/","title":{"rendered":"Emporio Armani Pecos It's You"},"content":{"rendered":"<p style=\"text-align: justify;\">Vous connaissez le parfum de l'amour ? Un parfum f\u00e9minin et sophistiqu\u00e9 qui vous s\u00e9duit. Armani est plus fort avec vous... parce que vous \u00eates vous !<\/p>\n<p style=\"text-align: justify;\">En l'honneur du couple contemporain, Emporio Armani a cr\u00e9\u00e9 un duo de parfums d'\u00e9gale force, pour un homme et une femme libres de s'exprimer et de s\u00e9duire. Ils d\u00e9fient chaque jour leur amour et vivent un amour plus fort, un amour qui soudain rend tout possible.<\/p>\n<p style=\"text-align: justify;\"><strong>Bouteilles \u00e0 serment\u201c<\/strong> Ces flacons sont avant tout sensuels : Les courbes f\u00e9minines du flacon \u201cBecause You Are\u201d \u00e9voquent les sens des femmes.<\/p>\n<p style=\"text-align: justify;\"><strong>Double boucle<\/strong> Les anneaux se rejoignent sur le bouchon comme deux corps entrelac\u00e9s. Le \u201cO\u201d grav\u00e9 dans le flacon rappelle le double anneau et l'amour inconditionnel.<\/p>\n<p dir=\"ltr\" style=\"text-align: center;\">\ud83c\uddec\ud83c\udde7 Giorgio Armani Emporio Armani Because It's You Eau de Parfum<br \/>\n\ud83c\uddeb\ud83c\uddf7 Eau de Parfum Giorgio Armani Emporio Armani Because It's You<\/p>","protected":false},"excerpt":{"rendered":"<p>Eau de Parfum<\/p>","protected":false},"featured_media":24453,"template":"","meta":[],"pwb-brand":[228],"product_brand":[],"product_cat":[1421],"product_tag":[],"class_list":{"0":"post-24448","1":"product","2":"type-product","3":"status-publish","4":"has-post-thumbnail","6":"pwb-brand-giorgio_armani","7":"product_cat-edp-women","9":"first","10":"outofstock","11":"shipping-taxable","12":"product-type-variable","13":"has-default-attributes","14":"wvs-archive-product-wrapper"},"brands":[{"id":228,"name":"Giorgio Armani","slug":"giorgio_armani"}],"_links":{"self":[{"href":"https:\/\/gopinkish.com\/fr\/wp-json\/wp\/v2\/product\/24448","targetHints":{"allow":["GET"]}}],"collection":[{"href":"https:\/\/gopinkish.com\/fr\/wp-json\/wp\/v2\/product"}],"about":[{"href":"https:\/\/gopinkish.com\/fr\/wp-json\/wp\/v2\/types\/product"}],"wp:featuredmedia":[{"embeddable":true,"href":"https:\/\/gopinkish.com\/fr\/wp-json\/wp\/v2\/media\/24453"}],"wp:attachment":[{"href":"https:\/\/gopinkish.com\/fr\/wp-json\/wp\/v2\/media?parent=24448"}],"wp:term":[{"taxonomy":"pwb-brand","embeddable":true,"href":"https:\/\/gopinkish.com\/fr\/wp-json\/wp\/v2\/pwb-brand?post=24448"},{"taxonomy":"product_brand","embeddable":true,"href":"https:\/\/gopinkish.com\/fr\/wp-json\/wp\/v2\/product_brand?post=24448"},{"taxonomy":"product_cat","embeddable":true,"href":"https:\/\/gopinkish.com\/fr\/wp-json\/wp\/v2\/product_cat?post=24448"},{"taxonomy":"product_tag","embeddable":true,"href":"https:\/\/gopinkish.com\/fr\/wp-json\/wp\/v2\/product_tag?post=24448"}],"curies":[{"name":"wp","href":"https:\/\/api.w.org\/{rel}","templated":true}]}}