{"id":24422,"date":"2025-04-11T17:52:46","date_gmt":"2025-04-11T16:52:46","guid":{"rendered":"https:\/\/gopinkish.com\/?post_type=product&#038;p=24422"},"modified":"2026-03-12T12:51:50","modified_gmt":"2026-03-12T11:51:50","slug":"8005610328256","status":"publish","type":"product","link":"https:\/\/gopinkish.com\/fr\/produit\/8005610328256\/","title":{"rendered":"Gucci Intense Oud"},"content":{"rendered":"<p style=\"text-align: justify;\">Si vous avez envie d'une bonne dose de luxe avec une touche de glamour, Gucci Intense Oud Eau de Parfum Unisex vous plaira \u00e0 coup s\u00fbr. Ce parfum riche est un compl\u00e9ment parfait \u00e0 la garde-robe des femmes et des hommes \u00e9l\u00e9gants. Laissez-vous s\u00e9duire par la composition s\u00e9duisante de ce parfum ; vous l'aimerez d\u00e8s la premi\u00e8re bouff\u00e9e.<\/p>\n<p style=\"text-align: justify;\">Un parfum oriental puissant pour les hommes et les femmes qui aiment le luxe, particuli\u00e8rement adapt\u00e9 aux soir\u00e9es et aux temps plus frais.<\/p>\n<p style=\"text-align: justify;\"><strong>La composition du parfum : <\/strong>Intense Oud combine magistralement des ingr\u00e9dients sensuels et captivants. Des notes \u00e9pic\u00e9es se m\u00ealent aux bois chauds, \u00e0 l'ambre et \u00e0 diff\u00e9rents types d'encens. L'ensemble de la composition est ensuite impr\u00e9gn\u00e9 de notes d'oud, un ingr\u00e9dient co\u00fbteux et tr\u00e8s pris\u00e9 dans le monde de la parfumerie.<\/p>\n<p dir=\"ltr\" style=\"text-align: center;\">\ud83c\uddec\ud83c\udde7 Gucci Intense Oud Eau de Parfum<br \/>\n\ud83c\uddeb\ud83c\uddf7 Eau de Parfum Gucci Intense Oud<\/p>","protected":false},"excerpt":{"rendered":"<p>Eau de Parfum<\/p>","protected":false},"featured_media":24425,"template":"","meta":[],"pwb-brand":[229],"product_brand":[],"product_cat":[1339,1424],"product_tag":[],"class_list":{"0":"post-24422","1":"product","2":"type-product","3":"status-publish","4":"has-post-thumbnail","6":"pwb-brand-gucci","7":"product_cat-unisex-perfumes","8":"product_cat-edp-men","10":"first","11":"outofstock","12":"shipping-taxable","13":"product-type-variable","14":"has-default-attributes","15":"wvs-archive-product-wrapper"},"brands":[{"id":229,"name":"Gucci","slug":"gucci"}],"_links":{"self":[{"href":"https:\/\/gopinkish.com\/fr\/wp-json\/wp\/v2\/product\/24422","targetHints":{"allow":["GET"]}}],"collection":[{"href":"https:\/\/gopinkish.com\/fr\/wp-json\/wp\/v2\/product"}],"about":[{"href":"https:\/\/gopinkish.com\/fr\/wp-json\/wp\/v2\/types\/product"}],"wp:featuredmedia":[{"embeddable":true,"href":"https:\/\/gopinkish.com\/fr\/wp-json\/wp\/v2\/media\/24425"}],"wp:attachment":[{"href":"https:\/\/gopinkish.com\/fr\/wp-json\/wp\/v2\/media?parent=24422"}],"wp:term":[{"taxonomy":"pwb-brand","embeddable":true,"href":"https:\/\/gopinkish.com\/fr\/wp-json\/wp\/v2\/pwb-brand?post=24422"},{"taxonomy":"product_brand","embeddable":true,"href":"https:\/\/gopinkish.com\/fr\/wp-json\/wp\/v2\/product_brand?post=24422"},{"taxonomy":"product_cat","embeddable":true,"href":"https:\/\/gopinkish.com\/fr\/wp-json\/wp\/v2\/product_cat?post=24422"},{"taxonomy":"product_tag","embeddable":true,"href":"https:\/\/gopinkish.com\/fr\/wp-json\/wp\/v2\/product_tag?post=24422"}],"curies":[{"name":"wp","href":"https:\/\/api.w.org\/{rel}","templated":true}]}}