{"id":24353,"date":"2025-04-11T12:40:08","date_gmt":"2025-04-11T11:40:08","guid":{"rendered":"https:\/\/gopinkish.com\/?post_type=product&#038;p=24353"},"modified":"2026-01-14T16:22:52","modified_gmt":"2026-01-14T15:22:52","slug":"3616302022472","status":"publish","type":"product","link":"https:\/\/gopinkish.com\/fr\/produit\/3616302022472\/","title":{"rendered":"Gucci Flora Georgios Gardenia"},"content":{"rendered":"<p style=\"text-align: justify;\">Evadez-vous dans un monde fantastique de joie avec Gucci Flora Georgios Gardenia Eau de Parfum. Un parfum floral distinctif pour toutes les femmes pleines d'\u00e9nergie positive. Con\u00e7ue par Alessandro Michele, cette fragrance enchanteresse s'articule autour de la fleur de gard\u00e9nia, reconnue pour sa beaut\u00e9 \u00e9poustouflante depuis la nuit des temps. On dit qu'elle \u00e9tait utilis\u00e9e dans la pr\u00e9paration d'\u00e9lixirs et de potions. Gucci Flora Georgios Gardenia c\u00e9l\u00e8bre un monde floral inattendu et moderne, inspir\u00e9 par le rock and roll.<\/p>\n<p style=\"text-align: justify;\">Ce parfum d\u00e9licieux commence par des notes de fleur de poirier p\u00e9tillante et juteuse, puis \u00e9volue vers une subtile trace de sucre roux. Un c\u0153ur de gard\u00e9nia blanc exquis se m\u00eale \u00e0 une essence solaire de grand jasmin et de frangipanier. En fond, l'Eau de Parfum Gucci Flora Gorgeous Gardenia se prolonge par la chaleur du patchouli. Formule sans UV.<\/p>\n<p style=\"text-align: justify;\">Le jus est conditionn\u00e9 dans une nouvelle bouteille rectangulaire en verre rose laqu\u00e9, surmont\u00e9e d'un bouchon en or brillant, ce qui en fait une pi\u00e8ce pr\u00e9cieuse. Le logo embl\u00e9matique Flora d'Alessandro Michele orne le flacon, inspir\u00e9 par la vision d'Alessandro Michele. \u00c9l\u00e9ment cl\u00e9 de l'identit\u00e9 de Gucci, le logo est une peinture florale color\u00e9e cr\u00e9\u00e9e par l'artiste Vittorio Accornero pour la Maison en 1966. Alors que le flacon est fabriqu\u00e9 \u00e0 partir de verre recycl\u00e9 10% et de peinture \u00e0 base d'eau, l'emballage est fabriqu\u00e9 \u00e0 partir de papier certifi\u00e9 par le Forest Stewardship Council (FSC), ce qui signifie qu'il est produit d'une mani\u00e8re socialement et \u00e9cologiquement responsable.<\/p>\n<p dir=\"ltr\" style=\"text-align: center;\">\ud83c\uddec\ud83c\udde7 Gucci Flora Gorgeous Gardenia Eau de Parfum<br \/>\n\ud83c\uddeb\ud83c\uddf7 Eau de Parfum Gucci Flora Gorgeous Gardenia<\/p>","protected":false},"excerpt":{"rendered":"<p>Eau de Parfum<\/p>","protected":false},"featured_media":24360,"template":"","meta":[],"pwb-brand":[],"product_brand":[],"product_cat":[1421],"product_tag":[],"class_list":{"0":"post-24353","1":"product","2":"type-product","3":"status-publish","4":"has-post-thumbnail","6":"product_cat-edp-women","8":"first","9":"instock","10":"shipping-taxable","11":"purchasable","12":"product-type-variable","13":"has-default-attributes","14":"wvs-archive-product-wrapper"},"brands":[],"_links":{"self":[{"href":"https:\/\/gopinkish.com\/fr\/wp-json\/wp\/v2\/product\/24353","targetHints":{"allow":["GET"]}}],"collection":[{"href":"https:\/\/gopinkish.com\/fr\/wp-json\/wp\/v2\/product"}],"about":[{"href":"https:\/\/gopinkish.com\/fr\/wp-json\/wp\/v2\/types\/product"}],"wp:featuredmedia":[{"embeddable":true,"href":"https:\/\/gopinkish.com\/fr\/wp-json\/wp\/v2\/media\/24360"}],"wp:attachment":[{"href":"https:\/\/gopinkish.com\/fr\/wp-json\/wp\/v2\/media?parent=24353"}],"wp:term":[{"taxonomy":"pwb-brand","embeddable":true,"href":"https:\/\/gopinkish.com\/fr\/wp-json\/wp\/v2\/pwb-brand?post=24353"},{"taxonomy":"product_brand","embeddable":true,"href":"https:\/\/gopinkish.com\/fr\/wp-json\/wp\/v2\/product_brand?post=24353"},{"taxonomy":"product_cat","embeddable":true,"href":"https:\/\/gopinkish.com\/fr\/wp-json\/wp\/v2\/product_cat?post=24353"},{"taxonomy":"product_tag","embeddable":true,"href":"https:\/\/gopinkish.com\/fr\/wp-json\/wp\/v2\/product_tag?post=24353"}],"curies":[{"name":"wp","href":"https:\/\/api.w.org\/{rel}","templated":true}]}}