{"id":24292,"date":"2025-04-09T23:49:16","date_gmt":"2025-04-09T22:49:16","guid":{"rendered":"https:\/\/gopinkish.com\/?post_type=product&#038;p=24292"},"modified":"2026-04-23T20:25:07","modified_gmt":"2026-04-23T19:25:07","slug":"5057566132282","status":"publish","type":"product","link":"https:\/\/gopinkish.com\/fr\/produit\/5057566132282\/","title":{"rendered":"Correcteur hydratant pour couvrir les imperfections, les cernes et unifier le teint."},"content":{"rendered":"<p style=\"text-align: justify;\">Ce correcteur est destin\u00e9 \u00e0 tous ceux qui recherchent un fini l\u00e9ger avec une hydratation intense. Gr\u00e2ce \u00e0 l'acide hyaluronique, il hydrate toute la journ\u00e9e, couvre les imperfections, unifie le teint et dissimule les cernes, tout en hydratant la peau. Con\u00e7u pour les peaux s\u00e8ches, il pr\u00e9sente un fini transparent et satin\u00e9 qui ne s'installe pas dans les ridules, et l'applicateur facile \u00e0 utiliser garantit une application douce et pr\u00e9cise.<\/p>\n<p style=\"text-align: justify;\"><strong>Comment l'utiliser ? <\/strong>Appliquez quelques points sous les yeux et estompez \u00e0 l'aide d'un pinceau synth\u00e9tique ou d'une \u00e9ponge humide pour un fini naturel. Appliquez un point sur les imperfections ou les taches sombres et estompez au doigt, au pinceau ou \u00e0 l'\u00e9ponge, en augmentant la quantit\u00e9 si n\u00e9cessaire. Pour plus de tenue, terminez avec une poudre et un spray fixants pour conserver un fini satin\u00e9 tout au long de la journ\u00e9e. V\u00e9g\u00e9talien et sans cruaut\u00e9.<\/p>\n<p dir=\"ltr\" style=\"text-align: center;\">\ud83c\uddec\ud83c\udde7 Makeup Revolution Conceal &amp; Hydrate Concealer<br \/>\n\ud83c\uddeb\ud83c\uddf7 Correcteur Conceal &amp; Hydrate Makeup Revolution<\/p>","protected":false},"excerpt":{"rendered":"<p>\u0647\u0630\u0627 \u0627\u0644\u0643\u0648\u0646\u0633\u064a\u0644\u0631 \u0645\u0646\u0627\u0633\u0628 \u0644\u0643\u0644 \u0645\u0646 \u062a\u0628\u062d\u062b \u0639\u0646 \u0644\u0645\u0633\u0629 \u0646\u0647\u0627\u0626\u064a\u0629 \u062e\u0641\u064a\u0641\u0629 \u0645\u0639 \u062a\u0631\u0637\u064a\u0628 \u0645\u0643\u062b\u0641. \u064a\u0648\u0641\u0631 \u062a\u0631\u0637\u064a\u0628\u064b\u0627 \u064a\u062f\u0648\u0645 \u0637\u0648\u0627\u0644 \u0627\u0644\u064a\u0648\u0645 \u0628\u0641\u0636\u0644 \u062d\u0645\u0636 \u0627\u0644\u0647\u064a\u0627\u0644\u0648\u0631\u0648\u0646\u064a\u0643\u060c \u0648\u064a\u063a\u0637\u064a \u0627\u0644\u0639\u064a\u0648\u0628\u060c \u0648\u064a\u0648\u062d\u062f \u0644\u0648\u0646 \u0627\u0644\u0628\u0634\u0631\u0629\u060c \u0648\u064a\u062e\u0641\u064a \u0627\u0644\u0647\u0627\u0644\u0627\u062a \u0627\u0644\u0633\u0648\u062f\u0627\u0621\u060c \u0628\u064a\u0646\u0645\u0627 \u064a\u063a\u0645\u0631 \u0627\u0644\u0628\u0634\u0631\u0629 \u0628\u0627\u0644\u0631\u0637\u0648\u0628\u0629. \u0645\u0635\u0645\u0645 \u0644\u0644\u0628\u0634\u0631\u0629 \u0627\u0644\u062c\u0627\u0641\u0629\u060c \u064a\u062a\u0645\u064a\u0632 \u0628\u0644\u0645\u0633\u0629 \u0646\u0647\u0627\u0626\u064a\u0629 \u0634\u0641\u0627\u0641\u0629 \u0643\u0627\u0644\u0633\u0627\u062a\u0627\u0646 \u0644\u0627 \u062a\u062a\u0631\u0627\u0643\u0645 \u0641\u064a \u0627\u0644\u062e\u0637\u0648\u0637 \u0627\u0644\u062f\u0642\u064a\u0642\u0629\u060c \u0643\u0645\u0627 \u0623\u0646 \u0623\u062f\u0627\u0629 \u0627\u0644\u062a\u0637\u0628\u064a\u0642 \u0633\u0647\u0644\u0629 \u0627\u0644\u0627\u0633\u062a\u062e\u062f\u0627\u0645 \u062a\u0636\u0645\u0646 \u062a\u0637\u0628\u064a\u0642\u064b\u0627 \u0633\u0644\u0633\u064b\u0627 [&hellip;]<\/p>\n","protected":false},"featured_media":24295,"template":"","meta":[],"pwb-brand":[754],"product_brand":[],"product_cat":[1173],"product_tag":[],"class_list":{"0":"post-24292","1":"product","2":"type-product","3":"status-publish","4":"has-post-thumbnail","6":"pwb-brand-revolution","7":"product_cat-concealer-makeup","9":"first","10":"instock","11":"shipping-taxable","12":"purchasable","13":"product-type-variable","14":"has-default-attributes","15":"wvs-archive-product-wrapper"},"brands":[{"id":754,"name":"Revolution","slug":"revolution"}],"_links":{"self":[{"href":"https:\/\/gopinkish.com\/fr\/wp-json\/wp\/v2\/product\/24292","targetHints":{"allow":["GET"]}}],"collection":[{"href":"https:\/\/gopinkish.com\/fr\/wp-json\/wp\/v2\/product"}],"about":[{"href":"https:\/\/gopinkish.com\/fr\/wp-json\/wp\/v2\/types\/product"}],"wp:featuredmedia":[{"embeddable":true,"href":"https:\/\/gopinkish.com\/fr\/wp-json\/wp\/v2\/media\/24295"}],"wp:attachment":[{"href":"https:\/\/gopinkish.com\/fr\/wp-json\/wp\/v2\/media?parent=24292"}],"wp:term":[{"taxonomy":"pwb-brand","embeddable":true,"href":"https:\/\/gopinkish.com\/fr\/wp-json\/wp\/v2\/pwb-brand?post=24292"},{"taxonomy":"product_brand","embeddable":true,"href":"https:\/\/gopinkish.com\/fr\/wp-json\/wp\/v2\/product_brand?post=24292"},{"taxonomy":"product_cat","embeddable":true,"href":"https:\/\/gopinkish.com\/fr\/wp-json\/wp\/v2\/product_cat?post=24292"},{"taxonomy":"product_tag","embeddable":true,"href":"https:\/\/gopinkish.com\/fr\/wp-json\/wp\/v2\/product_tag?post=24292"}],"curies":[{"name":"wp","href":"https:\/\/api.w.org\/{rel}","templated":true}]}}