{"id":24227,"date":"2025-04-09T01:29:38","date_gmt":"2025-04-09T00:29:38","guid":{"rendered":"https:\/\/gopinkish.com\/?post_type=product&#038;p=24227"},"modified":"2025-08-03T14:03:25","modified_gmt":"2025-08-03T13:03:25","slug":"5010724538159","status":"publish","type":"product","link":"https:\/\/gopinkish.com\/fr\/produit\/5010724538159\/","title":{"rendered":"Dentifrice naturel au bicarbonate de soude pour prot\u00e9ger vos gencives"},"content":{"rendered":"<p style=\"text-align: justify;\">Les bact\u00e9ries de la plaque dentaire et les acides provenant de l'alimentation et de la boisson quotidiennes peuvent attaquer l'\u00e9mail des dents, provoquant des caries et une mauvaise haleine. Le bicarbonate de soude est naturellement alcalin et aide \u00e0 normaliser le pH buccal. Notre formule sp\u00e9ciale aide \u00e0 remin\u00e9raliser et \u00e0 renforcer l'\u00e9mail des dents.<\/p>\n<p style=\"text-align: justify;\">Con\u00e7ue pour \u00e9liminer les taches plus efficacement que les dentifrices sans bicarbonate de soude, cette formule pr\u00e9serve la sant\u00e9 de vos gencives en aidant \u00e0 pr\u00e9venir les maladies gingivales.<\/p>\n<p>Bicarbonate de soude naturel 100%<\/p>\n<p dir=\"ltr\" style=\"text-align: center;\">\ud83c\uddec\ud83c\udde7 Arm &amp; Hammer 100% Natural Gum Protection Toothpaste (dentifrice naturel pour la protection des gencives)<br \/>\n\ud83c\uddeb\ud83c\uddf7 Dentifrice Protection des Gencives 100 % Naturelle Arm &amp; Hammer<\/p>","protected":false},"excerpt":{"rendered":"<p>\u064a\u0645\u0643\u0646 \u0644\u0628\u0643\u062a\u064a\u0631\u064a\u0627 \u0627\u0644\u0628\u0644\u0627\u0643 \u0648\u0627\u0644\u0623\u062d\u0645\u0627\u0636 \u0627\u0644\u0646\u0627\u062a\u062c\u0629 \u0639\u0646 \u062a\u0646\u0627\u0648\u0644 \u0627\u0644\u0637\u0639\u0627\u0645 \u0648\u0627\u0644\u0634\u0631\u0627\u0628 \u064a\u0648\u0645\u064a\u064b\u0627 \u0623\u0646 \u062a\u0647\u0627\u062c\u0645 \u0645\u064a\u0646\u0627 \u0627\u0644\u0623\u0633\u0646\u0627\u0646\u060c \u0645\u0645\u0627 \u064a\u064f\u0633\u0628\u0628 \u062a\u0633\u0648\u0633 \u0627\u0644\u0623\u0633\u0646\u0627\u0646 \u0648\u0631\u0627\u0626\u062d\u0629 \u0627\u0644\u0641\u0645 \u0627\u0644\u0643\u0631\u064a\u0647\u0629. \u0635\u0648\u062f\u0627 \u0627\u0644\u062e\u0628\u0632 \u0642\u0644\u0648\u064a\u0629 \u0628\u0637\u0628\u064a\u0639\u062a\u0647\u0627\u060c \u0648\u062a\u0633\u0627\u0639\u062f \u0639\u0644\u0649 \u0625\u0639\u0627\u062f\u0629 \u062f\u0631\u062c\u0629 \u0627\u0644\u062d\u0645\u0648\u0636\u0629 \u0627\u0644\u0641\u0645\u0648\u064a\u0629 \u0625\u0644\u0649 \u0645\u0633\u062a\u0648\u064a\u0627\u062a\u0647\u0627 \u0627\u0644\u0637\u0628\u064a\u0639\u064a\u0629. \u0643\u0645\u0627 \u062a\u0633\u0627\u0639\u062f \u062a\u0631\u0643\u064a\u0628\u062a\u0646\u0627 \u0627\u0644\u062e\u0627\u0635\u0629 \u0639\u0644\u0649 \u0625\u0639\u0627\u062f\u0629 \u062a\u0645\u0639\u062f\u0646 \u0645\u064a\u0646\u0627 \u0627\u0644\u0623\u0633\u0646\u0627\u0646 \u0648\u062a\u0642\u0648\u064a\u062a\u0647\u0627. \u0635\u064f\u0645\u0645\u062a \u0647\u0630\u0647 \u0627\u0644\u062a\u0631\u0643\u064a\u0628\u0629 \u0644\u0625\u0632\u0627\u0644\u0629 \u0627\u0644\u0628\u0642\u0639 \u0628\u0641\u0639\u0627\u0644\u064a\u0629 \u0641\u0627\u0626\u0642\u0629 \u0645\u0642\u0627\u0631\u0646\u0629\u064b \u0628\u0645\u0639\u0627\u062c\u064a\u0646 \u0627\u0644\u0623\u0633\u0646\u0627\u0646 \u0627\u0644\u062a\u064a [&hellip;]<\/p>\n","protected":false},"featured_media":24228,"template":"","meta":[],"pwb-brand":[1410],"product_brand":[],"product_cat":[1131],"product_tag":[],"class_list":{"0":"post-24227","1":"product","2":"type-product","3":"status-publish","4":"has-post-thumbnail","6":"pwb-brand-arm-and-hammer","7":"product_cat-tooth-paste","9":"first","10":"instock","11":"shipping-taxable","12":"purchasable","13":"product-type-variable","14":"has-default-attributes","15":"wvs-archive-product-wrapper"},"brands":[{"id":1410,"name":"Arm &amp; Hammer","slug":"bras-et-marteau"}],"_links":{"self":[{"href":"https:\/\/gopinkish.com\/fr\/wp-json\/wp\/v2\/product\/24227","targetHints":{"allow":["GET"]}}],"collection":[{"href":"https:\/\/gopinkish.com\/fr\/wp-json\/wp\/v2\/product"}],"about":[{"href":"https:\/\/gopinkish.com\/fr\/wp-json\/wp\/v2\/types\/product"}],"wp:featuredmedia":[{"embeddable":true,"href":"https:\/\/gopinkish.com\/fr\/wp-json\/wp\/v2\/media\/24228"}],"wp:attachment":[{"href":"https:\/\/gopinkish.com\/fr\/wp-json\/wp\/v2\/media?parent=24227"}],"wp:term":[{"taxonomy":"pwb-brand","embeddable":true,"href":"https:\/\/gopinkish.com\/fr\/wp-json\/wp\/v2\/pwb-brand?post=24227"},{"taxonomy":"product_brand","embeddable":true,"href":"https:\/\/gopinkish.com\/fr\/wp-json\/wp\/v2\/product_brand?post=24227"},{"taxonomy":"product_cat","embeddable":true,"href":"https:\/\/gopinkish.com\/fr\/wp-json\/wp\/v2\/product_cat?post=24227"},{"taxonomy":"product_tag","embeddable":true,"href":"https:\/\/gopinkish.com\/fr\/wp-json\/wp\/v2\/product_tag?post=24227"}],"curies":[{"name":"wp","href":"https:\/\/api.w.org\/{rel}","templated":true}]}}