{"id":24205,"date":"2025-04-09T00:39:10","date_gmt":"2025-04-08T23:39:10","guid":{"rendered":"https:\/\/gopinkish.com\/?post_type=product&#038;p=24205"},"modified":"2026-02-18T20:08:36","modified_gmt":"2026-02-18T19:08:36","slug":"3600551119793","status":"publish","type":"product","link":"https:\/\/gopinkish.com\/fr\/produit\/3600551119793\/","title":{"rendered":"Shampoing doux et hypoallerg\u00e9nique pour enfants et adultes"},"content":{"rendered":"<p style=\"text-align: justify;\">Le shampooing hypoallerg\u00e9nique Mixa Baby lave parfaitement tous les types de cheveux, des b\u00e9b\u00e9s aux adultes. D\u00e9couvrez le shampooing extra doux Mixa Baby. Soins des cheveux super doux et d\u00e9licats<\/p>\n<p style=\"text-align: justify;\">Mixa Baby Shampoo est extr\u00eamement doux pour les enfants et convient particuli\u00e8rement aux lavages fr\u00e9quents des cheveux des adultes. Il nettoie parfaitement tous les types de cheveux avec le plus grand soin. Sa mousse onctueuse se rince facilement, ce qui rend son utilisation tr\u00e8s agr\u00e9able.<\/p>\n<p style=\"text-align: justify;\"><strong>Brillance et beaut\u00e9 pour les cheveux :<\/strong> Sa formule riche et soignante facilite le d\u00e9m\u00ealage des cheveux emm\u00eal\u00e9s. Vos cheveux retrouvent leur douceur, leur \u00e9lasticit\u00e9 et leur brillance, et resplendissent d'un \u00e9clat sain.<\/p>\n<p style=\"text-align: justify;\"><strong>Garantie Mixa Kids : <\/strong>Mixa Baby Shampooing est doux pour les yeux et le cuir chevelu. Test\u00e9 par des dermatologues et des ophtalmologues. Tous les produits Mixa sont fabriqu\u00e9s et test\u00e9s sous contr\u00f4le m\u00e9dical pour garantir s\u00e9curit\u00e9 et tol\u00e9rance.<\/p>\n<p dir=\"ltr\" style=\"text-align: center;\">\ud83c\uddec\ud83c\udde7 Mixa B\u00e9b\u00e9 Shampooing tr\u00e8s doux<br \/>\n\ud83c\uddeb\ud83c\uddf7 Shampooing Tr\u00e8s Doux Mixa B\u00e9b\u00e9<\/p>","protected":false},"excerpt":{"rendered":"<p>\u0634\u0627\u0645\u0628\u0648 Mixa Baby \u0627\u0644\u0645\u0636\u0627\u062f \u0644\u0644\u062d\u0633\u0627\u0633\u064a\u0629 \u064a\u063a\u0633\u0644 \u062c\u0645\u064a\u0639 \u0623\u0646\u0648\u0627\u0639 \u0627\u0644\u0634\u0639\u0631 \u0628\u0634\u0643\u0644 \u0645\u062b\u0627\u0644\u064a\u060c \u0645\u0646 \u0627\u0644\u0623\u0637\u0641\u0627\u0644 \u0625\u0644\u0649 \u0627\u0644\u0628\u0627\u0644\u063a\u064a\u0646.\u00a0\u0627\u0643\u062a\u0634\u0641\u0648\u0627 \u0634\u0627\u0645\u0628\u0648 \u0645\u064a\u0643\u0633\u0627 \u0644\u0644\u0623\u0637\u0641\u0627\u0644 \u0627\u0644\u0644\u0637\u064a\u0641 \u0644\u0644\u063a\u0627\u064a\u0629. \u0646\u0639\u0648\u0645\u0629 \u0648\u0639\u0646\u0627\u064a\u0629 \u0641\u0627\u0626\u0642\u0629 \u0644\u0644\u0634\u0639\u0631 \u0634\u0627\u0645\u0628\u0648 \u0645\u064a\u0643\u0633\u0627 \u0644\u0644\u0623\u0637\u0641\u0627\u0644 \u0644\u0637\u064a\u0641 \u0644\u0644\u063a\u0627\u064a\u0629 \u0639\u0644\u0649 \u0627\u0644\u0623\u0637\u0641\u0627\u0644\u060c \u0648\u0645\u0646\u0627\u0633\u0628 \u0628\u0634\u0643\u0644 \u062e\u0627\u0635 \u0644\u063a\u0633\u0644\u0627\u062a \u0634\u0639\u0631 \u0627\u0644\u0628\u0627\u0644\u063a\u064a\u0646 \u0627\u0644\u0645\u062a\u0643\u0631\u0631\u0629. \u064a\u0646\u0638\u0641 \u062c\u0645\u064a\u0639 \u0623\u0646\u0648\u0627\u0639 \u0627\u0644\u0634\u0639\u0631 \u0628\u0634\u0643\u0644 \u0645\u062b\u0627\u0644\u064a \u0645\u0639 \u0623\u0642\u0635\u0649 \u062f\u0631\u062c\u0627\u062a \u0627\u0644\u0639\u0646\u0627\u064a\u0629. \u0631\u063a\u0648\u062a\u0647 \u0627\u0644\u0643\u0631\u064a\u0645\u064a\u0629 \u0633\u0647\u0644\u0629 \u0627\u0644\u0634\u0637\u0641\u060c \u0645\u0645\u0627 \u064a\u062c\u0639\u0644\u0647 \u0645\u0645\u062a\u0639\u064b\u0627 [&hellip;]<\/p>\n","protected":false},"featured_media":24207,"template":"","meta":[],"pwb-brand":[427],"product_brand":[],"product_cat":[1148],"product_tag":[],"class_list":{"0":"post-24205","1":"product","2":"type-product","3":"status-publish","4":"has-post-thumbnail","6":"pwb-brand-mixa","7":"product_cat-hair-shampoo","9":"first","10":"instock","11":"shipping-taxable","12":"purchasable","13":"product-type-variable","14":"has-default-attributes","15":"wvs-archive-product-wrapper"},"brands":[{"id":427,"name":"Mixa","slug":"mixa"}],"_links":{"self":[{"href":"https:\/\/gopinkish.com\/fr\/wp-json\/wp\/v2\/product\/24205","targetHints":{"allow":["GET"]}}],"collection":[{"href":"https:\/\/gopinkish.com\/fr\/wp-json\/wp\/v2\/product"}],"about":[{"href":"https:\/\/gopinkish.com\/fr\/wp-json\/wp\/v2\/types\/product"}],"wp:featuredmedia":[{"embeddable":true,"href":"https:\/\/gopinkish.com\/fr\/wp-json\/wp\/v2\/media\/24207"}],"wp:attachment":[{"href":"https:\/\/gopinkish.com\/fr\/wp-json\/wp\/v2\/media?parent=24205"}],"wp:term":[{"taxonomy":"pwb-brand","embeddable":true,"href":"https:\/\/gopinkish.com\/fr\/wp-json\/wp\/v2\/pwb-brand?post=24205"},{"taxonomy":"product_brand","embeddable":true,"href":"https:\/\/gopinkish.com\/fr\/wp-json\/wp\/v2\/product_brand?post=24205"},{"taxonomy":"product_cat","embeddable":true,"href":"https:\/\/gopinkish.com\/fr\/wp-json\/wp\/v2\/product_cat?post=24205"},{"taxonomy":"product_tag","embeddable":true,"href":"https:\/\/gopinkish.com\/fr\/wp-json\/wp\/v2\/product_tag?post=24205"}],"curies":[{"name":"wp","href":"https:\/\/api.w.org\/{rel}","templated":true}]}}