{"id":24176,"date":"2025-04-08T19:25:16","date_gmt":"2025-04-08T18:25:16","guid":{"rendered":"https:\/\/gopinkish.com\/?post_type=product&#038;p=24176"},"modified":"2026-04-13T23:38:11","modified_gmt":"2026-04-13T22:38:11","slug":"8809563100156","status":"publish","type":"product","link":"https:\/\/gopinkish.com\/fr\/produit\/8809563100156\/","title":{"rendered":"Cr\u00e8me pour les yeux \u00e0 la centella pour r\u00e9duire les poches et les apaiser"},"content":{"rendered":"<p style=\"text-align: justify;\">Cette cr\u00e8me pour les yeux, une magie apaisante dans un tube, est cliniquement prouv\u00e9e pour apporter un soulagement rapide et \u00e9liminer les poches de la zone d\u00e9licate du dessous de l'\u0153il apr\u00e8s une seule utilisation.<\/p>\n<p style=\"text-align: justify;\">La Centella Asiatica cor\u00e9enne, une ancienne herbe cor\u00e9enne, est connue pour ses remarquables propri\u00e9t\u00e9s apaisantes. Gr\u00e2ce \u00e0 sa capacit\u00e9 \u00e0 r\u00e9sister aux conditions difficiles des quatre saisons et \u00e0 la diversit\u00e9 du terrain cor\u00e9en, elle poss\u00e8de de puissantes propri\u00e9t\u00e9s apaisantes qui soulagent efficacement les rougeurs et l'inconfort de la peau.<\/p>\n<p style=\"text-align: justify;\">Renforce l'\u00e9lasticit\u00e9 de la peau pour un teint sain et souple, tout en maintenant l'hydratation de la peau gr\u00e2ce \u00e0 une hydratation continue.<\/p>\n<p style=\"text-align: justify;\">Con\u00e7ue pour une exp\u00e9rience douce et sans irritation, cette cr\u00e8me pour les yeux est test\u00e9e sous contr\u00f4le dermatologique, hypoallerg\u00e9nique et adapt\u00e9e aux peaux sensibles.<\/p>\n<p style=\"text-align: justify;\">Pr\u00e9f\u00e9r\u00e9 par de nombreuses personnes, il hydrate en profondeur la peau sous les yeux afin de r\u00e9duire les poches, pour un contour des yeux plus lisse et plus doux.<\/p>\n<p style=\"text-align: justify;\"><strong>Herbe \u00e0 centella asiatique cor\u00e9enne : <\/strong>Ancienne herbe cor\u00e9enne, la centella asiatique cor\u00e9enne est une herbe calmante bien connue. Gr\u00e2ce \u00e0 sa capacit\u00e9 \u00e0 r\u00e9sister aux conditions difficiles des quatre saisons et \u00e0 la diversit\u00e9 du terrain cor\u00e9en, elle poss\u00e8de de fortes propri\u00e9t\u00e9s apaisantes, soulageant efficacement les rougeurs et les irritations.<\/p>\n<p style=\"text-align: justify;\"><strong>Peptides : <\/strong>Les peptides jouent un r\u00f4le dans la promotion de l'\u00e9lasticit\u00e9 de la peau, en aidant \u00e0 la repulper et \u00e0 la raffermir.<\/p>\n<p style=\"text-align: justify;\"><strong>Hyaluronate de sodium : <\/strong>Forme un film hydratant \u00e0 la surface de la peau, aidant \u00e0 retenir l'humidit\u00e9.<\/p>\n<p style=\"text-align: justify;\">- Apaise rapidement la peau<br \/>\n- R\u00e9duit les rougeurs<br \/>\n- Am\u00e9liore les poches des yeux<br \/>\n- Convient aux peaux sensibles<br \/>\n- Hypoallerg\u00e9nique<br \/>\n- Test\u00e9 par des dermatologues<\/p>\n<p dir=\"ltr\" style=\"text-align: center;\">\ud83c\uddec\ud83c\udde7 Purito Centella Green Level Eye Cream<br \/>\n\ud83c\uddeb\ud83c\uddf7 Cr\u00e8me Contour des Yeux Purito Centella Green Level<\/p>","protected":false},"excerpt":{"rendered":"<p>\u0643\u0631\u064a\u0645 \u0627\u0644\u0639\u064a\u0648\u0646 \u0647\u0630\u0627\u060c \u0633\u062d\u0631\u064c \u0645\u064f\u0647\u062f\u0626\u064c \u0641\u064a \u0623\u0646\u0628\u0648\u0628\u060c \u0645\u064f\u062b\u0628\u062a\u064c \u0633\u0631\u064a\u0631\u064a\u064b\u0627 \u0623\u0646\u0647 \u064a\u064f\u0648\u0641\u0631 \u0631\u0627\u062d\u0629\u064b \u0633\u0631\u064a\u0639\u0629\u064b \u0648\u064a\u064f\u0632\u064a\u0644 \u0627\u0644\u0627\u0646\u062a\u0641\u0627\u062e\u0627\u062a \u0645\u0646 \u0645\u0646\u0637\u0642\u0629 \u0623\u0633\u0641\u0644 \u0627\u0644\u0639\u064a\u0646\u064a\u0646 \u0627\u0644\u062d\u0633\u0627\u0633\u0629 \u0628\u0639\u062f \u0627\u0633\u062a\u062e\u062f\u0627\u0645 \u0648\u0627\u062d\u062f \u0641\u0642\u0637. \u0633\u0646\u062a\u064a\u0644\u0627 \u0622\u0633\u064a\u0627\u062a\u064a\u0643\u0627 \u0627\u0644\u0643\u0648\u0631\u064a\u0629\u060c \u0639\u0634\u0628\u0629 \u0643\u0648\u0631\u064a\u0629 \u0642\u062f\u064a\u0645\u0629\u060c \u062a\u064f\u0639\u0631\u0641 \u0628\u062e\u0635\u0627\u0626\u0635\u0647\u0627 \u0627\u0644\u0645\u064f\u0647\u062f\u0626\u0629 \u0627\u0644\u0631\u0627\u0626\u0639\u0629. \u0628\u0641\u0636\u0644 \u0642\u062f\u0631\u062a\u0647\u0627 \u0639\u0644\u0649 \u062a\u062d\u0645\u0651\u0644 \u0627\u0644\u0638\u0631\u0648\u0641 \u0627\u0644\u0642\u0627\u0633\u064a\u0629 \u0644\u0641\u0635\u0648\u0644 \u0627\u0644\u0633\u0646\u0629 \u0627\u0644\u0623\u0631\u0628\u0639\u0629 \u0648\u062a\u0636\u0627\u0631\u064a\u0633 \u0643\u0648\u0631\u064a\u0627 \u0627\u0644\u0645\u064f\u062a\u0646\u0648\u0639\u0629\u060c \u062a\u062a\u0645\u062a\u0639 \u0628\u062e\u0635\u0627\u0626\u0635 \u0645\u064f\u0647\u062f\u0626\u0629 \u0623\u0642\u0648\u0649\u060c \u062a\u064f\u062e\u0641\u0641 \u0627\u062d\u0645\u0631\u0627\u0631 \u0627\u0644\u0628\u0634\u0631\u0629 \u0648\u0627\u0646\u0632\u0639\u0627\u062c\u0647\u0627 \u0628\u0641\u0639\u0627\u0644\u064a\u0629. [&hellip;]<\/p>\n","protected":false},"featured_media":24180,"template":"","meta":[],"pwb-brand":[1412],"product_brand":[],"product_cat":[1126,1128],"product_tag":[1384,679,697],"class_list":{"0":"post-24176","1":"product","2":"type-product","3":"status-publish","4":"has-post-thumbnail","6":"pwb-brand-purito","7":"product_cat-eyes-moist","8":"product_cat-eyes-lift","9":"product_tag-1384","10":"product_tag-darkcircles","11":"product_tag-moisturizing","13":"first","14":"outofstock","15":"shipping-taxable","16":"product-type-variable","17":"has-default-attributes","18":"wvs-archive-product-wrapper"},"brands":[{"id":1412,"name":"Burrito","slug":"purito"}],"_links":{"self":[{"href":"https:\/\/gopinkish.com\/fr\/wp-json\/wp\/v2\/product\/24176","targetHints":{"allow":["GET"]}}],"collection":[{"href":"https:\/\/gopinkish.com\/fr\/wp-json\/wp\/v2\/product"}],"about":[{"href":"https:\/\/gopinkish.com\/fr\/wp-json\/wp\/v2\/types\/product"}],"wp:featuredmedia":[{"embeddable":true,"href":"https:\/\/gopinkish.com\/fr\/wp-json\/wp\/v2\/media\/24180"}],"wp:attachment":[{"href":"https:\/\/gopinkish.com\/fr\/wp-json\/wp\/v2\/media?parent=24176"}],"wp:term":[{"taxonomy":"pwb-brand","embeddable":true,"href":"https:\/\/gopinkish.com\/fr\/wp-json\/wp\/v2\/pwb-brand?post=24176"},{"taxonomy":"product_brand","embeddable":true,"href":"https:\/\/gopinkish.com\/fr\/wp-json\/wp\/v2\/product_brand?post=24176"},{"taxonomy":"product_cat","embeddable":true,"href":"https:\/\/gopinkish.com\/fr\/wp-json\/wp\/v2\/product_cat?post=24176"},{"taxonomy":"product_tag","embeddable":true,"href":"https:\/\/gopinkish.com\/fr\/wp-json\/wp\/v2\/product_tag?post=24176"}],"curies":[{"name":"wp","href":"https:\/\/api.w.org\/{rel}","templated":true}]}}